{"id":43661,"date":"2024-03-15T08:26:18","date_gmt":"2024-03-15T08:26:18","guid":{"rendered":"https:\/\/tableo.com\/stranka-podpory\/"},"modified":"2026-02-16T10:07:30","modified_gmt":"2026-02-16T10:07:30","slug":"podpora","status":"publish","type":"page","link":"https:\/\/tableo.com\/cs\/podpora\/","title":{"rendered":"Str\u00e1nka podpory"},"content":{"rendered":"\t\t<div data-elementor-type=\"wp-page\" data-elementor-id=\"43661\" class=\"elementor elementor-43661 elementor-39199\" data-elementor-post-type=\"page\">\n\t\t\t\t\t\t<section class=\"elementor-section elementor-top-section elementor-element elementor-element-790a67d6 elementor-section-boxed elementor-section-height-default elementor-section-height-default\" data-id=\"790a67d6\" data-element_type=\"section\" data-settings=\"{&quot;background_background&quot;:&quot;classic&quot;}\">\n\t\t\t\t\t\t<div class=\"elementor-container elementor-column-gap-default\">\n\t\t\t\t\t<div class=\"elementor-column elementor-col-50 elementor-top-column elementor-element elementor-element-478015b3\" data-id=\"478015b3\" data-element_type=\"column\">\n\t\t\t<div class=\"elementor-widget-wrap elementor-element-populated\">\n\t\t\t\t\t\t<div class=\"elementor-element elementor-element-5440e9e6 elementor-widget elementor-widget-text-editor\" data-id=\"5440e9e6\" data-element_type=\"widget\" data-widget_type=\"text-editor.default\">\n\t\t\t\t<div class=\"elementor-widget-container\">\n\t\t\t\t\t\t\t\t\t<h1 style=\"color: white;\">Individu\u00e1ln\u00ed podpora na ka\u017ed\u00e9m kroku<\/h1>\n<p style=\"font-size: 20px;\">Mluv\u00edme va\u0161\u00edm jazykem. Jsme tu pro v\u00e1s, a\u0165 u\u017e jde o rychlou opravu nebo p\u0159\u00e1telsk\u00fd rozhovor. <\/p>\t\t\t\t\t\t\t\t<\/div>\n\t\t\t\t<\/div>\n\t\t<div class=\"elementor-element elementor-element-3de75614 e-flex e-con-boxed e-con e-parent\" data-id=\"3de75614\" data-element_type=\"container\">\n\t\t\t\t\t<div class=\"e-con-inner\">\n\t\t\t\t<div class=\"elementor-element elementor-element-10f42935 elementor-hidden-tablet elementor-hidden-mobile elementor-widget elementor-widget-image\" data-id=\"10f42935\" data-element_type=\"widget\" data-widget_type=\"image.default\">\n\t\t\t\t<div class=\"elementor-widget-container\">\n\t\t\t\t\t\t\t\t\t\t\t\t\t\t\t<img decoding=\"async\" src=\"https:\/\/tableo.com\/wp-content\/uploads\/elementor\/thumbs\/slashdot-badge-r2r5g06a7z912ywdygx6q2fgvr5umbjq7lw2w4q3a8.png\" title=\"slashdot-badge\" alt=\"slashdot-badge\" loading=\"lazy\" \/>\t\t\t\t\t\t\t\t\t\t\t\t\t\t\t<\/div>\n\t\t\t\t<\/div>\n\t\t\t\t<div class=\"elementor-element elementor-element-289e558a elementor-widget elementor-widget-image\" data-id=\"289e558a\" data-element_type=\"widget\" data-widget_type=\"image.default\">\n\t\t\t\t<div class=\"elementor-widget-container\">\n\t\t\t\t\t\t\t\t\t\t\t\t\t\t\t<img decoding=\"async\" src=\"https:\/\/tableo.com\/wp-content\/uploads\/elementor\/thumbs\/source-forge-badge-r2r5etvjofn4kilttgmz3v3q5eybzxvt1sj8aogt28.png\" title=\"source-forge-badge\" alt=\"source-forge-badge\" loading=\"lazy\" \/>\t\t\t\t\t\t\t\t\t\t\t\t\t\t\t<\/div>\n\t\t\t\t<\/div>\n\t\t\t\t<div class=\"elementor-element elementor-element-5504843 elementor-widget elementor-widget-image\" data-id=\"5504843\" data-element_type=\"widget\" data-widget_type=\"image.default\">\n\t\t\t\t<div class=\"elementor-widget-container\">\n\t\t\t\t\t\t\t\t\t\t\t\t\t\t\t<img decoding=\"async\" src=\"https:\/\/tableo.com\/wp-content\/uploads\/elementor\/thumbs\/capterra-badge-e1741787477353-r2r5htyzr5i0h4fj3u0a5xjlm97w9zxwgig4s103f8.png\" title=\"capterra-badge\" alt=\"capterra-badge\" loading=\"lazy\" \/>\t\t\t\t\t\t\t\t\t\t\t\t\t\t\t<\/div>\n\t\t\t\t<\/div>\n\t\t\t\t<div class=\"elementor-element elementor-element-5af05f44 elementor-widget elementor-widget-image\" data-id=\"5af05f44\" data-element_type=\"widget\" data-widget_type=\"image.default\">\n\t\t\t\t<div class=\"elementor-widget-container\">\n\t\t\t\t\t\t\t\t\t\t\t\t\t\t\t<img decoding=\"async\" src=\"https:\/\/tableo.com\/wp-content\/uploads\/elementor\/thumbs\/software-advice-badge-e1741787524679-r2r5j25eod6j2cv256t7x0pd5xnubduo2qaloc8n16.png\" title=\"software-advice-badge\" alt=\"software-advice-badge\" loading=\"lazy\" \/>\t\t\t\t\t\t\t\t\t\t\t\t\t\t\t<\/div>\n\t\t\t\t<\/div>\n\t\t\t\t\t<\/div>\n\t\t\t\t<\/div>\n\t\t\t\t\t<\/div>\n\t\t<\/div>\n\t\t\t\t<div class=\"elementor-column elementor-col-50 elementor-top-column elementor-element elementor-element-5fd03b02\" data-id=\"5fd03b02\" data-element_type=\"column\">\n\t\t\t<div class=\"elementor-widget-wrap elementor-element-populated\">\n\t\t\t\t\t\t<div class=\"elementor-element elementor-element-801af28 elementor-hidden-mobile elementor-widget elementor-widget-html\" data-id=\"801af28\" data-element_type=\"widget\" data-widget_type=\"html.default\">\n\t\t\t\t<div class=\"elementor-widget-container\">\n\t\t\t\t\t<script src=\"https:\/\/widget.senja.io\/widget\/dd55e8ea-1298-47f5-9053-764f34a2047d\/platform.js\" type=\"text\/javascript\" async><\/script>\r\n<div class=\"senja-embed\" data-id=\"dd55e8ea-1298-47f5-9053-764f34a2047d\" data-mode=\"shadow\" data-lazyload=\"false\" style=\"display: block; width: 100%;\"><\/div>\t\t\t\t<\/div>\n\t\t\t\t<\/div>\n\t\t\t\t\t<\/div>\n\t\t<\/div>\n\t\t\t\t\t<\/div>\n\t\t<\/section>\n\t\t\t\t<section class=\"elementor-section elementor-top-section elementor-element elementor-element-3baabef elementor-section-boxed elementor-section-height-default elementor-section-height-default\" data-id=\"3baabef\" data-element_type=\"section\">\n\t\t\t\t\t\t<div class=\"elementor-container elementor-column-gap-default\">\n\t\t\t\t\t<div class=\"elementor-column elementor-col-100 elementor-top-column elementor-element elementor-element-e32c79d\" data-id=\"e32c79d\" data-element_type=\"column\">\n\t\t\t<div class=\"elementor-widget-wrap elementor-element-populated\">\n\t\t\t\t\t\t<div class=\"elementor-element elementor-element-97d6f1f elementor-widget elementor-widget-text-editor\" data-id=\"97d6f1f\" data-element_type=\"widget\" data-widget_type=\"text-editor.default\">\n\t\t\t\t<div class=\"elementor-widget-container\">\n\t\t\t\t\t\t\t\t\t<h2>Jedine\u010dn\u00e1 podpora za v\u0161ech okolnost\u00ed<\/h2>\t\t\t\t\t\t\t\t<\/div>\n\t\t\t\t<\/div>\n\t\t\t\t\t<\/div>\n\t\t<\/div>\n\t\t\t\t\t<\/div>\n\t\t<\/section>\n\t\t\t\t<section class=\"elementor-section elementor-top-section elementor-element elementor-element-4bf2fb1 elementor-section-boxed elementor-section-height-default elementor-section-height-default\" data-id=\"4bf2fb1\" data-element_type=\"section\">\n\t\t\t\t\t\t<div class=\"elementor-container elementor-column-gap-default\">\n\t\t\t\t\t<div class=\"elementor-column elementor-col-50 elementor-top-column elementor-element elementor-element-7b856f4\" data-id=\"7b856f4\" data-element_type=\"column\">\n\t\t\t<div class=\"elementor-widget-wrap elementor-element-populated\">\n\t\t\t\t\t\t<div class=\"elementor-element elementor-element-0613514 elementor-widget elementor-widget-text-editor\" data-id=\"0613514\" data-element_type=\"widget\" data-widget_type=\"text-editor.default\">\n\t\t\t\t<div class=\"elementor-widget-container\">\n\t\t\t\t\t\t\t\t\t<ul><li><p>Slibujeme, \u017ee p\u0159i vol\u00e1n\u00ed k n\u00e1m nebudete muset \u010dekat ve front\u011b ani ma\u010dkat spoustu tla\u010d\u00edtek.<\/p><\/li><li><p>Va\u0161e e-maily neskon\u010d\u00ed v propadli\u0161ti doru\u010den\u00e9 po\u0161ty, abyste je u\u017e nikdy nevid\u011bli a nesly\u0161eli o nich.<\/p><\/li><li><p>Jsme odhodl\u00e1ni poskytovat vynikaj\u00edc\u00ed slu\u017eby, kter\u00e9 bychom o\u010dek\u00e1vali sami od sebe &#8211; od va\u0161eho prvn\u00edho dotazu a\u017e po va\u0161e 10. v\u00fdro\u010d\u00ed a d\u00e1le!<\/p><\/li><li><p>A\u0165 u\u017e provozujete \u00fatulnou rodinnou restauraci, nebo rozs\u00e1hl\u00fd <a href=\"https:\/\/tableo.com\/cs\/reseni\/hotelove-restaurace\/\">podnik s mnoha \u0159et\u011bzci<\/a>, jsme tu pro v\u00e1s.<\/p><\/li><\/ul>\t\t\t\t\t\t\t\t<\/div>\n\t\t\t\t<\/div>\n\t\t\t\t\t<\/div>\n\t\t<\/div>\n\t\t\t\t<div class=\"elementor-column elementor-col-50 elementor-top-column elementor-element elementor-element-7730d68\" data-id=\"7730d68\" data-element_type=\"column\">\n\t\t\t<div class=\"elementor-widget-wrap elementor-element-populated\">\n\t\t\t\t\t\t<div class=\"elementor-element elementor-element-daf143e elementor-widget__width-initial elementor-widget elementor-widget-image\" data-id=\"daf143e\" data-element_type=\"widget\" data-widget_type=\"image.default\">\n\t\t\t\t<div class=\"elementor-widget-container\">\n\t\t\t\t\t\t\t\t\t\t\t\t\t\t\t<img fetchpriority=\"high\" decoding=\"async\" width=\"1654\" height=\"1654\" src=\"https:\/\/tableo.com\/wp-content\/uploads\/customer-support.webp\" class=\"attachment-large size-large wp-image-67493\" alt=\"customer support\" srcset=\"https:\/\/tableo.com\/wp-content\/uploads\/customer-support.webp 1654w, https:\/\/tableo.com\/wp-content\/uploads\/customer-support-400x400.webp 400w, https:\/\/tableo.com\/wp-content\/uploads\/customer-support-768x768.webp 768w, https:\/\/tableo.com\/wp-content\/uploads\/customer-support-1536x1536.webp 1536w, https:\/\/tableo.com\/wp-content\/uploads\/customer-support-150x150.webp 150w, https:\/\/tableo.com\/wp-content\/uploads\/customer-support-70x70.webp 70w\" sizes=\"(max-width: 1654px) 100vw, 1654px\" title=\"customersupport | Tableo\" \/>\t\t\t\t\t\t\t\t\t\t\t\t\t\t\t<\/div>\n\t\t\t\t<\/div>\n\t\t\t\t\t<\/div>\n\t\t<\/div>\n\t\t\t\t\t<\/div>\n\t\t<\/section>\n\t\t\t\t<section class=\"elementor-section elementor-top-section elementor-element elementor-element-1761f78 elementor-section-boxed elementor-section-height-default elementor-section-height-default\" data-id=\"1761f78\" data-element_type=\"section\" data-settings=\"{&quot;background_background&quot;:&quot;classic&quot;}\">\n\t\t\t\t\t\t<div class=\"elementor-container elementor-column-gap-default\">\n\t\t\t\t\t<div class=\"elementor-column elementor-col-100 elementor-top-column elementor-element elementor-element-05d7d62\" data-id=\"05d7d62\" data-element_type=\"column\">\n\t\t\t<div class=\"elementor-widget-wrap elementor-element-populated\">\n\t\t\t\t\t\t<div class=\"elementor-element elementor-element-8890f3c elementor-widget elementor-widget-text-editor\" data-id=\"8890f3c\" data-element_type=\"widget\" data-widget_type=\"text-editor.default\">\n\t\t\t\t<div class=\"elementor-widget-container\">\n\t\t\t\t\t\t\t\t\t<h2>Z\u00e1kaznick\u00e1 podpora<\/h2>\n\t\t\t\t\t\t\t\t<\/div>\n\t\t\t\t<\/div>\n\t\t\t\t<div class=\"elementor-element elementor-element-d2d2592 elementor-widget elementor-widget-text-editor\" data-id=\"d2d2592\" data-element_type=\"widget\" data-widget_type=\"text-editor.default\">\n\t\t\t\t<div class=\"elementor-widget-container\">\n\t\t\t\t\t\t\t\t\t<p>U\u017e pou\u017e\u00edv\u00e1te na\u0161e produkty a pot\u0159ebujete pomoci s n\u011bjak\u00fdm probl\u00e9mem? Nebo se chcete dozv\u011bd\u011bt, jak co nejl\u00e9pe vyu\u017e\u00edt v\u0161echny funkce a v\u00fdhody aplikace Tableo? Chatujte s n\u00e1mi!<\/p>\t\t\t\t\t\t\t\t<\/div>\n\t\t\t\t<\/div>\n\t\t\t\t\t<\/div>\n\t\t<\/div>\n\t\t\t\t\t<\/div>\n\t\t<\/section>\n\t\t\t\t<section class=\"elementor-section elementor-top-section elementor-element elementor-element-8c4ae23 elementor-section-boxed elementor-section-height-default elementor-section-height-default\" data-id=\"8c4ae23\" data-element_type=\"section\" data-settings=\"{&quot;background_background&quot;:&quot;classic&quot;}\">\n\t\t\t\t\t\t<div class=\"elementor-container elementor-column-gap-default\">\n\t\t\t\t\t<div class=\"elementor-column elementor-col-25 elementor-top-column elementor-element elementor-element-00a5208\" data-id=\"00a5208\" data-element_type=\"column\">\n\t\t\t<div class=\"elementor-widget-wrap elementor-element-populated\">\n\t\t\t\t\t\t<div class=\"elementor-element elementor-element-f34555e elementor-widget elementor-widget-monst-icon-box-v1\" data-id=\"f34555e\" data-element_type=\"widget\" data-widget_type=\"monst-icon-box-v1.default\">\n\t\t\t\t<div class=\"elementor-widget-container\">\n\t\t\t\t\t\r\n\r\n<div class=\"icon_simple_box two wow animate__animated animate__fadeInUp\"\r\n    data-wow-delay=\"0\">\r\n            <div class=\"icon_bx\">\r\n            <i class=\"fa fab fas  icon-question\"><\/i>\r\n        <\/div>\r\n      <div class=\"content_box\">\r\n            <h3 class=\"font-heading\">  \r\n            <a href=\"https:\/\/faq.tableo.com\/cs\/support\/solutions\/\"  > \r\n                Nav\u0161tivte na\u0161i datab\u00e1zi            <\/a>\r\n        <\/h3>\r\n                        <p><p> Zde najdete u\u017eite\u010dn\u00e9 \u010dasto kladen\u00e9 ot\u00e1zky a n\u00e1vody, kter\u00e9 v\u00e1m pomohou Tableo co nejl\u00e9pe vyu\u017e\u00edt.\n<p><br>\n<a href=\"https:\/\/faq.tableo.com\/cs\/support\/solutions\/\">na\u0161e datab\u00e1ze \u010dasto kladen\u00fdch ot\u00e1zek<\/a>\n<p><br><\/p>\r\n                    <\/div>\r\n<\/div>\r\n\r\n\r\n\r\n\r\n\t\t\t\t<\/div>\n\t\t\t\t<\/div>\n\t\t\t\t\t<\/div>\n\t\t<\/div>\n\t\t\t\t<div class=\"elementor-column elementor-col-25 elementor-top-column elementor-element elementor-element-e6d8b8d\" data-id=\"e6d8b8d\" data-element_type=\"column\">\n\t\t\t<div class=\"elementor-widget-wrap elementor-element-populated\">\n\t\t\t\t\t\t<div class=\"elementor-element elementor-element-767a4cd elementor-widget elementor-widget-monst-icon-box-v1\" data-id=\"767a4cd\" data-element_type=\"widget\" data-widget_type=\"monst-icon-box-v1.default\">\n\t\t\t\t<div class=\"elementor-widget-container\">\n\t\t\t\t\t\r\n\r\n<div class=\"icon_simple_box two wow animate__animated animate__fadeInUp\"\r\n    data-wow-delay=\"0\">\r\n            <div class=\"icon_bx\">\r\n            <i class=\"fa fab fas  icon-support-1\"><\/i>\r\n        <\/div>\r\n      <div class=\"content_box\">\r\n            <h3 class=\"font-heading\">  \r\n            <a href=\"\"  > \r\n                <a class=\"chat-btn\">chatujte s n\u00e1mi v jak\u00e9mkoliv jazyce<\/a>            <\/a>\r\n        <\/h3>\r\n                        <p><p> \n9:00 - 19:30 Pon-P\u00e1                                 \n10:30-19:00 Sobota\n<p><br>\n<a class=\"chat-btn\">Chatujte s n\u00e1mi<\/a><\/span>\n<br><br>\n<\/p>\r\n                    <\/div>\r\n<\/div>\r\n\r\n\r\n\r\n\r\n\t\t\t\t<\/div>\n\t\t\t\t<\/div>\n\t\t\t\t\t<\/div>\n\t\t<\/div>\n\t\t\t\t<div class=\"elementor-column elementor-col-25 elementor-top-column elementor-element elementor-element-59b2b57\" data-id=\"59b2b57\" data-element_type=\"column\">\n\t\t\t<div class=\"elementor-widget-wrap elementor-element-populated\">\n\t\t\t\t\t\t<div class=\"elementor-element elementor-element-d2a31ed elementor-widget elementor-widget-monst-icon-box-v1\" data-id=\"d2a31ed\" data-element_type=\"widget\" data-widget_type=\"monst-icon-box-v1.default\">\n\t\t\t\t<div class=\"elementor-widget-container\">\n\t\t\t\t\t\r\n\r\n<div class=\"icon_simple_box two wow animate__animated animate__fadeInUp\"\r\n    data-wow-delay=\"0\">\r\n            <div class=\"icon_bx\">\r\n            <i class=\"fa fab fas  icon-think\"><\/i>\r\n        <\/div>\r\n      <div class=\"content_box\">\r\n            <h3 class=\"font-heading\">  \r\n            <a href=\"https:\/\/faq.tableo.com\/cs\/support\/tickets\/new\"  > \r\n                Vytvo\u0159te po\u017eadavek na podporu            <\/a>\r\n        <\/h3>\r\n                        <p><p> Narazili jste na chybu nebo nem\u016f\u017eete naj\u00edt, co hled\u00e1te? Vy\u0159\u00edd\u00edme to b\u011bhem chvilky.\n<p><br>\n<a href=\"https:\/\/faq.tableo.com\/cs\/support\/tickets\/new \">Po\u017eadavky na technickou podporu<\/a>\n<p><br><\/p>\r\n                    <\/div>\r\n<\/div>\r\n\r\n\r\n\r\n\r\n\t\t\t\t<\/div>\n\t\t\t\t<\/div>\n\t\t\t\t\t<\/div>\n\t\t<\/div>\n\t\t\t\t<div class=\"elementor-column elementor-col-25 elementor-top-column elementor-element elementor-element-e11c24b\" data-id=\"e11c24b\" data-element_type=\"column\">\n\t\t\t<div class=\"elementor-widget-wrap elementor-element-populated\">\n\t\t\t\t\t\t<div class=\"elementor-element elementor-element-96ec02b elementor-widget elementor-widget-monst-icon-box-v1\" data-id=\"96ec02b\" data-element_type=\"widget\" data-widget_type=\"monst-icon-box-v1.default\">\n\t\t\t\t<div class=\"elementor-widget-container\">\n\t\t\t\t\t\r\n\r\n<div class=\"icon_simple_box two wow animate__animated animate__fadeInUp\"\r\n    data-wow-delay=\"0\">\r\n            <div class=\"icon_bx\">\r\n            <i class=\"fa fab fas  icon-phone-call4\"><\/i>\r\n        <\/div>\r\n      <div class=\"content_box\">\r\n            <h3 class=\"font-heading\">  \r\n            <a href=\"\"  > \r\n                promluvte si s \u010dlov\u011bkem            <\/a>\r\n        <\/h3>\r\n                        <p>Ch\u00e1peme to, n\u011bkter\u00e9 v\u011bci se l\u00e9pe vysv\u011btluj\u00ed po telefonu s opravdov\u00fdm \u010dlov\u011bkem<\/p>\n<br>\n\n  <div class=\"phone-list\">\n    <div>Malta: <a href=\"tel:+35620330096\">+356 2033 0096<\/a><\/div>\n    <div>UK: <a href=\"tel:+448451543698\">+44 845 154 3698<\/a><\/div>\n    <div>USA: <a href=\"tel:+14152313696\">+1 (415) 231 3696<\/a><\/div><\/p>\r\n                    <\/div>\r\n<\/div>\r\n\r\n\r\n\r\n\r\n\t\t\t\t<\/div>\n\t\t\t\t<\/div>\n\t\t\t\t\t<\/div>\n\t\t<\/div>\n\t\t\t\t\t<\/div>\n\t\t<\/section>\n\t\t\t\t<section class=\"elementor-section elementor-top-section elementor-element elementor-element-3f097d7 elementor-section-boxed elementor-section-height-default elementor-section-height-default\" data-id=\"3f097d7\" data-element_type=\"section\" data-settings=\"{&quot;background_background&quot;:&quot;classic&quot;}\">\n\t\t\t\t\t\t<div class=\"elementor-container elementor-column-gap-default\">\n\t\t\t\t\t<div class=\"elementor-column elementor-col-100 elementor-top-column elementor-element elementor-element-04e9d88\" data-id=\"04e9d88\" data-element_type=\"column\">\n\t\t\t<div class=\"elementor-widget-wrap elementor-element-populated\">\n\t\t\t\t\t\t<div class=\"elementor-element elementor-element-60cf291 elementor-widget elementor-widget-text-editor\" data-id=\"60cf291\" data-element_type=\"widget\" data-widget_type=\"text-editor.default\">\n\t\t\t\t<div class=\"elementor-widget-container\">\n\t\t\t\t\t\t\t\t\t<h2>Podpora prodeje<\/h2>\n\t\t\t\t\t\t\t\t<\/div>\n\t\t\t\t<\/div>\n\t\t\t\t<div class=\"elementor-element elementor-element-84c1988 elementor-widget elementor-widget-text-editor\" data-id=\"84c1988\" data-element_type=\"widget\" data-widget_type=\"text-editor.default\">\n\t\t\t\t<div class=\"elementor-widget-container\">\n\t\t\t\t\t\t\t\t\t<p>M\u00e1te dotazy k produktu nebo cen\u00e1m, nebo n\u00e1s chcete jen pozdravit? N\u00e1\u0161 specializovan\u00fd t\u00fdm je pravideln\u011b \u0161kolen, aby v\u00e1m mohl poskytnout v\u0161echny pot\u0159ebn\u00e9 odpov\u011bdi! Nesty\u010fte se, slibujeme, \u017ee jsme opravdu mil\u00ed.<span style=\"font-weight: var( --e-global-typography-text-font-weight ); color: var(--text-color-dark);\">\ud83d\ude42<\/span><\/p>\t\t\t\t\t\t\t\t<\/div>\n\t\t\t\t<\/div>\n\t\t\t\t\t<\/div>\n\t\t<\/div>\n\t\t\t\t\t<\/div>\n\t\t<\/section>\n\t\t\t\t<section class=\"elementor-section elementor-top-section elementor-element elementor-element-0c18bc5 elementor-section-boxed elementor-section-height-default elementor-section-height-default\" data-id=\"0c18bc5\" data-element_type=\"section\" data-settings=\"{&quot;background_background&quot;:&quot;classic&quot;}\">\n\t\t\t\t\t\t<div class=\"elementor-container elementor-column-gap-default\">\n\t\t\t\t\t<div class=\"elementor-column elementor-col-50 elementor-top-column elementor-element elementor-element-b7ffc19\" data-id=\"b7ffc19\" data-element_type=\"column\">\n\t\t\t<div class=\"elementor-widget-wrap elementor-element-populated\">\n\t\t\t\t\t\t<div class=\"elementor-element elementor-element-3a876b0 elementor-widget elementor-widget-monst-icon-box-v1\" data-id=\"3a876b0\" data-element_type=\"widget\" data-widget_type=\"monst-icon-box-v1.default\">\n\t\t\t\t<div class=\"elementor-widget-container\">\n\t\t\t\t\t\r\n\r\n<div class=\"icon_simple_box two wow animate__animated animate__fadeInUp\"\r\n    data-wow-delay=\"0\">\r\n            <div class=\"icon_bx\">\r\n            <i class=\"fa fab fas  icon-calendar1\"><\/i>\r\n        <\/div>\r\n      <div class=\"content_box\">\r\n            <h3 class=\"font-heading\">  \r\n            <a href=\"https:\/\/calendly.com\/meetings-tableo\/demo?utm_source=website&#038;utm_medium=page&#038;utm_campaign=book-demo-meeting\"  > \r\n                Rezervace sch\u016fzky            <\/a>\r\n        <\/h3>\r\n                        <p><p>Vyhodnocujete produkt a m\u00e1te ot\u00e1zky, na kter\u00e9 pot\u0159ebujete odpov\u011bdi? Domluvte si sch\u016fzku s \u010dlenem na\u0161eho obchodn\u00edho t\u00fdmu \u2013 najdeme pro v\u00e1s ten nejlep\u0161\u00ed pl\u00e1n.\n<p><br>\n<a href=\"https:\/\/calendly.com\/meetings-tableo\/demo?utm_source=website&amp;utm_medium=page&amp;utm_campaign=book-demo-meeting\">Zarezervujte si sch\u016fzku<\/a><\/p>\r\n                    <\/div>\r\n<\/div>\r\n\r\n\r\n\r\n\r\n\t\t\t\t<\/div>\n\t\t\t\t<\/div>\n\t\t\t\t\t<\/div>\n\t\t<\/div>\n\t\t\t\t<div class=\"elementor-column elementor-col-50 elementor-top-column elementor-element elementor-element-e032b2d\" data-id=\"e032b2d\" data-element_type=\"column\">\n\t\t\t<div class=\"elementor-widget-wrap elementor-element-populated\">\n\t\t\t\t\t\t<div class=\"elementor-element elementor-element-0ad119a elementor-widget elementor-widget-monst-icon-box-v1\" data-id=\"0ad119a\" data-element_type=\"widget\" data-widget_type=\"monst-icon-box-v1.default\">\n\t\t\t\t<div class=\"elementor-widget-container\">\n\t\t\t\t\t\r\n\r\n<div class=\"icon_simple_box two wow animate__animated animate__fadeInUp\"\r\n    data-wow-delay=\"0\">\r\n            <div class=\"icon_bx\">\r\n            <i class=\"fa fab fas  icon-phone-call4\"><\/i>\r\n        <\/div>\r\n      <div class=\"content_box\">\r\n            <h3 class=\"font-heading\">  \r\n            <a href=\"\"  > \r\n                Zavolejte n\u00e1m            <\/a>\r\n        <\/h3>\r\n                        <p><p>Pro cokoli dal\u0161\u00edho, nebo jen abyste n\u00e1s pozdravili, zavolejte n\u00e1m na:<\/p>\n<br>\n<div style=\"flex-direction: column;gap: 6px;max-width: 600px\">\n  <div>Malta: <a href=\"tel:+35620330096\">+356 2033 0096<\/a><\/div>\n  <div>UK: <a href=\"tel:+448451543698\">+44 845 154 3698<\/a><\/div>\n  <div>USA: <a href=\"tel:+14152313696\">+1 (415) 231 3696<\/a><\/div>\n<\/div><\/p>\r\n                    <\/div>\r\n<\/div>\r\n\r\n\r\n\r\n\r\n\t\t\t\t<\/div>\n\t\t\t\t<\/div>\n\t\t\t\t\t<\/div>\n\t\t<\/div>\n\t\t\t\t\t<\/div>\n\t\t<\/section>\n\t\t\t\t<\/div>\n\t\t","protected":false},"excerpt":{"rendered":"<p>Individu\u00e1ln\u00ed podpora na ka\u017ed\u00e9m kroku Mluv\u00edme va\u0161\u00edm jazykem. Jsme tu pro v\u00e1s, a\u0165 u\u017e jde o rychlou opravu nebo p\u0159\u00e1telsk\u00fd rozhovor. Jedine\u010dn\u00e1 podpora za v\u0161ech okolnost\u00ed Slibujeme, \u017ee p\u0159i vol\u00e1n\u00ed k n\u00e1m nebudete muset \u010dekat ve front\u011b ani ma\u010dkat spoustu tla\u010d\u00edtek. Va\u0161e e-maily neskon\u010d\u00ed v propadli\u0161ti doru\u010den\u00e9 po\u0161ty, abyste je u\u017e nikdy nevid\u011bli a nesly\u0161eli [&hellip;]<\/p>\n","protected":false},"author":28,"featured_media":0,"parent":0,"menu_order":0,"comment_status":"closed","ping_status":"closed","template":"template-fullwidth.php","meta":{"footnotes":""},"class_list":["post-43661","page","type-page","status-publish","hentry"],"aioseo_notices":[],"_links":{"self":[{"href":"https:\/\/tableo.com\/cs\/wp-json\/wp\/v2\/pages\/43661","targetHints":{"allow":["GET"]}}],"collection":[{"href":"https:\/\/tableo.com\/cs\/wp-json\/wp\/v2\/pages"}],"about":[{"href":"https:\/\/tableo.com\/cs\/wp-json\/wp\/v2\/types\/page"}],"author":[{"embeddable":true,"href":"https:\/\/tableo.com\/cs\/wp-json\/wp\/v2\/users\/28"}],"replies":[{"embeddable":true,"href":"https:\/\/tableo.com\/cs\/wp-json\/wp\/v2\/comments?post=43661"}],"version-history":[{"count":91,"href":"https:\/\/tableo.com\/cs\/wp-json\/wp\/v2\/pages\/43661\/revisions"}],"predecessor-version":[{"id":118302,"href":"https:\/\/tableo.com\/cs\/wp-json\/wp\/v2\/pages\/43661\/revisions\/118302"}],"wp:attachment":[{"href":"https:\/\/tableo.com\/cs\/wp-json\/wp\/v2\/media?parent=43661"}],"curies":[{"name":"wp","href":"https:\/\/api.w.org\/{rel}","templated":true}]}}