{"id":49945,"date":"2024-06-26T08:30:43","date_gmt":"2024-06-26T08:30:43","guid":{"rendered":"https:\/\/tableo.com\/1-e-za-obalku-pro-rezervaci-s-googlem-je-prilis-mnoho\/"},"modified":"2025-07-01T11:02:36","modified_gmt":"2025-07-01T11:02:36","slug":"rezerva-s-google-roi","status":"publish","type":"page","link":"https:\/\/tableo.com\/cs\/rezerva-s-google-roi\/","title":{"rendered":"&#8220;1 \u20ac za ob\u00e1lku pro rezervaci s Googlem je p\u0159\u00edli\u0161 mnoho!&#8221;"},"content":{"rendered":"\t\t<div data-elementor-type=\"wp-page\" data-elementor-id=\"49945\" class=\"elementor elementor-49945 elementor-49711\" data-elementor-post-type=\"page\">\n\t\t\t\t\t\t<section class=\"elementor-section elementor-top-section elementor-element elementor-element-30f1aef elementor-section-boxed elementor-section-height-default elementor-section-height-default\" data-id=\"30f1aef\" data-element_type=\"section\">\n\t\t\t\t\t\t<div class=\"elementor-container elementor-column-gap-default\">\n\t\t\t\t\t<div class=\"elementor-column elementor-col-100 elementor-top-column elementor-element elementor-element-738a79c\" data-id=\"738a79c\" data-element_type=\"column\">\n\t\t\t<div class=\"elementor-widget-wrap elementor-element-populated\">\n\t\t\t\t\t\t<div class=\"elementor-element elementor-element-5fc9ae3 elementor-widget elementor-widget-monst-title-v1\" data-id=\"5fc9ae3\" data-element_type=\"widget\" data-widget_type=\"monst-title-v1.default\">\n\t\t\t\t<div class=\"elementor-widget-container\">\n\t\t\t\t\t                    <div class=\"section_title type_one\">\r\n                                        <div class=\"title_whole\">\r\n                    <h1 class=\"title\"> \"1 Euro za hosta skrze\"Rezervace p\u0159es Google\" je p\u0159\u00edli\u0161 mnoho!\"  <\/h1>\r\n                    \r\n                <\/div>\r\n                                        <p> \n<\/p>\r\n                    <\/div>\r\n            \r\n\r\n    \t\t\t\t<\/div>\n\t\t\t\t<\/div>\n\t\t\t\t\t<\/div>\n\t\t<\/div>\n\t\t\t\t\t<\/div>\n\t\t<\/section>\n\t\t\t\t<section class=\"elementor-section elementor-top-section elementor-element elementor-element-b51a9da elementor-section-content-middle elementor-section-boxed elementor-section-height-default elementor-section-height-default\" data-id=\"b51a9da\" data-element_type=\"section\">\n\t\t\t\t\t\t<div class=\"elementor-container elementor-column-gap-default\">\n\t\t\t\t\t<div class=\"elementor-column elementor-col-100 elementor-top-column elementor-element elementor-element-a25d39d\" data-id=\"a25d39d\" data-element_type=\"column\">\n\t\t\t<div class=\"elementor-widget-wrap elementor-element-populated\">\n\t\t\t\t\t\t<div class=\"elementor-element elementor-element-8cecf75 elementor-widget elementor-widget-text-editor\" data-id=\"8cecf75\" data-element_type=\"widget\" data-widget_type=\"text-editor.default\">\n\t\t\t\t<div class=\"elementor-widget-container\">\n\t\t\t\t\t\t\t\t\t<h2>Tady je d\u016fvod, pro\u010d se m\u00fdl\u00edte!<\/h2>\n\t\t\t\t\t\t\t\t<\/div>\n\t\t\t\t<\/div>\n\t\t\t\t\t<\/div>\n\t\t<\/div>\n\t\t\t\t\t<\/div>\n\t\t<\/section>\n\t\t\t\t<section class=\"elementor-section elementor-top-section elementor-element elementor-element-1808f60 elementor-section-boxed elementor-section-height-default elementor-section-height-default\" data-id=\"1808f60\" data-element_type=\"section\">\n\t\t\t\t\t\t<div class=\"elementor-container elementor-column-gap-default\">\n\t\t\t\t\t<div class=\"elementor-column elementor-col-100 elementor-top-column elementor-element elementor-element-7f52dfd\" data-id=\"7f52dfd\" data-element_type=\"column\">\n\t\t\t<div class=\"elementor-widget-wrap elementor-element-populated\">\n\t\t\t\t\t\t<div class=\"elementor-element elementor-element-90bf5b6 elementor-widget elementor-widget-text-editor\" data-id=\"90bf5b6\" data-element_type=\"widget\" data-widget_type=\"text-editor.default\">\n\t\t\t\t<div class=\"elementor-widget-container\">\n\t\t\t\t\t\t\t\t\t<p>Pou\u017eijte na\u0161i kalkula\u010dku n\u00e1vratnosti investic n\u00ed\u017ee a zjist\u011bte potenci\u00e1ln\u00ed zv\u00fd\u0161en\u00ed p\u0159\u00edjm\u016f va\u0161\u00ed restaurace. Sta\u010d\u00ed zadat pr\u016fm\u011brnou \u00fatratu na osobu a po\u010det host\u016f, kter\u00e9 chcete prost\u0159ednictv\u00edm Googlu p\u0159il\u00e1kat. Okam\u017eit\u011b uvid\u00edte nov\u00e9 p\u0159\u00edjmy, kter\u00e9 m\u016f\u017eete o\u010dek\u00e1vat, a n\u00e1vratnost sv\u00fdch investic.<\/p>\t\t\t\t\t\t\t\t<\/div>\n\t\t\t\t<\/div>\n\t\t\t\t\t<\/div>\n\t\t<\/div>\n\t\t\t\t\t<\/div>\n\t\t<\/section>\n\t\t\t\t<section class=\"elementor-section elementor-top-section elementor-element elementor-element-a398c8d elementor-section-boxed elementor-section-height-default elementor-section-height-default\" data-id=\"a398c8d\" data-element_type=\"section\" data-settings=\"{&quot;background_background&quot;:&quot;classic&quot;}\">\n\t\t\t\t\t\t<div class=\"elementor-container elementor-column-gap-default\">\n\t\t\t\t\t<div class=\"elementor-column elementor-col-100 elementor-top-column elementor-element elementor-element-1b4905b\" data-id=\"1b4905b\" data-element_type=\"column\">\n\t\t\t<div class=\"elementor-widget-wrap elementor-element-populated\">\n\t\t\t\t\t\t<div class=\"elementor-element elementor-element-b79a27d elementor-widget elementor-widget-html\" data-id=\"b79a27d\" data-element_type=\"widget\" data-widget_type=\"html.default\">\n\t\t\t\t<div class=\"elementor-widget-container\">\n\t\t\t\t\t<div class=\"calconic-calculator\"  data-calculatorid=\"667177d44eec57002a5daaf6\"><\/div>\r\n    <script>\r\n          (function() { var qs,j,q,s,d=document, gi=d.getElementById,\r\n  ce=d.createElement, gt=d.getElementsByTagName,\r\n  id=\"calconic_\", b=\"https:\/\/cdn.calconic.com\/static\/js\/\";\r\n  if(!gi.call(d,id)) { j=ce.call(d,\"script\"); j.id=id; j.type=\"text\/javascript\"; j.async=true;\r\n  j.dataset.calconic=true;\r\n  j.src=b+\"calconic.min.js\"; q=gt.call(d,\"script\")[0]; q.parentNode.insertBefore(j,q) }\r\n})();\r\n        <\/script>\r\n        \t\t\t\t<\/div>\n\t\t\t\t<\/div>\n\t\t\t\t\t<\/div>\n\t\t<\/div>\n\t\t\t\t\t<\/div>\n\t\t<\/section>\n\t\t\t\t<section class=\"elementor-section elementor-top-section elementor-element elementor-element-11310a5 elementor-section-boxed elementor-section-height-default elementor-section-height-default\" data-id=\"11310a5\" data-element_type=\"section\" data-settings=\"{&quot;background_background&quot;:&quot;classic&quot;}\">\n\t\t\t\t\t\t<div class=\"elementor-container elementor-column-gap-default\">\n\t\t\t\t\t<div class=\"elementor-column elementor-col-100 elementor-top-column elementor-element elementor-element-6a308ad\" data-id=\"6a308ad\" data-element_type=\"column\">\n\t\t\t<div class=\"elementor-widget-wrap elementor-element-populated\">\n\t\t\t\t\t\t<div class=\"elementor-element elementor-element-f191d76 elementor-widget elementor-widget-text-editor\" data-id=\"f191d76\" data-element_type=\"widget\" data-widget_type=\"text-editor.default\">\n\t\t\t\t<div class=\"elementor-widget-container\">\n\t\t\t\t\t\t\t\t\t<h3 style=\"color:white\">St\u00e1le nejste p\u0159esv\u011bd\u010deni?<\/h3>\n\t\t\t\t\t\t\t\t<\/div>\n\t\t\t\t<\/div>\n\t\t\t\t<div class=\"elementor-element elementor-element-4001bdc elementor-widget elementor-widget-text-editor\" data-id=\"4001bdc\" data-element_type=\"widget\" data-widget_type=\"text-editor.default\">\n\t\t\t\t<div class=\"elementor-widget-container\">\n\t\t\t\t\t\t\t\t\t<p>Vezm\u011bte si toto: <strong style=\"color: white;\">\u017d\u00e1dn\u00e9 jin\u00e9 marketingov\u00e9 nebo reklamn\u00ed m\u00e9dium nem\u016f\u017ee nab\u00eddnout takovou n\u00e1vratnost investic! <\/strong> <b><img decoding=\"async\" class=\"emoji\" role=\"img\" draggable=\"false\" src=\"https:\/\/s.w.org\/images\/core\/emoji\/15.0.3\/svg\/1f4b8.svg\" alt=\"\ud83d\udcb8\"><img decoding=\"async\" class=\"emoji\" role=\"img\" draggable=\"false\" src=\"https:\/\/s.w.org\/images\/core\/emoji\/15.0.3\/svg\/1f911.svg\" alt=\"\ud83e\udd11\"><img decoding=\"async\" class=\"emoji\" role=\"img\" draggable=\"false\" src=\"https:\/\/s.w.org\/images\/core\/emoji\/15.0.3\/svg\/1f4b0.svg\" alt=\"\ud83d\udcb0\"><\/b><\/p>\n\t\t\t\t\t\t\t\t<\/div>\n\t\t\t\t<\/div>\n\t\t\t\t\t<\/div>\n\t\t<\/div>\n\t\t\t\t\t<\/div>\n\t\t<\/section>\n\t\t\t\t<section class=\"elementor-section elementor-top-section elementor-element elementor-element-1edfb4b elementor-section-boxed elementor-section-height-default elementor-section-height-default\" data-id=\"1edfb4b\" data-element_type=\"section\" data-settings=\"{&quot;background_background&quot;:&quot;classic&quot;}\">\n\t\t\t\t\t\t<div class=\"elementor-container elementor-column-gap-default\">\n\t\t\t\t\t<div class=\"elementor-column elementor-col-100 elementor-top-column elementor-element elementor-element-0db0d9c\" data-id=\"0db0d9c\" data-element_type=\"column\">\n\t\t\t<div class=\"elementor-widget-wrap elementor-element-populated\">\n\t\t\t\t\t\t<div class=\"elementor-element elementor-element-2ce9394 elementor-widget elementor-widget-text-editor\" data-id=\"2ce9394\" data-element_type=\"widget\" data-widget_type=\"text-editor.default\">\n\t\t\t\t<div class=\"elementor-widget-container\">\n\t\t\t\t\t\t\t\t\t<h3>  V\u00fdhody t\u00edm nekon\u010d\u00ed\n\t\t\t\t\t\t\t\t<\/div>\n\t\t\t\t<\/div>\n\t\t\t\t\t<\/div>\n\t\t<\/div>\n\t\t\t\t\t<\/div>\n\t\t<\/section>\n\t\t\t\t<section class=\"elementor-section elementor-top-section elementor-element elementor-element-94c0336 elementor-section-boxed elementor-section-height-default elementor-section-height-default\" data-id=\"94c0336\" data-element_type=\"section\" data-settings=\"{&quot;background_background&quot;:&quot;classic&quot;}\">\n\t\t\t\t\t\t<div class=\"elementor-container elementor-column-gap-default\">\n\t\t\t\t\t<div class=\"elementor-column elementor-col-50 elementor-top-column elementor-element elementor-element-9b9b2dc\" data-id=\"9b9b2dc\" data-element_type=\"column\">\n\t\t\t<div class=\"elementor-widget-wrap elementor-element-populated\">\n\t\t\t\t\t\t<div class=\"elementor-element elementor-element-31c2c43 elementor-widget elementor-widget-text-editor\" data-id=\"31c2c43\" data-element_type=\"widget\" data-widget_type=\"text-editor.default\">\n\t\t\t\t<div class=\"elementor-widget-container\">\n\t\t\t\t\t\t\t\t\t<p>Slu\u017eba Rezervace p\u0159es Google v\u00e1m nejen pom\u016f\u017ee z\u00edskat nov\u00e9 z\u00e1kazn\u00edky, ale tak\u00e9 usnadn\u00ed proces rezervace pro va\u0161e klienty a p\u0159inese v\u00e1m dal\u0161\u00ed benefity <span style=\"font-family: arial, sans-serif;\">:<\/span><\/p>\t\t\t\t\t\t\t\t<\/div>\n\t\t\t\t<\/div>\n\t\t\t\t<div class=\"elementor-element elementor-element-9e053e3 elementor-position-left elementor-mobile-position-left elementor-view-default elementor-widget elementor-widget-icon-box\" data-id=\"9e053e3\" data-element_type=\"widget\" data-widget_type=\"icon-box.default\">\n\t\t\t\t<div class=\"elementor-widget-container\">\n\t\t\t\t\t\t\t<div class=\"elementor-icon-box-wrapper\">\n\n\t\t\t\t\t\t<div class=\"elementor-icon-box-icon\">\n\t\t\t\t<span  class=\"elementor-icon\">\n\t\t\t\t<i aria-hidden=\"true\" class=\"fas fa-eye\"><\/i>\t\t\t\t<\/span>\n\t\t\t<\/div>\n\t\t\t\n\t\t\t\t\t\t<div class=\"elementor-icon-box-content\">\n\n\t\t\t\t\n\t\t\t\t\t\t\t\t\t<p class=\"elementor-icon-box-description\">\n\t\t\t\t\t\t<span style=\"font-family: Montserrat\">Z\u00edsk\u00e1n\u00ed vy\u0161\u0161\u00ed viditelnosti ve vyhled\u00e1v\u00e1n\u00ed Google a Google Map\u00e1ch.\n<\/span>\t\t\t\t\t<\/p>\n\t\t\t\t\n\t\t\t<\/div>\n\t\t\t\n\t\t<\/div>\n\t\t\t\t\t\t<\/div>\n\t\t\t\t<\/div>\n\t\t\t\t<div class=\"elementor-element elementor-element-8389970 elementor-position-left elementor-mobile-position-left elementor-view-default elementor-widget elementor-widget-icon-box\" data-id=\"8389970\" data-element_type=\"widget\" data-widget_type=\"icon-box.default\">\n\t\t\t\t<div class=\"elementor-widget-container\">\n\t\t\t\t\t\t\t<div class=\"elementor-icon-box-wrapper\">\n\n\t\t\t\t\t\t<div class=\"elementor-icon-box-icon\">\n\t\t\t\t<span  class=\"elementor-icon\">\n\t\t\t\t<i aria-hidden=\"true\" class=\"fas fa-search-location\"><\/i>\t\t\t\t<\/span>\n\t\t\t<\/div>\n\t\t\t\n\t\t\t\t\t\t<div class=\"elementor-icon-box-content\">\n\n\t\t\t\t\n\t\t\t\t\t\t\t\t\t<p class=\"elementor-icon-box-description\">\n\t\t\t\t\t\t<span style=\"font-family: Montserrat\">Zaji\u0161t\u011bn\u00ed vyhled\u00e1v\u00e1n\u00ed \"Restaurace v m\u00e9m okol\u00ed\" v Google Map\u00e1ch.\n<\/span>\t\t\t\t\t<\/p>\n\t\t\t\t\n\t\t\t<\/div>\n\t\t\t\n\t\t<\/div>\n\t\t\t\t\t\t<\/div>\n\t\t\t\t<\/div>\n\t\t\t\t<div class=\"elementor-element elementor-element-ae12b16 elementor-position-left elementor-mobile-position-left elementor-view-default elementor-widget elementor-widget-icon-box\" data-id=\"ae12b16\" data-element_type=\"widget\" data-widget_type=\"icon-box.default\">\n\t\t\t\t<div class=\"elementor-widget-container\">\n\t\t\t\t\t\t\t<div class=\"elementor-icon-box-wrapper\">\n\n\t\t\t\t\t\t<div class=\"elementor-icon-box-icon\">\n\t\t\t\t<span  class=\"elementor-icon\">\n\t\t\t\t<i aria-hidden=\"true\" class=\"fas fa-cog\"><\/i>\t\t\t\t<\/span>\n\t\t\t<\/div>\n\t\t\t\n\t\t\t\t\t\t<div class=\"elementor-icon-box-content\">\n\n\t\t\t\t\n\t\t\t\t\t\t\t\t\t<p class=\"elementor-icon-box-description\">\n\t\t\t\t\t\t<span style=\"font-family: Montserrat\">Nab\u00eddn\u011bte sv\u00fdm host\u016fm rychl\u00fd a snadn\u00fd proces rezervace.\n<\/span>\t\t\t\t\t<\/p>\n\t\t\t\t\n\t\t\t<\/div>\n\t\t\t\n\t\t<\/div>\n\t\t\t\t\t\t<\/div>\n\t\t\t\t<\/div>\n\t\t\t\t<div class=\"elementor-element elementor-element-8bc9d54 elementor-position-left elementor-mobile-position-left elementor-view-default elementor-widget elementor-widget-icon-box\" data-id=\"8bc9d54\" data-element_type=\"widget\" data-widget_type=\"icon-box.default\">\n\t\t\t\t<div class=\"elementor-widget-container\">\n\t\t\t\t\t\t\t<div class=\"elementor-icon-box-wrapper\">\n\n\t\t\t\t\t\t<div class=\"elementor-icon-box-icon\">\n\t\t\t\t<span  class=\"elementor-icon\">\n\t\t\t\t<i aria-hidden=\"true\" class=\"fas fa-chess-queen\"><\/i>\t\t\t\t<\/span>\n\t\t\t<\/div>\n\t\t\t\n\t\t\t\t\t\t<div class=\"elementor-icon-box-content\">\n\n\t\t\t\t\n\t\t\t\t\t\t\t\t\t<p class=\"elementor-icon-box-description\">\n\t\t\t\t\t\t<span style=\"font-family: Montserrat\">Mo\u017enost kontrolovat, kter\u00e9 stoly m\u016f\u017ee Google rezervovat.\n<\/span>\t\t\t\t\t<\/p>\n\t\t\t\t\n\t\t\t<\/div>\n\t\t\t\n\t\t<\/div>\n\t\t\t\t\t\t<\/div>\n\t\t\t\t<\/div>\n\t\t\t\t<div class=\"elementor-element elementor-element-27f2c60 elementor-position-left elementor-mobile-position-left elementor-view-default elementor-widget elementor-widget-icon-box\" data-id=\"27f2c60\" data-element_type=\"widget\" data-widget_type=\"icon-box.default\">\n\t\t\t\t<div class=\"elementor-widget-container\">\n\t\t\t\t\t\t\t<div class=\"elementor-icon-box-wrapper\">\n\n\t\t\t\t\t\t<div class=\"elementor-icon-box-icon\">\n\t\t\t\t<span  class=\"elementor-icon\">\n\t\t\t\t<i aria-hidden=\"true\" class=\"fas fa-star\"><\/i>\t\t\t\t<\/span>\n\t\t\t<\/div>\n\t\t\t\n\t\t\t\t\t\t<div class=\"elementor-icon-box-content\">\n\n\t\t\t\t\n\t\t\t\t\t\t\t\t\t<p class=\"elementor-icon-box-description\">\n\t\t\t\t\t\t<span style=\"font-family: Montserrat\">N\u00e1r\u016fst po\u010dtu recenz\u00ed ve slu\u017eb\u011b Google.\n<\/span>\t\t\t\t\t<\/p>\n\t\t\t\t\n\t\t\t<\/div>\n\t\t\t\n\t\t<\/div>\n\t\t\t\t\t\t<\/div>\n\t\t\t\t<\/div>\n\t\t\t\t\t<\/div>\n\t\t<\/div>\n\t\t\t\t<div class=\"elementor-column elementor-col-50 elementor-top-column elementor-element elementor-element-654b272\" data-id=\"654b272\" data-element_type=\"column\">\n\t\t\t<div class=\"elementor-widget-wrap elementor-element-populated\">\n\t\t\t\t\t\t<div class=\"elementor-element elementor-element-cbabb59 elementor-widget elementor-widget-video\" data-id=\"cbabb59\" data-element_type=\"widget\" data-settings=\"{&quot;youtube_url&quot;:&quot;https:\\\/\\\/youtu.be\\\/d27xKPX9_pM?feature=shared&quot;,&quot;show_image_overlay&quot;:&quot;yes&quot;,&quot;image_overlay&quot;:{&quot;url&quot;:&quot;https:\\\/\\\/tableo.com\\\/wp-content\\\/uploads\\\/Get-a-Reserve-a-table-button-on-Google-Tableo.webp&quot;,&quot;id&quot;:35666,&quot;size&quot;:&quot;&quot;,&quot;alt&quot;:&quot;Get a Reserve a table button on Google - Tableo&quot;,&quot;source&quot;:&quot;library&quot;},&quot;video_type&quot;:&quot;youtube&quot;,&quot;controls&quot;:&quot;yes&quot;}\" data-widget_type=\"video.default\">\n\t\t\t\t<div class=\"elementor-widget-container\">\n\t\t\t\t\t\t\t<div class=\"elementor-wrapper elementor-open-inline\">\n\t\t\t<div class=\"elementor-video\"><\/div>\t\t\t\t<div class=\"elementor-custom-embed-image-overlay\" style=\"background-image: url(https:\/\/tableo.com\/wp-content\/uploads\/Get-a-Reserve-a-table-button-on-Google-Tableo.webp);\">\n\t\t\t\t\t\t\t\t\t\t\t\t\t\t<\/div>\n\t\t\t\t\t<\/div>\n\t\t\t\t\t\t<\/div>\n\t\t\t\t<\/div>\n\t\t\t\t\t<\/div>\n\t\t<\/div>\n\t\t\t\t\t<\/div>\n\t\t<\/section>\n\t\t\t\t<section class=\"elementor-section elementor-top-section elementor-element elementor-element-8a6572d elementor-section-boxed elementor-section-height-default elementor-section-height-default\" data-id=\"8a6572d\" data-element_type=\"section\" data-settings=\"{&quot;background_background&quot;:&quot;classic&quot;}\">\n\t\t\t\t\t\t<div class=\"elementor-container elementor-column-gap-default\">\n\t\t\t\t\t<div class=\"elementor-column elementor-col-100 elementor-top-column elementor-element elementor-element-ff44eb5\" data-id=\"ff44eb5\" data-element_type=\"column\">\n\t\t\t<div class=\"elementor-widget-wrap elementor-element-populated\">\n\t\t\t\t\t\t<div class=\"elementor-element elementor-element-a4e0b0b elementor-align-center tableo-hover-icon-button elementor-mobile-align-center elementor-widget elementor-widget-button\" data-id=\"a4e0b0b\" data-element_type=\"widget\" data-widget_type=\"button.default\">\n\t\t\t\t<div class=\"elementor-widget-container\">\n\t\t\t\t\t\t\t\t\t<div class=\"elementor-button-wrapper\">\n\t\t\t\t\t<a class=\"elementor-button elementor-button-link elementor-size-md\" href=\"https:\/\/tableo.com\/cs\/kontaktujte-nas\/\">\n\t\t\t\t\t\t<span class=\"elementor-button-content-wrapper\">\n\t\t\t\t\t\t<span class=\"elementor-button-icon\">\n\t\t\t\t<i aria-hidden=\"true\" class=\"fas fa-arrow-right\"><\/i>\t\t\t<\/span>\n\t\t\t\t\t\t\t\t\t<span class=\"elementor-button-text\">Za\u010dneme!<\/span>\n\t\t\t\t\t<\/span>\n\t\t\t\t\t<\/a>\n\t\t\t\t<\/div>\n\t\t\t\t\t\t\t\t<\/div>\n\t\t\t\t<\/div>\n\t\t\t\t\t<\/div>\n\t\t<\/div>\n\t\t\t\t\t<\/div>\n\t\t<\/section>\n\t\t\t\t<section class=\"elementor-section elementor-top-section elementor-element elementor-element-2c26972 elementor-section-boxed elementor-section-height-default elementor-section-height-default\" data-id=\"2c26972\" data-element_type=\"section\" data-settings=\"{&quot;background_background&quot;:&quot;classic&quot;}\">\n\t\t\t\t\t\t<div class=\"elementor-container elementor-column-gap-default\">\n\t\t\t\t\t<div class=\"elementor-column elementor-col-16 elementor-top-column elementor-element elementor-element-cda5ba5\" data-id=\"cda5ba5\" data-element_type=\"column\">\n\t\t\t<div class=\"elementor-widget-wrap\">\n\t\t\t\t\t\t\t<\/div>\n\t\t<\/div>\n\t\t\t\t<div class=\"elementor-column elementor-col-66 elementor-top-column elementor-element elementor-element-e3b44c0\" data-id=\"e3b44c0\" data-element_type=\"column\">\n\t\t\t<div class=\"elementor-widget-wrap elementor-element-populated\">\n\t\t\t\t\t\t<div class=\"elementor-element elementor-element-f937b91 elementor-widget elementor-widget-html\" data-id=\"f937b91\" data-element_type=\"widget\" data-widget_type=\"html.default\">\n\t\t\t\t<div class=\"elementor-widget-container\">\n\t\t\t\t\t<div class=\"senja-embed\" data-id=\"288f140d-fb8c-4b30-a7e5-2bb9cee6e24a\" data-mode=\"shadow\" data-lazyload=\"false\"><\/div>\n<script async=\"\" type=\"text\/javascript\" src=\"https:\/\/widget.senja.io\/widget\/288f140d-fb8c-4b30-a7e5-2bb9cee6e24a\/platform.js\"><\/script>\t\t\t\t<\/div>\n\t\t\t\t<\/div>\n\t\t\t\t\t<\/div>\n\t\t<\/div>\n\t\t\t\t<div class=\"elementor-column elementor-col-16 elementor-top-column elementor-element elementor-element-392dd42\" data-id=\"392dd42\" data-element_type=\"column\">\n\t\t\t<div class=\"elementor-widget-wrap\">\n\t\t\t\t\t\t\t<\/div>\n\t\t<\/div>\n\t\t\t\t\t<\/div>\n\t\t<\/section>\n\t\t\t\t<\/div>\n\t\t","protected":false},"excerpt":{"rendered":"<p>&#8220;1 Euro za hosta skrze&#8221;Rezervace p\u0159es Google&#8221; je p\u0159\u00edli\u0161 mnoho!&#8221; Tady je d\u016fvod, pro\u010d se m\u00fdl\u00edte! Pou\u017eijte na\u0161i kalkula\u010dku n\u00e1vratnosti investic n\u00ed\u017ee a zjist\u011bte potenci\u00e1ln\u00ed zv\u00fd\u0161en\u00ed p\u0159\u00edjm\u016f va\u0161\u00ed restaurace. Sta\u010d\u00ed zadat pr\u016fm\u011brnou \u00fatratu na osobu a po\u010det host\u016f, kter\u00e9 chcete prost\u0159ednictv\u00edm Googlu p\u0159il\u00e1kat. Okam\u017eit\u011b uvid\u00edte nov\u00e9 p\u0159\u00edjmy, kter\u00e9 m\u016f\u017eete o\u010dek\u00e1vat, a n\u00e1vratnost sv\u00fdch investic. St\u00e1le [&hellip;]<\/p>\n","protected":false},"author":28,"featured_media":0,"parent":0,"menu_order":0,"comment_status":"closed","ping_status":"closed","template":"template-fullwidth.php","meta":{"footnotes":""},"class_list":["post-49945","page","type-page","status-publish","hentry"],"aioseo_notices":[],"_links":{"self":[{"href":"https:\/\/tableo.com\/cs\/wp-json\/wp\/v2\/pages\/49945","targetHints":{"allow":["GET"]}}],"collection":[{"href":"https:\/\/tableo.com\/cs\/wp-json\/wp\/v2\/pages"}],"about":[{"href":"https:\/\/tableo.com\/cs\/wp-json\/wp\/v2\/types\/page"}],"author":[{"embeddable":true,"href":"https:\/\/tableo.com\/cs\/wp-json\/wp\/v2\/users\/28"}],"replies":[{"embeddable":true,"href":"https:\/\/tableo.com\/cs\/wp-json\/wp\/v2\/comments?post=49945"}],"version-history":[{"count":22,"href":"https:\/\/tableo.com\/cs\/wp-json\/wp\/v2\/pages\/49945\/revisions"}],"predecessor-version":[{"id":50403,"href":"https:\/\/tableo.com\/cs\/wp-json\/wp\/v2\/pages\/49945\/revisions\/50403"}],"wp:attachment":[{"href":"https:\/\/tableo.com\/cs\/wp-json\/wp\/v2\/media?parent=49945"}],"curies":[{"name":"wp","href":"https:\/\/api.w.org\/{rel}","templated":true}]}}