{"id":83775,"date":"2024-03-15T08:26:18","date_gmt":"2024-03-15T08:26:18","guid":{"rendered":"https:\/\/tableo.com\/supportside\/"},"modified":"2026-02-16T10:39:11","modified_gmt":"2026-02-16T10:39:11","slug":"support","status":"publish","type":"page","link":"https:\/\/tableo.com\/da\/support\/","title":{"rendered":"Unparallelled Support"},"content":{"rendered":"\t\t<div data-elementor-type=\"wp-page\" data-elementor-id=\"83775\" class=\"elementor elementor-83775 elementor-39199\" data-elementor-post-type=\"page\">\n\t\t\t\t\t\t<section class=\"elementor-section elementor-top-section elementor-element elementor-element-790a67d6 elementor-section-boxed elementor-section-height-default elementor-section-height-default\" data-id=\"790a67d6\" data-element_type=\"section\" data-settings=\"{&quot;background_background&quot;:&quot;classic&quot;}\">\n\t\t\t\t\t\t<div class=\"elementor-container elementor-column-gap-default\">\n\t\t\t\t\t<div class=\"elementor-column elementor-col-50 elementor-top-column elementor-element elementor-element-478015b3\" data-id=\"478015b3\" data-element_type=\"column\">\n\t\t\t<div class=\"elementor-widget-wrap elementor-element-populated\">\n\t\t\t\t\t\t<div class=\"elementor-element elementor-element-5440e9e6 elementor-widget elementor-widget-text-editor\" data-id=\"5440e9e6\" data-element_type=\"widget\" data-widget_type=\"text-editor.default\">\n\t\t\t\t<div class=\"elementor-widget-container\">\n\t\t\t\t\t\t\t\t\t<h1 style=\"color: white;\">Personlig\u00a0support\u00a0hvert skridt p\u00e5 vejen<\/h1><p style=\"font-size: 20px;\">Vi taler dit sprog og vi er her, n\u00e5r du har brug for hj\u00e6lp. Uanset om det bare er et hurtigt sp\u00f8rgsm\u00e5l eller en venlig snak.<\/p>\t\t\t\t\t\t\t\t<\/div>\n\t\t\t\t<\/div>\n\t\t<div class=\"elementor-element elementor-element-3de75614 e-flex e-con-boxed e-con e-parent\" data-id=\"3de75614\" data-element_type=\"container\">\n\t\t\t\t\t<div class=\"e-con-inner\">\n\t\t\t\t<div class=\"elementor-element elementor-element-10f42935 elementor-hidden-tablet elementor-hidden-mobile elementor-widget elementor-widget-image\" data-id=\"10f42935\" data-element_type=\"widget\" data-widget_type=\"image.default\">\n\t\t\t\t<div class=\"elementor-widget-container\">\n\t\t\t\t\t\t\t\t\t\t\t\t\t\t\t<img decoding=\"async\" src=\"https:\/\/tableo.com\/wp-content\/uploads\/elementor\/thumbs\/slashdot-badge-r2r5g06a7z912ywdygx6q2fgvr5umbjq7lw2w4q3a8.png\" title=\"slashdot-badge\" alt=\"slashdot-badge\" loading=\"lazy\" \/>\t\t\t\t\t\t\t\t\t\t\t\t\t\t\t<\/div>\n\t\t\t\t<\/div>\n\t\t\t\t<div class=\"elementor-element elementor-element-289e558a elementor-widget elementor-widget-image\" data-id=\"289e558a\" data-element_type=\"widget\" data-widget_type=\"image.default\">\n\t\t\t\t<div class=\"elementor-widget-container\">\n\t\t\t\t\t\t\t\t\t\t\t\t\t\t\t<img decoding=\"async\" src=\"https:\/\/tableo.com\/wp-content\/uploads\/elementor\/thumbs\/source-forge-badge-r2r5etvjofn4kilttgmz3v3q5eybzxvt1sj8aogt28.png\" title=\"source-forge-badge\" alt=\"source-forge-badge\" loading=\"lazy\" \/>\t\t\t\t\t\t\t\t\t\t\t\t\t\t\t<\/div>\n\t\t\t\t<\/div>\n\t\t\t\t<div class=\"elementor-element elementor-element-5504843 elementor-widget elementor-widget-image\" data-id=\"5504843\" data-element_type=\"widget\" data-widget_type=\"image.default\">\n\t\t\t\t<div class=\"elementor-widget-container\">\n\t\t\t\t\t\t\t\t\t\t\t\t\t\t\t<img decoding=\"async\" src=\"https:\/\/tableo.com\/wp-content\/uploads\/elementor\/thumbs\/capterra-badge-e1741787477353-r2r5htyzr5i0h4fj3u0a5xjlm97w9zxwgig4s103f8.png\" title=\"capterra-badge\" alt=\"capterra-badge\" loading=\"lazy\" \/>\t\t\t\t\t\t\t\t\t\t\t\t\t\t\t<\/div>\n\t\t\t\t<\/div>\n\t\t\t\t<div class=\"elementor-element elementor-element-5af05f44 elementor-widget elementor-widget-image\" data-id=\"5af05f44\" data-element_type=\"widget\" data-widget_type=\"image.default\">\n\t\t\t\t<div class=\"elementor-widget-container\">\n\t\t\t\t\t\t\t\t\t\t\t\t\t\t\t<img decoding=\"async\" src=\"https:\/\/tableo.com\/wp-content\/uploads\/elementor\/thumbs\/software-advice-badge-e1741787524679-r2r5j25eod6j2cv256t7x0pd5xnubduo2qaloc8n16.png\" title=\"software-advice-badge\" alt=\"software-advice-badge\" loading=\"lazy\" \/>\t\t\t\t\t\t\t\t\t\t\t\t\t\t\t<\/div>\n\t\t\t\t<\/div>\n\t\t\t\t\t<\/div>\n\t\t\t\t<\/div>\n\t\t\t\t\t<\/div>\n\t\t<\/div>\n\t\t\t\t<div class=\"elementor-column elementor-col-50 elementor-top-column elementor-element elementor-element-5fd03b02\" data-id=\"5fd03b02\" data-element_type=\"column\">\n\t\t\t<div class=\"elementor-widget-wrap elementor-element-populated\">\n\t\t\t\t\t\t<div class=\"elementor-element elementor-element-801af28 elementor-hidden-mobile elementor-widget elementor-widget-html\" data-id=\"801af28\" data-element_type=\"widget\" data-widget_type=\"html.default\">\n\t\t\t\t<div class=\"elementor-widget-container\">\n\t\t\t\t\t<script src=\"https:\/\/widget.senja.io\/widget\/cf88bbf0-205c-4785-a917-d9571cfe234b\/platform.js\" type=\"text\/javascript\" async><\/script>\r\n<div class=\"senja-embed\" data-id=\"cf88bbf0-205c-4785-a917-d9571cfe234b\" data-mode=\"shadow\" data-lazyload=\"false\" style=\"display: block; max-height: 500px; overflow: hidden;\"><\/div>\t\t\t\t<\/div>\n\t\t\t\t<\/div>\n\t\t\t\t\t<\/div>\n\t\t<\/div>\n\t\t\t\t\t<\/div>\n\t\t<\/section>\n\t\t\t\t<section class=\"elementor-section elementor-top-section elementor-element elementor-element-3baabef elementor-section-boxed elementor-section-height-default elementor-section-height-default\" data-id=\"3baabef\" data-element_type=\"section\">\n\t\t\t\t\t\t<div class=\"elementor-container elementor-column-gap-default\">\n\t\t\t\t\t<div class=\"elementor-column elementor-col-100 elementor-top-column elementor-element elementor-element-e32c79d\" data-id=\"e32c79d\" data-element_type=\"column\">\n\t\t\t<div class=\"elementor-widget-wrap elementor-element-populated\">\n\t\t\t\t\t\t<div class=\"elementor-element elementor-element-97d6f1f elementor-widget elementor-widget-text-editor\" data-id=\"97d6f1f\" data-element_type=\"widget\" data-widget_type=\"text-editor.default\">\n\t\t\t\t<div class=\"elementor-widget-container\">\n\t\t\t\t\t\t\t\t\t<h2>Fremragende support p\u00e5 alle tidspunkter<\/h2>\t\t\t\t\t\t\t\t<\/div>\n\t\t\t\t<\/div>\n\t\t\t\t\t<\/div>\n\t\t<\/div>\n\t\t\t\t\t<\/div>\n\t\t<\/section>\n\t\t\t\t<section class=\"elementor-section elementor-top-section elementor-element elementor-element-4bf2fb1 elementor-section-boxed elementor-section-height-default elementor-section-height-default\" data-id=\"4bf2fb1\" data-element_type=\"section\">\n\t\t\t\t\t\t<div class=\"elementor-container elementor-column-gap-default\">\n\t\t\t\t\t<div class=\"elementor-column elementor-col-50 elementor-top-column elementor-element elementor-element-7b856f4\" data-id=\"7b856f4\" data-element_type=\"column\">\n\t\t\t<div class=\"elementor-widget-wrap elementor-element-populated\">\n\t\t\t\t\t\t<div class=\"elementor-element elementor-element-0613514 elementor-widget elementor-widget-text-editor\" data-id=\"0613514\" data-element_type=\"widget\" data-widget_type=\"text-editor.default\">\n\t\t\t\t<div class=\"elementor-widget-container\">\n\t\t\t\t\t\t\t\t\t<ul><li><p>Vi lover, at du aldrig skal st\u00e5 i k\u00f8 eller trykke p\u00e5 en masse knapper, n\u00e5r du ringer til os.<\/p><\/li><li><p>Din e-mail vil heller ikke ende i indbakkens afgrund og aldrig blive set eller h\u00f8rt fra igen.<\/p><\/li><li><div class=\"jsx-231045263 relative px-2.5 pb-2\"><div class=\"jsx-231045263 comment-privacy-wrapper\"><p>Vi g\u00f8r en \u00e6re i at give den service, vi selv ville forvente, lige fra din allerf\u00f8rste henvendelse og hele vejen frem, ogs\u00e5 n\u00e5r du har v\u00e6ret med i \u00e5revis.<\/p><\/div><\/div><\/li><li><p><span style=\"font-weight: var( --e-global-typography-text-font-weight ); color: var(--text-color-dark); font-family: var(--monst-family-two);\">Uanset om du driver et hyggeligt familieejet spisested eller en omfattende <\/span><a style=\"font-weight: var( --e-global-typography-text-font-weight ); font-family: var(--monst-family-two); background-color: #ffffff;\" href=\"https:\/\/tableo.com\/da\/loesninger\/hotelrestaurant-software\/\">virksomhed med flere k\u00e6der<\/a><span style=\"font-weight: var( --e-global-typography-text-font-weight ); color: var(--text-color-dark); font-family: var(--monst-family-two);\">, er vi her for dig.<\/span><\/p><\/li><\/ul>\t\t\t\t\t\t\t\t<\/div>\n\t\t\t\t<\/div>\n\t\t\t\t\t<\/div>\n\t\t<\/div>\n\t\t\t\t<div class=\"elementor-column elementor-col-50 elementor-top-column elementor-element elementor-element-7730d68\" data-id=\"7730d68\" data-element_type=\"column\">\n\t\t\t<div class=\"elementor-widget-wrap elementor-element-populated\">\n\t\t\t\t\t\t<div class=\"elementor-element elementor-element-daf143e elementor-widget__width-initial elementor-widget elementor-widget-image\" data-id=\"daf143e\" data-element_type=\"widget\" data-widget_type=\"image.default\">\n\t\t\t\t<div class=\"elementor-widget-container\">\n\t\t\t\t\t\t\t\t\t\t\t\t\t\t\t<img fetchpriority=\"high\" decoding=\"async\" width=\"1654\" height=\"1654\" src=\"https:\/\/tableo.com\/wp-content\/uploads\/customer-support.webp\" class=\"attachment-large size-large wp-image-83778\" alt=\"\" srcset=\"https:\/\/tableo.com\/wp-content\/uploads\/customer-support.webp 1654w, https:\/\/tableo.com\/wp-content\/uploads\/customer-support-400x400.webp 400w, https:\/\/tableo.com\/wp-content\/uploads\/customer-support-768x768.webp 768w, https:\/\/tableo.com\/wp-content\/uploads\/customer-support-1536x1536.webp 1536w, https:\/\/tableo.com\/wp-content\/uploads\/customer-support-150x150.webp 150w, https:\/\/tableo.com\/wp-content\/uploads\/customer-support-70x70.webp 70w\" sizes=\"(max-width: 1654px) 100vw, 1654px\" title=\"customersupport | Tableo\" \/>\t\t\t\t\t\t\t\t\t\t\t\t\t\t\t<\/div>\n\t\t\t\t<\/div>\n\t\t\t\t\t<\/div>\n\t\t<\/div>\n\t\t\t\t\t<\/div>\n\t\t<\/section>\n\t\t\t\t<section class=\"elementor-section elementor-top-section elementor-element elementor-element-1761f78 elementor-section-boxed elementor-section-height-default elementor-section-height-default\" data-id=\"1761f78\" data-element_type=\"section\" data-settings=\"{&quot;background_background&quot;:&quot;classic&quot;}\">\n\t\t\t\t\t\t<div class=\"elementor-container elementor-column-gap-default\">\n\t\t\t\t\t<div class=\"elementor-column elementor-col-100 elementor-top-column elementor-element elementor-element-05d7d62\" data-id=\"05d7d62\" data-element_type=\"column\">\n\t\t\t<div class=\"elementor-widget-wrap elementor-element-populated\">\n\t\t\t\t\t\t<div class=\"elementor-element elementor-element-8890f3c elementor-widget elementor-widget-text-editor\" data-id=\"8890f3c\" data-element_type=\"widget\" data-widget_type=\"text-editor.default\">\n\t\t\t\t<div class=\"elementor-widget-container\">\n\t\t\t\t\t\t\t\t\t<h2>Salgssupport<\/h2>\t\t\t\t\t\t\t\t<\/div>\n\t\t\t\t<\/div>\n\t\t\t\t<div class=\"elementor-element elementor-element-d2d2592 elementor-widget elementor-widget-text-editor\" data-id=\"d2d2592\" data-element_type=\"widget\" data-widget_type=\"text-editor.default\">\n\t\t\t\t<div class=\"elementor-widget-container\">\n\t\t\t\t\t\t\t\t\t<p>Har du sp\u00f8rgsm\u00e5l til Tableo, priserne eller bare lyst til at sige hej?<br \/>Vores team er altid klar til at hj\u00e6lpe, og vi ved, hvad vi taler om.<br \/>Du er altid velkommen til at skrive, vi lover, at vi er rigtig rare at snakke med \ud83d\ude42<\/p>\t\t\t\t\t\t\t\t<\/div>\n\t\t\t\t<\/div>\n\t\t\t\t\t<\/div>\n\t\t<\/div>\n\t\t\t\t\t<\/div>\n\t\t<\/section>\n\t\t\t\t<section class=\"elementor-section elementor-top-section elementor-element elementor-element-8c4ae23 elementor-section-boxed elementor-section-height-default elementor-section-height-default\" data-id=\"8c4ae23\" data-element_type=\"section\" data-settings=\"{&quot;background_background&quot;:&quot;classic&quot;}\">\n\t\t\t\t\t\t<div class=\"elementor-container elementor-column-gap-default\">\n\t\t\t\t\t<div class=\"elementor-column elementor-col-25 elementor-top-column elementor-element elementor-element-00a5208\" data-id=\"00a5208\" data-element_type=\"column\">\n\t\t\t<div class=\"elementor-widget-wrap elementor-element-populated\">\n\t\t\t\t\t\t<div class=\"elementor-element elementor-element-f34555e elementor-widget elementor-widget-monst-icon-box-v1\" data-id=\"f34555e\" data-element_type=\"widget\" data-widget_type=\"monst-icon-box-v1.default\">\n\t\t\t\t<div class=\"elementor-widget-container\">\n\t\t\t\t\t\r\n\r\n<div class=\"icon_simple_box two wow animate__animated animate__fadeInUp\"\r\n    data-wow-delay=\"0\">\r\n            <div class=\"icon_bx\">\r\n            <i class=\"fa fab fas  icon-question\"><\/i>\r\n        <\/div>\r\n      <div class=\"content_box\">\r\n            <h3 class=\"font-heading\">  \r\n            <a href=\"https:\/\/faq.tableo.com\/support\/solutions\"  > \r\n                Bes\u00f8g vores ressourcecenter            <\/a>\r\n        <\/h3>\r\n                        <p><p>Her finder du nyttige ofte stillede sp\u00f8rgsm\u00e5l og vejledninger, s\u00e5 du kan f\u00e5 mest muligt ud af Tableo.\n<p><br>\n<a href=\"https:\/\/faq.tableo.com\/support\/solutions\">Find nyttige ressourcer<\/a>\n<p><br><\/p>\r\n                    <\/div>\r\n<\/div>\r\n\r\n\r\n\r\n\r\n\t\t\t\t<\/div>\n\t\t\t\t<\/div>\n\t\t\t\t\t<\/div>\n\t\t<\/div>\n\t\t\t\t<div class=\"elementor-column elementor-col-25 elementor-top-column elementor-element elementor-element-e6d8b8d\" data-id=\"e6d8b8d\" data-element_type=\"column\">\n\t\t\t<div class=\"elementor-widget-wrap elementor-element-populated\">\n\t\t\t\t\t\t<div class=\"elementor-element elementor-element-767a4cd elementor-widget elementor-widget-monst-icon-box-v1\" data-id=\"767a4cd\" data-element_type=\"widget\" data-widget_type=\"monst-icon-box-v1.default\">\n\t\t\t\t<div class=\"elementor-widget-container\">\n\t\t\t\t\t\r\n\r\n<div class=\"icon_simple_box two wow animate__animated animate__fadeInUp\"\r\n    data-wow-delay=\"0\">\r\n            <div class=\"icon_bx\">\r\n            <i class=\"fa fab fas  icon-support-1\"><\/i>\r\n        <\/div>\r\n      <div class=\"content_box\">\r\n            <h3 class=\"font-heading\">  \r\n            <a href=\"\"  > \r\n                <a class=\"chat-btn\">Chat med os p\u00e5 ethvert sprog<\/a>            <\/a>\r\n        <\/h3>\r\n                        <p><p> \nVores supportteam st\u00e5r klar til at hj\u00e6lpe dig: \n<p>9:00 - 19:30 CET man fre<br>\n10:30 - 19:00 CET l\u00f8r\n<p><br>\n<a class=\"chat-btn\">Chat med os<\/a><\/span>\n<br><br><br>\n<\/p>\r\n                    <\/div>\r\n<\/div>\r\n\r\n\r\n\r\n\r\n\t\t\t\t<\/div>\n\t\t\t\t<\/div>\n\t\t\t\t\t<\/div>\n\t\t<\/div>\n\t\t\t\t<div class=\"elementor-column elementor-col-25 elementor-top-column elementor-element elementor-element-59b2b57\" data-id=\"59b2b57\" data-element_type=\"column\">\n\t\t\t<div class=\"elementor-widget-wrap elementor-element-populated\">\n\t\t\t\t\t\t<div class=\"elementor-element elementor-element-d2a31ed elementor-widget elementor-widget-monst-icon-box-v1\" data-id=\"d2a31ed\" data-element_type=\"widget\" data-widget_type=\"monst-icon-box-v1.default\">\n\t\t\t\t<div class=\"elementor-widget-container\">\n\t\t\t\t\t\r\n\r\n<div class=\"icon_simple_box two wow animate__animated animate__fadeInUp\"\r\n    data-wow-delay=\"0\">\r\n            <div class=\"icon_bx\">\r\n            <i class=\"fa fab fas  icon-think\"><\/i>\r\n        <\/div>\r\n      <div class=\"content_box\">\r\n            <h3 class=\"font-heading\">  \r\n            <a href=\"https:\/\/faq.tableo.com\/support\/tickets\/new\"  > \r\n                Opret en supportsag            <\/a>\r\n        <\/h3>\r\n                        <p><p>St\u00f8dt p\u00e5 en fejl eller kan du ikke finde det, du leder efter? Vi hj\u00e6lper dig hurtigt videre.\n<p><br>\n<a href=\"https:\/\/faq.tableo.com\/support\/tickets\/new\">Opret en supportsag<\/a>\n<p><br><br><\/p>\r\n                    <\/div>\r\n<\/div>\r\n\r\n\r\n\r\n\r\n\t\t\t\t<\/div>\n\t\t\t\t<\/div>\n\t\t\t\t\t<\/div>\n\t\t<\/div>\n\t\t\t\t<div class=\"elementor-column elementor-col-25 elementor-top-column elementor-element elementor-element-e11c24b\" data-id=\"e11c24b\" data-element_type=\"column\">\n\t\t\t<div class=\"elementor-widget-wrap elementor-element-populated\">\n\t\t\t\t\t\t<div class=\"elementor-element elementor-element-96ec02b elementor-widget elementor-widget-monst-icon-box-v1\" data-id=\"96ec02b\" data-element_type=\"widget\" data-widget_type=\"monst-icon-box-v1.default\">\n\t\t\t\t<div class=\"elementor-widget-container\">\n\t\t\t\t\t\r\n\r\n<div class=\"icon_simple_box two wow animate__animated animate__fadeInUp\"\r\n    data-wow-delay=\"0\">\r\n            <div class=\"icon_bx\">\r\n            <i class=\"fa fab fas  icon-phone-call4\"><\/i>\r\n        <\/div>\r\n      <div class=\"content_box\">\r\n            <h3 class=\"font-heading\">  \r\n            <a href=\"\"  > \r\n                Tal med et rigtigt menneske            <\/a>\r\n        <\/h3>\r\n                        <p><p>Vi forst\u00e5r det, nogle ting forklares bare bedst over telefonen med en rigtig person.<\/p>\n<br>\n\n  <div class=\"phone-list\">\n    <div>Malta: <a href=\"tel:+35620330096\">+356 2033 0096<\/a><\/div>\n    <div>UK: <a href=\"tel:+448451543698\">+44 845 154 3698<\/a><\/div>\n    <div>USA: <a href=\"tel:+14152313696\">+1 (415) 231 3696<\/a><\/div><\/p>\r\n                    <\/div>\r\n<\/div>\r\n\r\n\r\n\r\n\r\n\t\t\t\t<\/div>\n\t\t\t\t<\/div>\n\t\t\t\t\t<\/div>\n\t\t<\/div>\n\t\t\t\t\t<\/div>\n\t\t<\/section>\n\t\t\t\t<section class=\"elementor-section elementor-top-section elementor-element elementor-element-3f097d7 elementor-section-boxed elementor-section-height-default elementor-section-height-default\" data-id=\"3f097d7\" data-element_type=\"section\" data-settings=\"{&quot;background_background&quot;:&quot;classic&quot;}\">\n\t\t\t\t\t\t<div class=\"elementor-container elementor-column-gap-default\">\n\t\t\t\t\t<div class=\"elementor-column elementor-col-100 elementor-top-column elementor-element elementor-element-04e9d88\" data-id=\"04e9d88\" data-element_type=\"column\">\n\t\t\t<div class=\"elementor-widget-wrap elementor-element-populated\">\n\t\t\t\t\t\t<div class=\"elementor-element elementor-element-60cf291 elementor-widget elementor-widget-text-editor\" data-id=\"60cf291\" data-element_type=\"widget\" data-widget_type=\"text-editor.default\">\n\t\t\t\t<div class=\"elementor-widget-container\">\n\t\t\t\t\t\t\t\t\t<h2>Salgsst\u00f8tte<\/h2>\n\t\t\t\t\t\t\t\t<\/div>\n\t\t\t\t<\/div>\n\t\t\t\t<div class=\"elementor-element elementor-element-84c1988 elementor-widget elementor-widget-text-editor\" data-id=\"84c1988\" data-element_type=\"widget\" data-widget_type=\"text-editor.default\">\n\t\t\t\t<div class=\"elementor-widget-container\">\n\t\t\t\t\t\t\t\t\t<p>Har du sp\u00f8rgsm\u00e5l til produktet eller priserne, eller vil du bare gerne sige hej?  <br \/>  Vores specialiserede team f\u00e5r regelm\u00e6ssig tr\u00e6ning for at sikre, at vi har alle svarene p\u00e5 dine sp\u00f8rgsm\u00e5l!  <br \/>  V\u00e6r ikke genert, vi lover, at vi er rigtig s\u00f8de \ud83d\ude42<\/span><\/p>\n\t\t\t\t\t\t\t\t<\/div>\n\t\t\t\t<\/div>\n\t\t\t\t\t<\/div>\n\t\t<\/div>\n\t\t\t\t\t<\/div>\n\t\t<\/section>\n\t\t\t\t<section class=\"elementor-section elementor-top-section elementor-element elementor-element-0c18bc5 elementor-section-boxed elementor-section-height-default elementor-section-height-default\" data-id=\"0c18bc5\" data-element_type=\"section\" data-settings=\"{&quot;background_background&quot;:&quot;classic&quot;}\">\n\t\t\t\t\t\t<div class=\"elementor-container elementor-column-gap-default\">\n\t\t\t\t\t<div class=\"elementor-column elementor-col-50 elementor-top-column elementor-element elementor-element-b7ffc19\" data-id=\"b7ffc19\" data-element_type=\"column\">\n\t\t\t<div class=\"elementor-widget-wrap elementor-element-populated\">\n\t\t\t\t\t\t<div class=\"elementor-element elementor-element-3a876b0 elementor-widget elementor-widget-monst-icon-box-v1\" data-id=\"3a876b0\" data-element_type=\"widget\" data-widget_type=\"monst-icon-box-v1.default\">\n\t\t\t\t<div class=\"elementor-widget-container\">\n\t\t\t\t\t\r\n\r\n<div class=\"icon_simple_box two wow animate__animated animate__fadeInUp\"\r\n    data-wow-delay=\"0\">\r\n            <div class=\"icon_bx\">\r\n            <i class=\"fa fab fas  icon-calendar1\"><\/i>\r\n        <\/div>\r\n      <div class=\"content_box\">\r\n            <h3 class=\"font-heading\">  \r\n            <a href=\"\"  > \r\n                Book et m\u00f8de            <\/a>\r\n        <\/h3>\r\n                        <p><p> Er du i gang med at evaluere produktet og har sp\u00f8rgsm\u00e5l? Book et m\u00f8de med en af vores s\u00e6lgere, vi finder den bedste l\u00f8sning til dig.\n<p><br>\n<a href=\"https:\/\/calendly.com\/meetings-tableo\/demo?utm_source=website&amp;utm_medium=page&amp;utm_campaign=book-demo-meeting\">Book et m\u00f8de<\/a>\n<p><br><\/p>\r\n                    <\/div>\r\n<\/div>\r\n\r\n\r\n\r\n\r\n\t\t\t\t<\/div>\n\t\t\t\t<\/div>\n\t\t\t\t\t<\/div>\n\t\t<\/div>\n\t\t\t\t<div class=\"elementor-column elementor-col-50 elementor-top-column elementor-element elementor-element-e032b2d\" data-id=\"e032b2d\" data-element_type=\"column\">\n\t\t\t<div class=\"elementor-widget-wrap elementor-element-populated\">\n\t\t\t\t\t\t<div class=\"elementor-element elementor-element-0ad119a elementor-widget elementor-widget-monst-icon-box-v1\" data-id=\"0ad119a\" data-element_type=\"widget\" data-widget_type=\"monst-icon-box-v1.default\">\n\t\t\t\t<div class=\"elementor-widget-container\">\n\t\t\t\t\t\r\n\r\n<div class=\"icon_simple_box two wow animate__animated animate__fadeInUp\"\r\n    data-wow-delay=\"0\">\r\n            <div class=\"icon_bx\">\r\n            <i class=\"fa fab fas  icon-phone-call4\"><\/i>\r\n        <\/div>\r\n      <div class=\"content_box\">\r\n            <h3 class=\"font-heading\">  \r\n            <a href=\"\"  > \r\n                Ring til os            <\/a>\r\n        <\/h3>\r\n                        <p><p>Har du andre sp\u00f8rgsm\u00e5l, eller vil du bare sige hej, s\u00e5 ring til os p\u00e5:<\/p>\n<br>\n<div style=\"flex-direction: column;gap: 6px;max-width: 600px\">\n  <div>Malta: <a href=\"tel:+35620330096\">+356 2033 0096<\/a><\/div>\n  <div>UK: <a href=\"tel:+448451543698\">+44 845 154 3698<\/a><\/div>\n  <div>USA: <a href=\"tel:+14152313696\">+1 (415) 231 3696<\/a><\/div>\n<\/div><\/p>\r\n                    <\/div>\r\n<\/div>\r\n\r\n\r\n\r\n\r\n\t\t\t\t<\/div>\n\t\t\t\t<\/div>\n\t\t\t\t\t<\/div>\n\t\t<\/div>\n\t\t\t\t\t<\/div>\n\t\t<\/section>\n\t\t\t\t<\/div>\n\t\t","protected":false},"excerpt":{"rendered":"<p>Personlig\u00a0support\u00a0hvert skridt p\u00e5 vejen Vi taler dit sprog og vi er her, n\u00e5r du har brug for hj\u00e6lp. Uanset om det bare er et hurtigt sp\u00f8rgsm\u00e5l eller en venlig snak. Fremragende support p\u00e5 alle tidspunkter Vi lover, at du aldrig skal st\u00e5 i k\u00f8 eller trykke p\u00e5 en masse knapper, n\u00e5r du ringer til os. [&hellip;]<\/p>\n","protected":false},"author":28,"featured_media":0,"parent":0,"menu_order":0,"comment_status":"closed","ping_status":"closed","template":"template-fullwidth.php","meta":{"footnotes":""},"class_list":["post-83775","page","type-page","status-publish","hentry"],"aioseo_notices":[],"_links":{"self":[{"href":"https:\/\/tableo.com\/da\/wp-json\/wp\/v2\/pages\/83775","targetHints":{"allow":["GET"]}}],"collection":[{"href":"https:\/\/tableo.com\/da\/wp-json\/wp\/v2\/pages"}],"about":[{"href":"https:\/\/tableo.com\/da\/wp-json\/wp\/v2\/types\/page"}],"author":[{"embeddable":true,"href":"https:\/\/tableo.com\/da\/wp-json\/wp\/v2\/users\/28"}],"replies":[{"embeddable":true,"href":"https:\/\/tableo.com\/da\/wp-json\/wp\/v2\/comments?post=83775"}],"version-history":[{"count":32,"href":"https:\/\/tableo.com\/da\/wp-json\/wp\/v2\/pages\/83775\/revisions"}],"predecessor-version":[{"id":118375,"href":"https:\/\/tableo.com\/da\/wp-json\/wp\/v2\/pages\/83775\/revisions\/118375"}],"wp:attachment":[{"href":"https:\/\/tableo.com\/da\/wp-json\/wp\/v2\/media?parent=83775"}],"curies":[{"name":"wp","href":"https:\/\/api.w.org\/{rel}","templated":true}]}}