{"id":105983,"date":"2025-09-19T11:30:53","date_gmt":"2025-09-19T11:30:53","guid":{"rendered":"https:\/\/tableo.com\/?page_id=105983"},"modified":"2026-03-18T14:48:14","modified_gmt":"2026-03-18T14:48:14","slug":"support","status":"publish","type":"page","link":"https:\/\/tableo.com\/de\/support\/","title":{"rendered":"Unvergleichlicher Support"},"content":{"rendered":"\t\t<div data-elementor-type=\"wp-page\" data-elementor-id=\"105983\" class=\"elementor elementor-105983\" data-elementor-post-type=\"page\">\n\t\t\t\t\t\t<section class=\"elementor-section elementor-top-section elementor-element elementor-element-512bbef5 elementor-section-boxed elementor-section-height-default elementor-section-height-default\" data-id=\"512bbef5\" data-element_type=\"section\" data-settings=\"{&quot;background_background&quot;:&quot;classic&quot;}\">\n\t\t\t\t\t\t<div class=\"elementor-container elementor-column-gap-default\">\n\t\t\t\t\t<div class=\"elementor-column elementor-col-50 elementor-top-column elementor-element elementor-element-1bbd94ce\" data-id=\"1bbd94ce\" data-element_type=\"column\">\n\t\t\t<div class=\"elementor-widget-wrap elementor-element-populated\">\n\t\t\t\t\t\t<div class=\"elementor-element elementor-element-453d49b elementor-widget elementor-widget-text-editor\" data-id=\"453d49b\" data-element_type=\"widget\" data-widget_type=\"text-editor.default\">\n\t\t\t\t<div class=\"elementor-widget-container\">\n\t\t\t\t\t\t\t\t\t<h1 style=\"color: white;\">Individuelle Unterst\u00fctzung bei jedem Schritt<\/h1><p style=\"font-size: 20px;\">Wir sprechen Ihre Sprache. Ob es sich um eine schnelle L\u00f6sung oder ein freundliches Gespr\u00e4ch handelt, wir sind f\u00fcr Sie da.<\/p>\t\t\t\t\t\t\t\t<\/div>\n\t\t\t\t<\/div>\n\t\t\t\t<div class=\"elementor-element elementor-element-f80b9d0 elementor-hidden-mobile elementor-hidden-tablet elementor-widget elementor-widget-image-carousel\" data-id=\"f80b9d0\" data-element_type=\"widget\" data-settings=\"{&quot;slides_to_show&quot;:&quot;5&quot;,&quot;navigation&quot;:&quot;none&quot;,&quot;autoplay&quot;:&quot;no&quot;,&quot;infinite&quot;:&quot;no&quot;,&quot;speed&quot;:500}\" data-widget_type=\"image-carousel.default\">\n\t\t\t\t<div class=\"elementor-widget-container\">\n\t\t\t\t\t\t\t<div class=\"elementor-image-carousel-wrapper swiper\" role=\"region\" aria-roledescription=\"carousel\" aria-label=\"Image Carousel\" dir=\"ltr\">\n\t\t\t<div class=\"elementor-image-carousel swiper-wrapper\" aria-live=\"polite\">\n\t\t\t\t\t\t\t\t<div class=\"swiper-slide\" role=\"group\" aria-roledescription=\"slide\" aria-label=\"1 of 4\"><figure class=\"swiper-slide-inner\"><img decoding=\"async\" class=\"swiper-slide-image\" src=\"https:\/\/tableo.com\/wp-content\/uploads\/Sourceforge-badge-1.webp\" alt=\"Sourceforge-badge (1)\" \/><\/figure><\/div><div class=\"swiper-slide\" role=\"group\" aria-roledescription=\"slide\" aria-label=\"2 of 4\"><figure class=\"swiper-slide-inner\"><img decoding=\"async\" class=\"swiper-slide-image\" src=\"https:\/\/tableo.com\/wp-content\/uploads\/Slashdot-badge-2.webp\" alt=\"Slashdot-badge (2)\" \/><\/figure><\/div><div class=\"swiper-slide\" role=\"group\" aria-roledescription=\"slide\" aria-label=\"3 of 4\"><figure class=\"swiper-slide-inner\"><img decoding=\"async\" class=\"swiper-slide-image\" src=\"https:\/\/tableo.com\/wp-content\/uploads\/Capterra-badge-2.webp\" alt=\"Capterra-badge (2)\" \/><\/figure><\/div><div class=\"swiper-slide\" role=\"group\" aria-roledescription=\"slide\" aria-label=\"4 of 4\"><figure class=\"swiper-slide-inner\"><img decoding=\"async\" class=\"swiper-slide-image\" src=\"https:\/\/tableo.com\/wp-content\/uploads\/Software-advice-badge-2.webp\" alt=\"Software-advice-badge (2)\" \/><\/figure><\/div>\t\t\t<\/div>\n\t\t\t\t\t\t\t\n\t\t\t\t\t\t\t\t\t<\/div>\n\t\t\t\t\t\t<\/div>\n\t\t\t\t<\/div>\n\t\t\t\t<div class=\"elementor-element elementor-element-c342737 elementor-align-left tableo-hover-icon-button elementor-mobile-align-center elementor-hidden-desktop elementor-widget elementor-widget-button\" data-id=\"c342737\" data-element_type=\"widget\" data-widget_type=\"button.default\">\n\t\t\t\t<div class=\"elementor-widget-container\">\n\t\t\t\t\t\t\t\t\t<div class=\"elementor-button-wrapper\">\n\t\t\t\t\t<a class=\"elementor-button elementor-button-link elementor-size-sm\" href=\"https:\/\/tableo.com\/de\/kostenloses-restaurant-reservierungssystem\/\">\n\t\t\t\t\t\t<span class=\"elementor-button-content-wrapper\">\n\t\t\t\t\t\t<span class=\"elementor-button-icon\">\n\t\t\t\t<i aria-hidden=\"true\" class=\"fas fa-arrow-right\"><\/i>\t\t\t<\/span>\n\t\t\t\t\t\t\t\t\t<span class=\"elementor-button-text\">Richten Sie Ihr Restaurant ein<\/span>\n\t\t\t\t\t<\/span>\n\t\t\t\t\t<\/a>\n\t\t\t\t<\/div>\n\t\t\t\t\t\t\t\t<\/div>\n\t\t\t\t<\/div>\n\t\t\t\t\t<\/div>\n\t\t<\/div>\n\t\t\t\t<div class=\"elementor-column elementor-col-50 elementor-top-column elementor-element elementor-element-2180b105\" data-id=\"2180b105\" data-element_type=\"column\">\n\t\t\t<div class=\"elementor-widget-wrap elementor-element-populated\">\n\t\t\t\t\t\t<div class=\"elementor-element elementor-element-bdffa4e elementor-hidden-mobile elementor-widget elementor-widget-html\" data-id=\"bdffa4e\" data-element_type=\"widget\" data-widget_type=\"html.default\">\n\t\t\t\t<div class=\"elementor-widget-container\">\n\t\t\t\t\t<script src=\"https:\/\/widget.senja.io\/widget\/1237ba76-880f-4488-91e2-dfaa095132b8\/platform.js\" type=\"text\/javascript\" async><\/script>\r\n<div class=\"senja-embed\" data-id=\"1237ba76-880f-4488-91e2-dfaa095132b8\" data-mode=\"shadow\" data-lazyload=\"false\" style=\"display: block; width: 100%;\"><\/div>\t\t\t\t<\/div>\n\t\t\t\t<\/div>\n\t\t\t\t\t<\/div>\n\t\t<\/div>\n\t\t\t\t\t<\/div>\n\t\t<\/section>\n\t\t<div class=\"elementor-element elementor-element-65f96b73 e-flex e-con-boxed e-con e-parent\" data-id=\"65f96b73\" data-element_type=\"container\" data-settings=\"{&quot;background_background&quot;:&quot;classic&quot;}\">\n\t\t\t\t\t<div class=\"e-con-inner\">\n\t\t\t\t<div class=\"elementor-element elementor-element-4c245e33 elementor-widget__width-initial elementor-widget elementor-widget-text-editor\" data-id=\"4c245e33\" data-element_type=\"widget\" data-widget_type=\"text-editor.default\">\n\t\t\t\t<div class=\"elementor-widget-container\">\n\t\t\t\t\t\t\t\t\t<h2>Zuverl\u00e4ssiger Support \u2013 wann immer Sie ihn brauchent<\/h2>\t\t\t\t\t\t\t\t<\/div>\n\t\t\t\t<\/div>\n\t\t<div class=\"elementor-element elementor-element-7527c096 e-flex e-con-boxed e-con e-child\" data-id=\"7527c096\" data-element_type=\"container\">\n\t\t\t\t\t<div class=\"e-con-inner\">\n\t\t<div class=\"elementor-element elementor-element-36649023 e-flex e-con-boxed e-con e-child\" data-id=\"36649023\" data-element_type=\"container\">\n\t\t\t\t\t<div class=\"e-con-inner\">\n\t\t\t\t<div class=\"elementor-element elementor-element-147974d9 elementor-widget__width-initial elementor-hidden-mobile elementor-widget elementor-widget-image\" data-id=\"147974d9\" data-element_type=\"widget\" data-widget_type=\"image.default\">\n\t\t\t\t<div class=\"elementor-widget-container\">\n\t\t\t\t\t\t\t\t\t\t\t\t\t\t\t<img fetchpriority=\"high\" decoding=\"async\" width=\"1654\" height=\"1654\" src=\"https:\/\/tableo.com\/wp-content\/uploads\/customer-support.webp\" class=\"attachment-full size-full wp-image-67491\" alt=\"customer support\" srcset=\"https:\/\/tableo.com\/wp-content\/uploads\/customer-support.webp 1654w, https:\/\/tableo.com\/wp-content\/uploads\/customer-support-400x400.webp 400w, https:\/\/tableo.com\/wp-content\/uploads\/customer-support-768x768.webp 768w, https:\/\/tableo.com\/wp-content\/uploads\/customer-support-1536x1536.webp 1536w, https:\/\/tableo.com\/wp-content\/uploads\/customer-support-150x150.webp 150w, https:\/\/tableo.com\/wp-content\/uploads\/customer-support-70x70.webp 70w\" sizes=\"(max-width: 1654px) 100vw, 1654px\" title=\"customersupport | Tableo\" \/>\t\t\t\t\t\t\t\t\t\t\t\t\t\t\t<\/div>\n\t\t\t\t<\/div>\n\t\t\t\t\t<\/div>\n\t\t\t\t<\/div>\n\t\t<div class=\"elementor-element elementor-element-757142ba e-flex e-con-boxed e-con e-child\" data-id=\"757142ba\" data-element_type=\"container\">\n\t\t\t\t\t<div class=\"e-con-inner\">\n\t\t\t\t<div class=\"elementor-element elementor-element-aa309b9 elementor-widget__width-initial elementor-widget elementor-widget-text-editor\" data-id=\"aa309b9\" data-element_type=\"widget\" data-widget_type=\"text-editor.default\">\n\t\t\t\t<div class=\"elementor-widget-container\">\n\t\t\t\t\t\t\t\t\t<ul>\n \t<li><p>Wir versprechen: keine endlose Warteschleife, kein Telefonmen\u00fc \u2013 nur ein echter Mensch.<\/li>\n \t<li><p>Ihre E-Mail verschwindet nicht im Nirgendwo \u2013 wir antworten prompt.<\/li>\n \t<li><p>Wir sind bestrebt, Ihnen den hervorragenden Service zu bieten, den wir selbst erwarten w\u00fcrden, von der ersten Anfrage bis weit dar\u00fcber hinaus.<\/li>\n \t<li><p>Ganz gleich, ob Sie ein gem\u00fctliches Familienrestaurant oder ein weitl\u00e4ufiges Unternehmen mit mehreren Filialen betreiben, wir sind f\u00fcr Sie da.<\/P><\/li>\n<\/ul>\t\t\t\t\t\t\t\t<\/div>\n\t\t\t\t<\/div>\n\t\t\t\t<div class=\"elementor-element elementor-element-e2cfb7f elementor-widget__width-initial elementor-hidden-desktop elementor-hidden-tablet elementor-widget elementor-widget-image\" data-id=\"e2cfb7f\" data-element_type=\"widget\" data-widget_type=\"image.default\">\n\t\t\t\t<div class=\"elementor-widget-container\">\n\t\t\t\t\t\t\t\t\t\t\t\t\t\t\t<img decoding=\"async\" width=\"1630\" height=\"1103\" src=\"https:\/\/tableo.com\/wp-content\/uploads\/consumer-loyalty-e1742899402581.webp\" class=\"attachment-full size-full wp-image-67409\" alt=\"hotel and restaurant software\" srcset=\"https:\/\/tableo.com\/wp-content\/uploads\/consumer-loyalty-e1742899402581.webp 1630w, https:\/\/tableo.com\/wp-content\/uploads\/consumer-loyalty-e1742899402581-500x338.webp 500w, https:\/\/tableo.com\/wp-content\/uploads\/consumer-loyalty-e1742899402581-768x520.webp 768w, https:\/\/tableo.com\/wp-content\/uploads\/consumer-loyalty-e1742899402581-1536x1039.webp 1536w\" sizes=\"(max-width: 1630px) 100vw, 1630px\" title=\"man leaving review at restaurant table | Tableo\" \/>\t\t\t\t\t\t\t\t\t\t\t\t\t\t\t<\/div>\n\t\t\t\t<\/div>\n\t\t\t\t\t<\/div>\n\t\t\t\t<\/div>\n\t\t\t\t\t<\/div>\n\t\t\t\t<\/div>\n\t\t\t\t\t<\/div>\n\t\t\t\t<\/div>\n\t\t\t\t<section class=\"elementor-section elementor-top-section elementor-element elementor-element-80dcaed elementor-section-boxed elementor-section-height-default elementor-section-height-default\" data-id=\"80dcaed\" data-element_type=\"section\" data-settings=\"{&quot;background_background&quot;:&quot;classic&quot;}\">\n\t\t\t\t\t\t<div class=\"elementor-container elementor-column-gap-default\">\n\t\t\t\t\t<div class=\"elementor-column elementor-col-100 elementor-top-column elementor-element elementor-element-d29a443\" data-id=\"d29a443\" data-element_type=\"column\">\n\t\t\t<div class=\"elementor-widget-wrap elementor-element-populated\">\n\t\t\t\t\t\t<div class=\"elementor-element elementor-element-f8cb3f5 elementor-widget elementor-widget-text-editor\" data-id=\"f8cb3f5\" data-element_type=\"widget\" data-widget_type=\"text-editor.default\">\n\t\t\t\t<div class=\"elementor-widget-container\">\n\t\t\t\t\t\t\t\t\t<h2>Kundendienst<\/h2>\t\t\t\t\t\t\t\t<\/div>\n\t\t\t\t<\/div>\n\t\t\t\t<div class=\"elementor-element elementor-element-074ac85 elementor-widget elementor-widget-text-editor\" data-id=\"074ac85\" data-element_type=\"widget\" data-widget_type=\"text-editor.default\">\n\t\t\t\t<div class=\"elementor-widget-container\">\n\t\t\t\t\t\t\t\t\t<p>Sie verwenden bereits unsere Produkte und ben\u00f6tigen Hilfe bei einem Problem? Oder m\u00f6chten Sie einfach erfahren, wie Sie<br \/>alle Funktionen und Vorteile von Tableo optimal nutzen k\u00f6nnen? Entscheiden Sie sich f\u00fcr DIY oder chatten Sie mit uns!<\/p>\t\t\t\t\t\t\t\t<\/div>\n\t\t\t\t<\/div>\n\t\t\t\t\t<\/div>\n\t\t<\/div>\n\t\t\t\t\t<\/div>\n\t\t<\/section>\n\t\t\t\t<section class=\"elementor-section elementor-top-section elementor-element elementor-element-3b07054 elementor-section-boxed elementor-section-height-default elementor-section-height-default\" data-id=\"3b07054\" data-element_type=\"section\" data-settings=\"{&quot;background_background&quot;:&quot;classic&quot;}\">\n\t\t\t\t\t\t<div class=\"elementor-container elementor-column-gap-default\">\n\t\t\t\t\t<div class=\"elementor-column elementor-col-25 elementor-top-column elementor-element elementor-element-e4fe228\" data-id=\"e4fe228\" data-element_type=\"column\">\n\t\t\t<div class=\"elementor-widget-wrap elementor-element-populated\">\n\t\t\t\t\t\t<div class=\"elementor-element elementor-element-c6f3f83 elementor-widget elementor-widget-monst-icon-box-v1\" data-id=\"c6f3f83\" data-element_type=\"widget\" data-widget_type=\"monst-icon-box-v1.default\">\n\t\t\t\t<div class=\"elementor-widget-container\">\n\t\t\t\t\t\r\n\r\n<div class=\"icon_simple_box two wow animate__animated animate__fadeInUp\"\r\n    data-wow-delay=\"0\">\r\n            <div class=\"icon_bx\">\r\n            <i class=\"fa fab fas  icon-question\"><\/i>\r\n        <\/div>\r\n      <div class=\"content_box\">\r\n            <h3 class=\"font-heading\">  \r\n            <a href=\"https:\/\/faq.tableo.com\/support\/solutions\"  > \r\n                Besuchen Sie Unser FAQ &amp; Wissensdatenbank            <\/a>\r\n        <\/h3>\r\n                        <p><p> Hier finden Sie n\u00fctzliche FAQs und Anleitungen, die Ihnen helfen, Tableo optimal zu nutzen.\n<p><br>\n<a href=\"https:\/\/faq.tableo.com\/support\/solutions\">Hilfreiche Ressourcen finden<\/a>\n<p><br><\/p>\r\n                    <\/div>\r\n<\/div>\r\n\r\n\r\n\r\n\r\n\t\t\t\t<\/div>\n\t\t\t\t<\/div>\n\t\t\t\t\t<\/div>\n\t\t<\/div>\n\t\t\t\t<div class=\"elementor-column elementor-col-25 elementor-top-column elementor-element elementor-element-6956689\" data-id=\"6956689\" data-element_type=\"column\">\n\t\t\t<div class=\"elementor-widget-wrap elementor-element-populated\">\n\t\t\t\t\t\t<div class=\"elementor-element elementor-element-8704c25 elementor-widget elementor-widget-monst-icon-box-v1\" data-id=\"8704c25\" data-element_type=\"widget\" data-widget_type=\"monst-icon-box-v1.default\">\n\t\t\t\t<div class=\"elementor-widget-container\">\n\t\t\t\t\t\r\n\r\n<div class=\"icon_simple_box two wow animate__animated animate__fadeInUp\"\r\n    data-wow-delay=\"0\">\r\n            <div class=\"icon_bx\">\r\n            <i class=\"fa fab fas  icon-support-1\"><\/i>\r\n        <\/div>\r\n      <div class=\"content_box\">\r\n            <h3 class=\"font-heading\">  \r\n            <a href=\"\"  > \r\n                <a class=\"chat-btn\">Chatten Sie mit uns in jeder Sprache<\/a>            <\/a>\r\n        <\/h3>\r\n                        <p><p>\nUnser Support-Team steht Ihnen zur Verf\u00fcgung von \n<p>9:00 bis 19:30 Uhr MEZ Montag bis Freitag <br>\n10:30 bis 19:00 Uhr MEZ Samstag\n<p><br>\n<a class=\"chat-btn\">Chatten Sie mit uns<\/a><\/span>\n<br><br>\n<\/p>\r\n                    <\/div>\r\n<\/div>\r\n\r\n\r\n\r\n\r\n\t\t\t\t<\/div>\n\t\t\t\t<\/div>\n\t\t\t\t\t<\/div>\n\t\t<\/div>\n\t\t\t\t<div class=\"elementor-column elementor-col-25 elementor-top-column elementor-element elementor-element-d421507\" data-id=\"d421507\" data-element_type=\"column\">\n\t\t\t<div class=\"elementor-widget-wrap elementor-element-populated\">\n\t\t\t\t\t\t<div class=\"elementor-element elementor-element-9836f99 elementor-widget elementor-widget-monst-icon-box-v1\" data-id=\"9836f99\" data-element_type=\"widget\" data-widget_type=\"monst-icon-box-v1.default\">\n\t\t\t\t<div class=\"elementor-widget-container\">\n\t\t\t\t\t\r\n\r\n<div class=\"icon_simple_box two wow animate__animated animate__fadeInUp\"\r\n    data-wow-delay=\"0\">\r\n            <div class=\"icon_bx\">\r\n            <i class=\"fa fab fas  icon-think\"><\/i>\r\n        <\/div>\r\n      <div class=\"content_box\">\r\n            <h3 class=\"font-heading\">  \r\n            <a href=\"https:\/\/faq.tableo.com\/support\/tickets\/new\"  > \r\n                Support-Ticket erstellen            <\/a>\r\n        <\/h3>\r\n                        <p><p> Haben Sie einen technischen Fehler gefunden oder k\u00f6nnen Sie nicht finden, wonach Sie suchen?\nWir k\u00fcmmern uns umgehend darum.\n<p><br>\n<a href=\"https:\/\/faq.tableo.com\/support\/tickets\/new\">Support-Ticket erstellen<\/a>\n<p><br><\/p>\r\n                    <\/div>\r\n<\/div>\r\n\r\n\r\n\r\n\r\n\t\t\t\t<\/div>\n\t\t\t\t<\/div>\n\t\t\t\t\t<\/div>\n\t\t<\/div>\n\t\t\t\t<div class=\"elementor-column elementor-col-25 elementor-top-column elementor-element elementor-element-047d2c9\" data-id=\"047d2c9\" data-element_type=\"column\">\n\t\t\t<div class=\"elementor-widget-wrap elementor-element-populated\">\n\t\t\t\t\t\t<div class=\"elementor-element elementor-element-25b1177 elementor-widget elementor-widget-monst-icon-box-v1\" data-id=\"25b1177\" data-element_type=\"widget\" data-widget_type=\"monst-icon-box-v1.default\">\n\t\t\t\t<div class=\"elementor-widget-container\">\n\t\t\t\t\t\r\n\r\n<div class=\"icon_simple_box two wow animate__animated animate__fadeInUp\"\r\n    data-wow-delay=\"0\">\r\n            <div class=\"icon_bx\">\r\n            <i class=\"fa fab fas  icon-phone-call4\"><\/i>\r\n        <\/div>\r\n      <div class=\"content_box\">\r\n            <h3 class=\"font-heading\">  \r\n            <a href=\"\"  > \r\n                Mit einem Menschen sprechen\n            <\/a>\r\n        <\/h3>\r\n                        <p><p>Wir verstehen, dass manche Dinge am Telefon \u2013 mit einem echten Menschen \u2013 einfacher zu erkl\u00e4ren sind. <\/p>\n<br>\n\n  <div class=\"phone-list\">\n    <div>Malta: <a href=\"tel:+35620330096\">+356 2033 0096<\/a><\/div>\n    <div>Gro\u00dfbritannien: <a href=\"tel:+448451543698\">+44 845 154 3698<\/a><\/div>\n    <div>USA: <a href=\"tel:+14152313696\">+1 (415) 231 3696<\/a><\/div><\/p>\r\n                    <\/div>\r\n<\/div>\r\n\r\n\r\n\r\n\r\n\t\t\t\t<\/div>\n\t\t\t\t<\/div>\n\t\t\t\t\t<\/div>\n\t\t<\/div>\n\t\t\t\t\t<\/div>\n\t\t<\/section>\n\t\t\t\t<section class=\"elementor-section elementor-top-section elementor-element elementor-element-70ae493 elementor-section-boxed elementor-section-height-default elementor-section-height-default\" data-id=\"70ae493\" data-element_type=\"section\" data-settings=\"{&quot;background_background&quot;:&quot;classic&quot;}\">\n\t\t\t\t\t\t<div class=\"elementor-container elementor-column-gap-default\">\n\t\t\t\t\t<div class=\"elementor-column elementor-col-100 elementor-top-column elementor-element elementor-element-6df70aa\" data-id=\"6df70aa\" data-element_type=\"column\">\n\t\t\t<div class=\"elementor-widget-wrap elementor-element-populated\">\n\t\t\t\t\t\t<div class=\"elementor-element elementor-element-f28401d elementor-widget elementor-widget-text-editor\" data-id=\"f28401d\" data-element_type=\"widget\" data-widget_type=\"text-editor.default\">\n\t\t\t\t<div class=\"elementor-widget-container\">\n\t\t\t\t\t\t\t\t\t<h2>Haben Sie Fragen vor dem Kauf?<\/h2>\t\t\t\t\t\t\t\t<\/div>\n\t\t\t\t<\/div>\n\t\t\t\t<div class=\"elementor-element elementor-element-c6d282b elementor-widget elementor-widget-text-editor\" data-id=\"c6d282b\" data-element_type=\"widget\" data-widget_type=\"text-editor.default\">\n\t\t\t\t<div class=\"elementor-widget-container\">\n\t\t\t\t\t\t\t\t\t<p>Haben Sie Fragen zum Produkt oder zu den Preisen oder m\u00f6chten Sie einfach nur Hallo sagen?<br \/>Unser spezialisiertes Team wird regelm\u00e4\u00dfig geschult, damit wir alle Ihre Fragen beantworten k\u00f6nnen!<br \/>Seien Sie nicht sch\u00fcchtern, wir versprechen Ihnen, dass wir wirklich nett sind \ud83d\ude42<\/p>\t\t\t\t\t\t\t\t<\/div>\n\t\t\t\t<\/div>\n\t\t\t\t\t<\/div>\n\t\t<\/div>\n\t\t\t\t\t<\/div>\n\t\t<\/section>\n\t\t\t\t<section class=\"elementor-section elementor-top-section elementor-element elementor-element-84b2e2f elementor-section-boxed elementor-section-height-default elementor-section-height-default\" data-id=\"84b2e2f\" data-element_type=\"section\" data-settings=\"{&quot;background_background&quot;:&quot;classic&quot;}\">\n\t\t\t\t\t\t<div class=\"elementor-container elementor-column-gap-default\">\n\t\t\t\t\t<div class=\"elementor-column elementor-col-50 elementor-top-column elementor-element elementor-element-2cb2152\" data-id=\"2cb2152\" data-element_type=\"column\">\n\t\t\t<div class=\"elementor-widget-wrap elementor-element-populated\">\n\t\t\t\t\t\t<div class=\"elementor-element elementor-element-a03ce01 elementor-widget elementor-widget-monst-icon-box-v1\" data-id=\"a03ce01\" data-element_type=\"widget\" data-widget_type=\"monst-icon-box-v1.default\">\n\t\t\t\t<div class=\"elementor-widget-container\">\n\t\t\t\t\t\r\n\r\n<div class=\"icon_simple_box two wow animate__animated animate__fadeInUp\"\r\n    data-wow-delay=\"0\">\r\n            <div class=\"icon_bx\">\r\n            <i class=\"fa fab fas  icon-calendar1\"><\/i>\r\n        <\/div>\r\n      <div class=\"content_box\">\r\n            <h3 class=\"font-heading\">  \r\n            <a href=\"https:\/\/calendar.app.google\/q3eVPz5zEXm53ink8\"  > \r\n                Ein Treffen vereinbaren            <\/a>\r\n        <\/h3>\r\n                        <p><p> Sie m\u00f6chten Tableo genauer kennenlernen und haben noch Fragen?\n\nVereinbaren Sie einen Termin mit einem Mitglied unseres Vertriebsteams \u2013 wir finden den besten Plan f\u00fcr Sie.\n<p><br>\n<a href=\"https:\/\/calendar.app.google\/q3eVPz5zEXm53ink8\">Termin vereinbaren<\/a><\/p>\r\n                    <\/div>\r\n<\/div>\r\n\r\n\r\n\r\n\r\n\t\t\t\t<\/div>\n\t\t\t\t<\/div>\n\t\t\t\t\t<\/div>\n\t\t<\/div>\n\t\t\t\t<div class=\"elementor-column elementor-col-50 elementor-top-column elementor-element elementor-element-fa1b4ce\" data-id=\"fa1b4ce\" data-element_type=\"column\">\n\t\t\t<div class=\"elementor-widget-wrap elementor-element-populated\">\n\t\t\t\t\t\t<div class=\"elementor-element elementor-element-44f2203 elementor-widget elementor-widget-monst-icon-box-v1\" data-id=\"44f2203\" data-element_type=\"widget\" data-widget_type=\"monst-icon-box-v1.default\">\n\t\t\t\t<div class=\"elementor-widget-container\">\n\t\t\t\t\t\r\n\r\n<div class=\"icon_simple_box two wow animate__animated animate__fadeInUp\"\r\n    data-wow-delay=\"0\">\r\n            <div class=\"icon_bx\">\r\n            <i class=\"fa fab fas  icon-phone-call4\"><\/i>\r\n        <\/div>\r\n      <div class=\"content_box\">\r\n            <h3 class=\"font-heading\">  \r\n            <a href=\"\"  > \r\n                Rufen Sie uns an\n            <\/a>\r\n        <\/h3>\r\n                        <p><p>F\u00fcr alles andere oder einfach nur, um Hallo zu sagen, rufen Sie uns an unter:<\/p>\n<br>\n<div style=\"flex-direction: column;gap: 6px;max-width: 600px\">\n  <div>Malta: <a href=\"tel:+35620330096\">+356 2033 0096<\/a><\/div>\n  <div>Gro\u00dfbritannien: <a href=\"tel:+448451543698\">+44 845 154 3698<\/a><\/div>\n  <div>USA: <a href=\"tel:+14152313696\">+1 (415) 231 3696<\/a><\/div>\n<\/div><\/p>\r\n                    <\/div>\r\n<\/div>\r\n\r\n\r\n\r\n\r\n\t\t\t\t<\/div>\n\t\t\t\t<\/div>\n\t\t\t\t\t<\/div>\n\t\t<\/div>\n\t\t\t\t\t<\/div>\n\t\t<\/section>\n\t\t\t\t<\/div>\n\t\t","protected":false},"excerpt":{"rendered":"<p>Individuelle Unterst\u00fctzung bei jedem Schritt Wir sprechen Ihre Sprache. Ob es sich um eine schnelle L\u00f6sung oder ein freundliches Gespr\u00e4ch handelt, wir sind f\u00fcr Sie da. Richten Sie Ihr Restaurant ein Zuverl\u00e4ssiger Support \u2013 wann immer Sie ihn brauchent Wir versprechen: keine endlose Warteschleife, kein Telefonmen\u00fc \u2013 nur ein echter Mensch. Ihre E-Mail verschwindet nicht [&hellip;]<\/p>\n","protected":false},"author":28,"featured_media":0,"parent":0,"menu_order":0,"comment_status":"closed","ping_status":"closed","template":"template-fullwidth.php","meta":{"footnotes":""},"class_list":["post-105983","page","type-page","status-publish","hentry"],"aioseo_notices":[],"_links":{"self":[{"href":"https:\/\/tableo.com\/de\/wp-json\/wp\/v2\/pages\/105983","targetHints":{"allow":["GET"]}}],"collection":[{"href":"https:\/\/tableo.com\/de\/wp-json\/wp\/v2\/pages"}],"about":[{"href":"https:\/\/tableo.com\/de\/wp-json\/wp\/v2\/types\/page"}],"author":[{"embeddable":true,"href":"https:\/\/tableo.com\/de\/wp-json\/wp\/v2\/users\/28"}],"replies":[{"embeddable":true,"href":"https:\/\/tableo.com\/de\/wp-json\/wp\/v2\/comments?post=105983"}],"version-history":[{"count":38,"href":"https:\/\/tableo.com\/de\/wp-json\/wp\/v2\/pages\/105983\/revisions"}],"predecessor-version":[{"id":119951,"href":"https:\/\/tableo.com\/de\/wp-json\/wp\/v2\/pages\/105983\/revisions\/119951"}],"wp:attachment":[{"href":"https:\/\/tableo.com\/de\/wp-json\/wp\/v2\/media?parent=105983"}],"curies":[{"name":"wp","href":"https:\/\/api.w.org\/{rel}","templated":true}]}}