{"id":121681,"date":"2022-08-08T14:57:35","date_gmt":"2022-08-08T14:57:35","guid":{"rendered":"https:\/\/tableo.com\/gastronomie-magazin-ihr-online-magazin-fuer-restaurants\/"},"modified":"2026-05-05T16:14:00","modified_gmt":"2026-05-05T16:14:00","slug":"gastronomie-magazin-ihr-online-magazin-fuer-restaurants","status":"publish","type":"page","link":"https:\/\/tableo.com\/de\/gastronomie-magazin-ihr-online-magazin-fuer-restaurants\/","title":{"rendered":"Gastronomie-Magazin: Ihr Online-Magazin f\u00fcr Restaurants"},"content":{"rendered":"\t\t<div data-elementor-type=\"wp-page\" data-elementor-id=\"121681\" class=\"elementor elementor-121681 elementor-3447\" data-elementor-post-type=\"page\">\n\t\t\t\t\t\t<section class=\"elementor-section elementor-top-section elementor-element elementor-element-a512f69 elementor-section-boxed elementor-section-height-default elementor-section-height-default\" data-id=\"a512f69\" data-element_type=\"section\">\n\t\t\t\t\t\t<div class=\"elementor-container elementor-column-gap-default\">\n\t\t\t\t\t<div class=\"elementor-column elementor-col-100 elementor-top-column elementor-element elementor-element-5f44e80\" data-id=\"5f44e80\" data-element_type=\"column\">\n\t\t\t<div class=\"elementor-widget-wrap elementor-element-populated\">\n\t\t\t\t\t\t<div class=\"elementor-element elementor-element-d3a4b1a elementor-widget elementor-widget-monst-blog-post-v1\" data-id=\"d3a4b1a\" data-element_type=\"widget\" data-widget_type=\"monst-blog-post-v1.default\">\n\t\t\t\t<div class=\"elementor-widget-container\">\n\t\t\t\t\t<section class=\"blog_post position-relative blog_style_one\">\r\n    <div\r\n        class=\"row loop-grid\">\r\n                                        \r\n         <article class=\"col-xl-4 col-lg-4 col-md-6 col-sm-6 post-120652 post type-post status-publish format-standard has-post-thumbnail hentry category-betrieb\">\r\n \r\n            <div class=\"card_blog default_style clearfix has_images\"\r\n                id=\"post-120652\">\r\n                                <a href=\"https:\/\/tableo.com\/de\/betrieb\/restaurantsicherheit-risiken-reduzieren\/\">\r\n                    <figure class=\"image\">\r\n                        <img fetchpriority=\"high\" decoding=\"async\" width=\"626\" height=\"467\" src=\"https:\/\/tableo.com\/wp-content\/uploads\/Hospitality-risk-errors.webp\" class=\"attachment-post-thumbnail size-post-thumbnail wp-post-image\" alt=\"Hospitality risk - errors\" srcset=\"https:\/\/tableo.com\/wp-content\/uploads\/Hospitality-risk-errors.webp 626w, https:\/\/tableo.com\/wp-content\/uploads\/Hospitality-risk-errors-500x373.webp 500w\" sizes=\"(max-width: 626px) 100vw, 626px\" \/>                    <\/figure>\r\n                <\/a>\r\n                                <div class=\"content_box\">\r\n                    <ul class=\"meta_box\">\r\n                                                <li><a href=\"https:\/\/tableo.com\/de\/category\/betrieb\/\" class=\"categories\"> Betrieb<\/a><\/li>\r\n                                                <li>Mai 5, 2026<\/li>\r\n                    <\/ul>\r\n                    <h2 class=\"title\"><a href=\"https:\/\/tableo.com\/de\/betrieb\/restaurantsicherheit-risiken-reduzieren\/\" rel=\"bookmark\">Halte dein Restaurant sicher: Risiken einfach reduzieren<\/a><\/h2>                                        <p>Das wissen Sie bereits: \u201eEin Restaurant, eine Bar oder ein Hotel zu f\u00fchren ist nicht nur eine Frage des Service.Es&hellip;<\/p>\r\n                                    <\/div>\r\n            <\/div>\r\n        <\/article>\r\n\r\n\r\n                        \r\n                                \r\n         <article class=\"col-xl-4 col-lg-4 col-md-6 col-sm-6 post-121090 post type-post status-publish format-standard has-post-thumbnail hentry category-personalwesen\">\r\n \r\n            <div class=\"card_blog default_style clearfix has_images\"\r\n                id=\"post-121090\">\r\n                                <a href=\"https:\/\/tableo.com\/de\/personalwesen\/restaurant-mitarbeiterbindung\/\">\r\n                    <figure class=\"image\">\r\n                        <img decoding=\"async\" width=\"1280\" height=\"714\" src=\"https:\/\/tableo.com\/wp-content\/uploads\/1775606638687_Hospitality-staff-team-brief-at-host-stand.jpeg\" class=\"attachment-post-thumbnail size-post-thumbnail wp-post-image\" alt=\"team\" srcset=\"https:\/\/tableo.com\/wp-content\/uploads\/1775606638687_Hospitality-staff-team-brief-at-host-stand.jpeg 1280w, https:\/\/tableo.com\/wp-content\/uploads\/1775606638687_Hospitality-staff-team-brief-at-host-stand-500x279.jpeg 500w, https:\/\/tableo.com\/wp-content\/uploads\/1775606638687_Hospitality-staff-team-brief-at-host-stand-768x428.jpeg 768w\" sizes=\"(max-width: 1280px) 100vw, 1280px\" \/>                    <\/figure>\r\n                <\/a>\r\n                                <div class=\"content_box\">\r\n                    <ul class=\"meta_box\">\r\n                                                <li><a href=\"https:\/\/tableo.com\/de\/category\/personalwesen\/\" class=\"categories\"> Personalwesen<\/a><\/li>\r\n                                                <li>April 14, 2026<\/li>\r\n                    <\/ul>\r\n                    <h2 class=\"title\"><a href=\"https:\/\/tableo.com\/de\/personalwesen\/restaurant-mitarbeiterbindung\/\" rel=\"bookmark\">So h\u00e4ltst du dein Restaurantteam l\u00e4nger (und zufriedener)<\/a><\/h2>                                        <p>Wenn Sie das Gef\u00fchl haben, dass Ihr Team sich st\u00e4ndig ver\u00e4ndert, sind Sie nicht allein. Aber das bedeutet nicht, dass&hellip;<\/p>\r\n                                    <\/div>\r\n            <\/div>\r\n        <\/article>\r\n\r\n\r\n                        \r\n                                \r\n         <article class=\"col-xl-4 col-lg-4 col-md-6 col-sm-6 post-121010 post type-post status-publish format-standard has-post-thumbnail hentry category-betrieb\">\r\n \r\n            <div class=\"card_blog default_style clearfix has_images\"\r\n                id=\"post-121010\">\r\n                                <a href=\"https:\/\/tableo.com\/de\/betrieb\/saisonale-restaurant-buchungstrends\/\">\r\n                    <figure class=\"image\">\r\n                        <img decoding=\"async\" width=\"1280\" height=\"714\" src=\"https:\/\/tableo.com\/wp-content\/uploads\/1775520371526_Restaurant-manager-reviewing-booking-data-at-table.webp\" class=\"attachment-post-thumbnail size-post-thumbnail wp-post-image\" alt=\"Managing restaurant\" srcset=\"https:\/\/tableo.com\/wp-content\/uploads\/1775520371526_Restaurant-manager-reviewing-booking-data-at-table.webp 1280w, https:\/\/tableo.com\/wp-content\/uploads\/1775520371526_Restaurant-manager-reviewing-booking-data-at-table-500x279.webp 500w, https:\/\/tableo.com\/wp-content\/uploads\/1775520371526_Restaurant-manager-reviewing-booking-data-at-table-768x428.webp 768w\" sizes=\"(max-width: 1280px) 100vw, 1280px\" \/>                    <\/figure>\r\n                <\/a>\r\n                                <div class=\"content_box\">\r\n                    <ul class=\"meta_box\">\r\n                                                <li><a href=\"https:\/\/tableo.com\/de\/category\/betrieb\/\" class=\"categories\"> Betrieb<\/a><\/li>\r\n                                                <li>April 14, 2026<\/li>\r\n                    <\/ul>\r\n                    <h2 class=\"title\"><a href=\"https:\/\/tableo.com\/de\/betrieb\/saisonale-restaurant-buchungstrends\/\" rel=\"bookmark\">Saisonale Buchungstrends: Mehr Tische das ganze Jahr f\u00fcllen<\/a><\/h2>                                        <p>Ihre belebtesten Abende sind nicht mehr nur die Wochenenden. Das Buchungsverhalten ver\u00e4ndert sich, und wenn Sie Ihre saisonalen Muster nicht&hellip;<\/p>\r\n                                    <\/div>\r\n            <\/div>\r\n        <\/article>\r\n\r\n\r\n                        \r\n                            <\/div>\r\n    <!--End tab-content-->\r\n        <div class=\"row\">\r\n        <div class=\"col-lg-12\">\r\n            <div class=\"pagination_blog\">\r\n                            <\/div>\r\n        <\/div>\r\n    <\/div>\r\n    <\/section>\r\n\r\n\t\t\t\t<\/div>\n\t\t\t\t<\/div>\n\t\t\t\t\t<\/div>\n\t\t<\/div>\n\t\t\t\t\t<\/div>\n\t\t<\/section>\n\t\t\t\t<\/div>\n\t\t","protected":false},"excerpt":{"rendered":"<p>Uncategorized February 4, 2026 Untitled_57 Product News February 4, 2026 Untitled_56 Product News January 30, 2026 Restaurant Lighting Design Ideas: Transforming Ambience Restaurant lighting design ideas to boost ambience, functionality, and brand identity. Learn types, key features, risks, and practical choices for&hellip; Product News January 30, 2026 Improving Outdoor Dining: Boosting Bookings And Guest Loyalty [&hellip;]<\/p>\n","protected":false},"author":1,"featured_media":0,"parent":0,"menu_order":0,"comment_status":"closed","ping_status":"closed","template":"template-fullwidth.php","meta":{"footnotes":""},"class_list":["post-121681","page","type-page","status-publish","hentry"],"aioseo_notices":[],"_links":{"self":[{"href":"https:\/\/tableo.com\/de\/wp-json\/wp\/v2\/pages\/121681","targetHints":{"allow":["GET"]}}],"collection":[{"href":"https:\/\/tableo.com\/de\/wp-json\/wp\/v2\/pages"}],"about":[{"href":"https:\/\/tableo.com\/de\/wp-json\/wp\/v2\/types\/page"}],"author":[{"embeddable":true,"href":"https:\/\/tableo.com\/de\/wp-json\/wp\/v2\/users\/1"}],"replies":[{"embeddable":true,"href":"https:\/\/tableo.com\/de\/wp-json\/wp\/v2\/comments?post=121681"}],"version-history":[{"count":1,"href":"https:\/\/tableo.com\/de\/wp-json\/wp\/v2\/pages\/121681\/revisions"}],"predecessor-version":[{"id":121682,"href":"https:\/\/tableo.com\/de\/wp-json\/wp\/v2\/pages\/121681\/revisions\/121682"}],"wp:attachment":[{"href":"https:\/\/tableo.com\/de\/wp-json\/wp\/v2\/media?parent=121681"}],"curies":[{"name":"wp","href":"https:\/\/api.w.org\/{rel}","templated":true}]}}