{"id":43643,"date":"2024-03-15T08:26:18","date_gmt":"2024-03-15T08:26:18","guid":{"rendered":"https:\/\/tableo.com\/pagina-de-ayuda\/"},"modified":"2026-02-16T10:08:38","modified_gmt":"2026-02-16T10:08:38","slug":"soporte","status":"publish","type":"page","link":"https:\/\/tableo.com\/es\/soporte\/","title":{"rendered":"P\u00e1gina de ayuda"},"content":{"rendered":"\t\t<div data-elementor-type=\"wp-page\" data-elementor-id=\"43643\" class=\"elementor elementor-43643 elementor-39199\" data-elementor-post-type=\"page\">\n\t\t\t\t\t\t<section class=\"elementor-section elementor-top-section elementor-element elementor-element-790a67d6 elementor-section-boxed elementor-section-height-default elementor-section-height-default\" data-id=\"790a67d6\" data-element_type=\"section\" data-settings=\"{&quot;background_background&quot;:&quot;classic&quot;}\">\n\t\t\t\t\t\t<div class=\"elementor-container elementor-column-gap-default\">\n\t\t\t\t\t<div class=\"elementor-column elementor-col-50 elementor-top-column elementor-element elementor-element-478015b3\" data-id=\"478015b3\" data-element_type=\"column\">\n\t\t\t<div class=\"elementor-widget-wrap elementor-element-populated\">\n\t\t\t\t\t\t<div class=\"elementor-element elementor-element-5440e9e6 elementor-widget elementor-widget-text-editor\" data-id=\"5440e9e6\" data-element_type=\"widget\" data-widget_type=\"text-editor.default\">\n\t\t\t\t<div class=\"elementor-widget-container\">\n\t\t\t\t\t\t\t\t\t<h1 style=\"color: white;\">Apoyo personalizado en cada paso del camino<\/h1>\n<p style=\"font-size: 20px;\">Hablamos tu idioma. Tanto si se trata de una soluci\u00f3n r\u00e1pida como de una charla amistosa, estamos aqu\u00ed para ti. <\/p>\t\t\t\t\t\t\t\t<\/div>\n\t\t\t\t<\/div>\n\t\t<div class=\"elementor-element elementor-element-3de75614 e-flex e-con-boxed e-con e-parent\" data-id=\"3de75614\" data-element_type=\"container\">\n\t\t\t\t\t<div class=\"e-con-inner\">\n\t\t\t\t<div class=\"elementor-element elementor-element-10f42935 elementor-hidden-tablet elementor-hidden-mobile elementor-widget elementor-widget-image\" data-id=\"10f42935\" data-element_type=\"widget\" data-widget_type=\"image.default\">\n\t\t\t\t<div class=\"elementor-widget-container\">\n\t\t\t\t\t\t\t\t\t\t\t\t\t\t\t<img decoding=\"async\" src=\"https:\/\/tableo.com\/wp-content\/uploads\/elementor\/thumbs\/slashdot-badge-r2r5g06a7z912ywdygx6q2fgvr5umbjq7lw2w4q3a8.png\" title=\"slashdot-badge\" alt=\"slashdot-badge\" loading=\"lazy\" \/>\t\t\t\t\t\t\t\t\t\t\t\t\t\t\t<\/div>\n\t\t\t\t<\/div>\n\t\t\t\t<div class=\"elementor-element elementor-element-289e558a elementor-widget elementor-widget-image\" data-id=\"289e558a\" data-element_type=\"widget\" data-widget_type=\"image.default\">\n\t\t\t\t<div class=\"elementor-widget-container\">\n\t\t\t\t\t\t\t\t\t\t\t\t\t\t\t<img decoding=\"async\" src=\"https:\/\/tableo.com\/wp-content\/uploads\/elementor\/thumbs\/source-forge-badge-r2r5etvjofn4kilttgmz3v3q5eybzxvt1sj8aogt28.png\" title=\"source-forge-badge\" alt=\"source-forge-badge\" loading=\"lazy\" \/>\t\t\t\t\t\t\t\t\t\t\t\t\t\t\t<\/div>\n\t\t\t\t<\/div>\n\t\t\t\t<div class=\"elementor-element elementor-element-5504843 elementor-widget elementor-widget-image\" data-id=\"5504843\" data-element_type=\"widget\" data-widget_type=\"image.default\">\n\t\t\t\t<div class=\"elementor-widget-container\">\n\t\t\t\t\t\t\t\t\t\t\t\t\t\t\t<img decoding=\"async\" src=\"https:\/\/tableo.com\/wp-content\/uploads\/elementor\/thumbs\/capterra-badge-e1741787477353-r2r5htyzr5i0h4fj3u0a5xjlm97w9zxwgig4s103f8.png\" title=\"capterra-badge\" alt=\"capterra-badge\" loading=\"lazy\" \/>\t\t\t\t\t\t\t\t\t\t\t\t\t\t\t<\/div>\n\t\t\t\t<\/div>\n\t\t\t\t<div class=\"elementor-element elementor-element-5af05f44 elementor-widget elementor-widget-image\" data-id=\"5af05f44\" data-element_type=\"widget\" data-widget_type=\"image.default\">\n\t\t\t\t<div class=\"elementor-widget-container\">\n\t\t\t\t\t\t\t\t\t\t\t\t\t\t\t<img decoding=\"async\" src=\"https:\/\/tableo.com\/wp-content\/uploads\/elementor\/thumbs\/software-advice-badge-e1741787524679-r2r5j25eod6j2cv256t7x0pd5xnubduo2qaloc8n16.png\" title=\"software-advice-badge\" alt=\"software-advice-badge\" loading=\"lazy\" \/>\t\t\t\t\t\t\t\t\t\t\t\t\t\t\t<\/div>\n\t\t\t\t<\/div>\n\t\t\t\t\t<\/div>\n\t\t\t\t<\/div>\n\t\t\t\t\t<\/div>\n\t\t<\/div>\n\t\t\t\t<div class=\"elementor-column elementor-col-50 elementor-top-column elementor-element elementor-element-5fd03b02\" data-id=\"5fd03b02\" data-element_type=\"column\">\n\t\t\t<div class=\"elementor-widget-wrap elementor-element-populated\">\n\t\t\t\t\t\t<div class=\"elementor-element elementor-element-801af28 elementor-hidden-mobile elementor-widget elementor-widget-html\" data-id=\"801af28\" data-element_type=\"widget\" data-widget_type=\"html.default\">\n\t\t\t\t<div class=\"elementor-widget-container\">\n\t\t\t\t\t<script src=\"https:\/\/widget.senja.io\/widget\/a39dc992-06e1-462f-9a51-72b6538160cd\/platform.js\" type=\"text\/javascript\" async><\/script>\r\n<div class=\"senja-embed\" data-id=\"a39dc992-06e1-462f-9a51-72b6538160cd\" data-mode=\"shadow\" data-lazyload=\"false\" style=\"display: block; width: 100%;\"><\/div>\t\t\t\t<\/div>\n\t\t\t\t<\/div>\n\t\t\t\t\t<\/div>\n\t\t<\/div>\n\t\t\t\t\t<\/div>\n\t\t<\/section>\n\t\t\t\t<section class=\"elementor-section elementor-top-section elementor-element elementor-element-3baabef elementor-section-boxed elementor-section-height-default elementor-section-height-default\" data-id=\"3baabef\" data-element_type=\"section\">\n\t\t\t\t\t\t<div class=\"elementor-container elementor-column-gap-default\">\n\t\t\t\t\t<div class=\"elementor-column elementor-col-100 elementor-top-column elementor-element elementor-element-e32c79d\" data-id=\"e32c79d\" data-element_type=\"column\">\n\t\t\t<div class=\"elementor-widget-wrap elementor-element-populated\">\n\t\t\t\t\t\t<div class=\"elementor-element elementor-element-97d6f1f elementor-widget elementor-widget-text-editor\" data-id=\"97d6f1f\" data-element_type=\"widget\" data-widget_type=\"text-editor.default\">\n\t\t\t\t<div class=\"elementor-widget-container\">\n\t\t\t\t\t\t\t\t\t<h2>Apoyo inigualable en todo momento<\/h2>\n\t\t\t\t\t\t\t\t<\/div>\n\t\t\t\t<\/div>\n\t\t\t\t\t<\/div>\n\t\t<\/div>\n\t\t\t\t\t<\/div>\n\t\t<\/section>\n\t\t\t\t<section class=\"elementor-section elementor-top-section elementor-element elementor-element-4bf2fb1 elementor-section-boxed elementor-section-height-default elementor-section-height-default\" data-id=\"4bf2fb1\" data-element_type=\"section\">\n\t\t\t\t\t\t<div class=\"elementor-container elementor-column-gap-default\">\n\t\t\t\t\t<div class=\"elementor-column elementor-col-50 elementor-top-column elementor-element elementor-element-7b856f4\" data-id=\"7b856f4\" data-element_type=\"column\">\n\t\t\t<div class=\"elementor-widget-wrap elementor-element-populated\">\n\t\t\t\t\t\t<div class=\"elementor-element elementor-element-0613514 elementor-widget elementor-widget-text-editor\" data-id=\"0613514\" data-element_type=\"widget\" data-widget_type=\"text-editor.default\">\n\t\t\t\t<div class=\"elementor-widget-container\">\n\t\t\t\t\t\t\t\t\t<ul>\n<li>\n<p>Le prometemos que nunca tendr\u00e1 que esperar en una cola ni pulsar multitud de botones cuando nos llame.  <\/p>\n<\/li>\n<li>\n<p>Su correo electr\u00f3nico tampoco ir\u00e1 a parar al abismo de la bandeja de entrada, para no volver a verlo ni a saber de \u00e9l.  <\/p>\n<\/li>\n<li>\n<p>Nos esforzamos por ofrecerle el mismo servicio excepcional que esperamos para nosotros, desde su primera consulta hasta su 10\u00ba aniversario y mucho m\u00e1s.  <\/p>\n<\/li>\n<li>\n<p>Tanto si regentas un acogedor restaurante familiar como una gran <a href=\"https:\/\/tableo.com\/es\/solucion\/hotel-restaurantes\/\">empresa multicanal<\/a>, estamos aqu\u00ed para ayudarte.<\/p>\n<\/li>\n<\/ul>\n\t\t\t\t\t\t\t\t<\/div>\n\t\t\t\t<\/div>\n\t\t\t\t\t<\/div>\n\t\t<\/div>\n\t\t\t\t<div class=\"elementor-column elementor-col-50 elementor-top-column elementor-element elementor-element-7730d68\" data-id=\"7730d68\" data-element_type=\"column\">\n\t\t\t<div class=\"elementor-widget-wrap elementor-element-populated\">\n\t\t\t\t\t\t<div class=\"elementor-element elementor-element-daf143e elementor-widget__width-initial elementor-widget elementor-widget-image\" data-id=\"daf143e\" data-element_type=\"widget\" data-widget_type=\"image.default\">\n\t\t\t\t<div class=\"elementor-widget-container\">\n\t\t\t\t\t\t\t\t\t\t\t\t\t\t\t<img fetchpriority=\"high\" decoding=\"async\" width=\"1654\" height=\"1654\" src=\"https:\/\/tableo.com\/wp-content\/uploads\/customer-support.webp\" class=\"attachment-large size-large wp-image-67503\" alt=\"customer support\" srcset=\"https:\/\/tableo.com\/wp-content\/uploads\/customer-support.webp 1654w, https:\/\/tableo.com\/wp-content\/uploads\/customer-support-400x400.webp 400w, https:\/\/tableo.com\/wp-content\/uploads\/customer-support-768x768.webp 768w, https:\/\/tableo.com\/wp-content\/uploads\/customer-support-1536x1536.webp 1536w, https:\/\/tableo.com\/wp-content\/uploads\/customer-support-150x150.webp 150w, https:\/\/tableo.com\/wp-content\/uploads\/customer-support-70x70.webp 70w\" sizes=\"(max-width: 1654px) 100vw, 1654px\" \/>\t\t\t\t\t\t\t\t\t\t\t\t\t\t\t<\/div>\n\t\t\t\t<\/div>\n\t\t\t\t\t<\/div>\n\t\t<\/div>\n\t\t\t\t\t<\/div>\n\t\t<\/section>\n\t\t\t\t<section class=\"elementor-section elementor-top-section elementor-element elementor-element-1761f78 elementor-section-boxed elementor-section-height-default elementor-section-height-default\" data-id=\"1761f78\" data-element_type=\"section\" data-settings=\"{&quot;background_background&quot;:&quot;classic&quot;}\">\n\t\t\t\t\t\t<div class=\"elementor-container elementor-column-gap-default\">\n\t\t\t\t\t<div class=\"elementor-column elementor-col-100 elementor-top-column elementor-element elementor-element-05d7d62\" data-id=\"05d7d62\" data-element_type=\"column\">\n\t\t\t<div class=\"elementor-widget-wrap elementor-element-populated\">\n\t\t\t\t\t\t<div class=\"elementor-element elementor-element-8890f3c elementor-widget elementor-widget-text-editor\" data-id=\"8890f3c\" data-element_type=\"widget\" data-widget_type=\"text-editor.default\">\n\t\t\t\t<div class=\"elementor-widget-container\">\n\t\t\t\t\t\t\t\t\t<h2>Atenci\u00f3n al cliente<\/h2>\n\t\t\t\t\t\t\t\t<\/div>\n\t\t\t\t<\/div>\n\t\t\t\t<div class=\"elementor-element elementor-element-d2d2592 elementor-widget elementor-widget-text-editor\" data-id=\"d2d2592\" data-element_type=\"widget\" data-widget_type=\"text-editor.default\">\n\t\t\t\t<div class=\"elementor-widget-container\">\n\t\t\t\t\t\t\t\t\t<p>\u00bfYa utiliza nuestros productos y necesita ayuda con alg\u00fan problema? \u00bfO simplemente quieres aprender a sacar el m\u00e1ximo partido de todas las funciones y ventajas de Tableo en <br \/>? Hazlo t\u00fa mismo o chatea con nosotros<\/span><\/p>\n\t\t\t\t\t\t\t\t<\/div>\n\t\t\t\t<\/div>\n\t\t\t\t\t<\/div>\n\t\t<\/div>\n\t\t\t\t\t<\/div>\n\t\t<\/section>\n\t\t\t\t<section class=\"elementor-section elementor-top-section elementor-element elementor-element-8c4ae23 elementor-section-boxed elementor-section-height-default elementor-section-height-default\" data-id=\"8c4ae23\" data-element_type=\"section\" data-settings=\"{&quot;background_background&quot;:&quot;classic&quot;}\">\n\t\t\t\t\t\t<div class=\"elementor-container elementor-column-gap-default\">\n\t\t\t\t\t<div class=\"elementor-column elementor-col-25 elementor-top-column elementor-element elementor-element-00a5208\" data-id=\"00a5208\" data-element_type=\"column\">\n\t\t\t<div class=\"elementor-widget-wrap elementor-element-populated\">\n\t\t\t\t\t\t<div class=\"elementor-element elementor-element-f34555e elementor-widget elementor-widget-monst-icon-box-v1\" data-id=\"f34555e\" data-element_type=\"widget\" data-widget_type=\"monst-icon-box-v1.default\">\n\t\t\t\t<div class=\"elementor-widget-container\">\n\t\t\t\t\t\r\n\r\n<div class=\"icon_simple_box two wow animate__animated animate__fadeInUp\"\r\n    data-wow-delay=\"0\">\r\n            <div class=\"icon_bx\">\r\n            <i class=\"fa fab fas  icon-question\"><\/i>\r\n        <\/div>\r\n      <div class=\"content_box\">\r\n            <h3 class=\"font-heading\">  \r\n            <a href=\"https:\/\/faq.tableo.com\/support\/solutions\"  > \r\n                Visite nuestro centro de recursos            <\/a>\r\n        <\/h3>\r\n                        <p><p> Aqu\u00ed encontrar\u00e1 preguntas frecuentes y procedimientos que le ayudar\u00e1n a sacar el m\u00e1ximo partido de Tableo.\n<p><br>\n<a href=\"https:\/\/faq.tableo.com\/support\/solutions\">Recursos \u00fatiles<\/a>\n<p><br><\/p>\r\n                    <\/div>\r\n<\/div>\r\n\r\n\r\n\r\n\r\n\t\t\t\t<\/div>\n\t\t\t\t<\/div>\n\t\t\t\t\t<\/div>\n\t\t<\/div>\n\t\t\t\t<div class=\"elementor-column elementor-col-25 elementor-top-column elementor-element elementor-element-e6d8b8d\" data-id=\"e6d8b8d\" data-element_type=\"column\">\n\t\t\t<div class=\"elementor-widget-wrap elementor-element-populated\">\n\t\t\t\t\t\t<div class=\"elementor-element elementor-element-767a4cd elementor-widget elementor-widget-monst-icon-box-v1\" data-id=\"767a4cd\" data-element_type=\"widget\" data-widget_type=\"monst-icon-box-v1.default\">\n\t\t\t\t<div class=\"elementor-widget-container\">\n\t\t\t\t\t\r\n\r\n<div class=\"icon_simple_box two wow animate__animated animate__fadeInUp\"\r\n    data-wow-delay=\"0\">\r\n            <div class=\"icon_bx\">\r\n            <i class=\"fa fab fas  icon-support-1\"><\/i>\r\n        <\/div>\r\n      <div class=\"content_box\">\r\n            <h3 class=\"font-heading\">  \r\n            <a href=\"\"  > \r\n                <a class=\"chat-btn\">Chatea con nosotros en cualquier idioma<\/a>            <\/a>\r\n        <\/h3>\r\n                        <p><p> \nNuestro equipo de soporte est\u00e1 a su disposici\u00f3n de \n<p>9:00 - 19:30 CET Lun- Vie <br>\n10:30 - 19:00 CET S\u00e1b\n<p><br>\n<a class=\"chat-btn\">Chatea con nosotros<\/a><\/span>\n<br><br>\n<\/p>\r\n                    <\/div>\r\n<\/div>\r\n\r\n\r\n\r\n\r\n\t\t\t\t<\/div>\n\t\t\t\t<\/div>\n\t\t\t\t\t<\/div>\n\t\t<\/div>\n\t\t\t\t<div class=\"elementor-column elementor-col-25 elementor-top-column elementor-element elementor-element-59b2b57\" data-id=\"59b2b57\" data-element_type=\"column\">\n\t\t\t<div class=\"elementor-widget-wrap elementor-element-populated\">\n\t\t\t\t\t\t<div class=\"elementor-element elementor-element-d2a31ed elementor-widget elementor-widget-monst-icon-box-v1\" data-id=\"d2a31ed\" data-element_type=\"widget\" data-widget_type=\"monst-icon-box-v1.default\">\n\t\t\t\t<div class=\"elementor-widget-container\">\n\t\t\t\t\t\r\n\r\n<div class=\"icon_simple_box two wow animate__animated animate__fadeInUp\"\r\n    data-wow-delay=\"0\">\r\n            <div class=\"icon_bx\">\r\n            <i class=\"fa fab fas  icon-think\"><\/i>\r\n        <\/div>\r\n      <div class=\"content_box\">\r\n            <h3 class=\"font-heading\">  \r\n            <a href=\"https:\/\/faq.tableo.com\/support\/tickets\/new\"  > \r\n                Abrir una solicitud de asistencia            <\/a>\r\n        <\/h3>\r\n                        <p><p> \u00bfHa encontrado un error o no encuentra lo que busca?\nLo solucionaremos en un abrir y cerrar de ojos\n<p><br>\n<a href=\"https:\/\/faq.tableo.com\/support\/tickets\/new\">Solicite una incidencia<\/a>\n<p><br><\/p>\r\n                    <\/div>\r\n<\/div>\r\n\r\n\r\n\r\n\r\n\t\t\t\t<\/div>\n\t\t\t\t<\/div>\n\t\t\t\t\t<\/div>\n\t\t<\/div>\n\t\t\t\t<div class=\"elementor-column elementor-col-25 elementor-top-column elementor-element elementor-element-e11c24b\" data-id=\"e11c24b\" data-element_type=\"column\">\n\t\t\t<div class=\"elementor-widget-wrap elementor-element-populated\">\n\t\t\t\t\t\t<div class=\"elementor-element elementor-element-96ec02b elementor-widget elementor-widget-monst-icon-box-v1\" data-id=\"96ec02b\" data-element_type=\"widget\" data-widget_type=\"monst-icon-box-v1.default\">\n\t\t\t\t<div class=\"elementor-widget-container\">\n\t\t\t\t\t\r\n\r\n<div class=\"icon_simple_box two wow animate__animated animate__fadeInUp\"\r\n    data-wow-delay=\"0\">\r\n            <div class=\"icon_bx\">\r\n            <i class=\"fa fab fas  icon-phone-call4\"><\/i>\r\n        <\/div>\r\n      <div class=\"content_box\">\r\n            <h3 class=\"font-heading\">  \r\n            <a href=\"\"  > \r\n                Hablar con un humano\n            <\/a>\r\n        <\/h3>\r\n                        <p><p>Lo entendemos, algunas cosas son m\u00e1s f\u00e1ciles de explicar por tel\u00e9fono - a una persona real.<\/p> <p>\n<br>\n\n <div class=\"phone-list\">\n <div>Malta: <a href=\"tel:+35620330096\">+356 2033 0096<\/a><\/div>\n <div>REINO UNIDO: <a href=\"tel:+448451543698\">+44 845 154 3698<\/a><\/div>\n <div>EEUU: <a href=\"tel:+14152313696\">+1 (415) 231 3696<\/a><\/div><\/p>\r\n                    <\/div>\r\n<\/div>\r\n\r\n\r\n\r\n\r\n\t\t\t\t<\/div>\n\t\t\t\t<\/div>\n\t\t\t\t\t<\/div>\n\t\t<\/div>\n\t\t\t\t\t<\/div>\n\t\t<\/section>\n\t\t\t\t<section class=\"elementor-section elementor-top-section elementor-element elementor-element-3f097d7 elementor-section-boxed elementor-section-height-default elementor-section-height-default\" data-id=\"3f097d7\" data-element_type=\"section\" data-settings=\"{&quot;background_background&quot;:&quot;classic&quot;}\">\n\t\t\t\t\t\t<div class=\"elementor-container elementor-column-gap-default\">\n\t\t\t\t\t<div class=\"elementor-column elementor-col-100 elementor-top-column elementor-element elementor-element-04e9d88\" data-id=\"04e9d88\" data-element_type=\"column\">\n\t\t\t<div class=\"elementor-widget-wrap elementor-element-populated\">\n\t\t\t\t\t\t<div class=\"elementor-element elementor-element-60cf291 elementor-widget elementor-widget-text-editor\" data-id=\"60cf291\" data-element_type=\"widget\" data-widget_type=\"text-editor.default\">\n\t\t\t\t<div class=\"elementor-widget-container\">\n\t\t\t\t\t\t\t\t\t<h2>Apoyo a las ventas<\/h2>\n\t\t\t\t\t\t\t\t<\/div>\n\t\t\t\t<\/div>\n\t\t\t\t<div class=\"elementor-element elementor-element-84c1988 elementor-widget elementor-widget-text-editor\" data-id=\"84c1988\" data-element_type=\"widget\" data-widget_type=\"text-editor.default\">\n\t\t\t\t<div class=\"elementor-widget-container\">\n\t\t\t\t\t\t\t\t\t<p>\u00bfTiene alguna pregunta sobre el producto o los precios, o simplemente quiere saludar?  <br \/>  Nuestro equipo especializado recibe formaci\u00f3n peri\u00f3dica, para asegurarnos de que tenemos todas las respuestas a sus preguntas.  <br \/>  No sea t\u00edmido, le prometemos que somos muy majos \ud83d\ude42<\/span><\/p>\n\t\t\t\t\t\t\t\t<\/div>\n\t\t\t\t<\/div>\n\t\t\t\t\t<\/div>\n\t\t<\/div>\n\t\t\t\t\t<\/div>\n\t\t<\/section>\n\t\t\t\t<section class=\"elementor-section elementor-top-section elementor-element elementor-element-0c18bc5 elementor-section-boxed elementor-section-height-default elementor-section-height-default\" data-id=\"0c18bc5\" data-element_type=\"section\" data-settings=\"{&quot;background_background&quot;:&quot;classic&quot;}\">\n\t\t\t\t\t\t<div class=\"elementor-container elementor-column-gap-default\">\n\t\t\t\t\t<div class=\"elementor-column elementor-col-50 elementor-top-column elementor-element elementor-element-b7ffc19\" data-id=\"b7ffc19\" data-element_type=\"column\">\n\t\t\t<div class=\"elementor-widget-wrap elementor-element-populated\">\n\t\t\t\t\t\t<div class=\"elementor-element elementor-element-3a876b0 elementor-widget elementor-widget-monst-icon-box-v1\" data-id=\"3a876b0\" data-element_type=\"widget\" data-widget_type=\"monst-icon-box-v1.default\">\n\t\t\t\t<div class=\"elementor-widget-container\">\n\t\t\t\t\t\r\n\r\n<div class=\"icon_simple_box two wow animate__animated animate__fadeInUp\"\r\n    data-wow-delay=\"0\">\r\n            <div class=\"icon_bx\">\r\n            <i class=\"fa fab fas  icon-calendar1\"><\/i>\r\n        <\/div>\r\n      <div class=\"content_box\">\r\n            <h3 class=\"font-heading\">  \r\n            <a href=\"https:\/\/calendly.com\/meetings-tableo\/demo?utm_source=website&#038;utm_medium=page&#038;utm_campaign=book-demo-meeting\"  > \r\n                Concierte una reuni\u00f3n            <\/a>\r\n        <\/h3>\r\n                        <p><p> \u00bfEst\u00e1 evaluando el producto y tiene preguntas que necesita resolver? \n\nConcierte una reuni\u00f3n con un miembro de nuestro equipo de ventas: encontraremos el mejor plan para usted. \n<p><br>\n<a href=\"https:\/\/calendly.com\/meetings-tableo\/demo?utm_source=website&amp;utm_medium=page&amp;utm_campaign=book-demo-meeting\">Reserva una reuni\u00f3n<\/a><\/p>\r\n                    <\/div>\r\n<\/div>\r\n\r\n\r\n\r\n\r\n\t\t\t\t<\/div>\n\t\t\t\t<\/div>\n\t\t\t\t\t<\/div>\n\t\t<\/div>\n\t\t\t\t<div class=\"elementor-column elementor-col-50 elementor-top-column elementor-element elementor-element-e032b2d\" data-id=\"e032b2d\" data-element_type=\"column\">\n\t\t\t<div class=\"elementor-widget-wrap elementor-element-populated\">\n\t\t\t\t\t\t<div class=\"elementor-element elementor-element-0ad119a elementor-widget elementor-widget-monst-icon-box-v1\" data-id=\"0ad119a\" data-element_type=\"widget\" data-widget_type=\"monst-icon-box-v1.default\">\n\t\t\t\t<div class=\"elementor-widget-container\">\n\t\t\t\t\t\r\n\r\n<div class=\"icon_simple_box two wow animate__animated animate__fadeInUp\"\r\n    data-wow-delay=\"0\">\r\n            <div class=\"icon_bx\">\r\n            <i class=\"fa fab fas  icon-phone-call4\"><\/i>\r\n        <\/div>\r\n      <div class=\"content_box\">\r\n            <h3 class=\"font-heading\">  \r\n            <a href=\"\"  > \r\n                Ll\u00e1manos            <\/a>\r\n        <\/h3>\r\n                        <p><p>Para cualquier otra cosa, o simplemente para saludarnos, ll\u00e1menos al:<\/p>\n<br>\n<div style=\"flex-direction: column;gap: 6px;max-width: 600px\">\n <div>Malta: <a href=\"tel:+35620330096\">+356 2033 0096<\/a><\/div>\n <div>REINO UNIDO: <a href=\"tel:+448451543698\">+44 845 154 3698<\/a><\/div>\n <div>EEUU: <a href=\"tel:+14152313696\">+1 (415) 231 3696<\/a><\/div>\n<\/div><\/p>\r\n                    <\/div>\r\n<\/div>\r\n\r\n\r\n\r\n\r\n\t\t\t\t<\/div>\n\t\t\t\t<\/div>\n\t\t\t\t\t<\/div>\n\t\t<\/div>\n\t\t\t\t\t<\/div>\n\t\t<\/section>\n\t\t\t\t<\/div>\n\t\t","protected":false},"excerpt":{"rendered":"<p>Apoyo personalizado en cada paso del camino Hablamos tu idioma. Tanto si se trata de una soluci\u00f3n r\u00e1pida como de una charla amistosa, estamos aqu\u00ed para ti. Apoyo inigualable en todo momento Le prometemos que nunca tendr\u00e1 que esperar en una cola ni pulsar multitud de botones cuando nos llame. Su correo electr\u00f3nico tampoco ir\u00e1 [&hellip;]<\/p>\n","protected":false},"author":28,"featured_media":0,"parent":0,"menu_order":0,"comment_status":"closed","ping_status":"closed","template":"template-fullwidth.php","meta":{"footnotes":""},"class_list":["post-43643","page","type-page","status-publish","hentry"],"aioseo_notices":[],"_links":{"self":[{"href":"https:\/\/tableo.com\/es\/wp-json\/wp\/v2\/pages\/43643","targetHints":{"allow":["GET"]}}],"collection":[{"href":"https:\/\/tableo.com\/es\/wp-json\/wp\/v2\/pages"}],"about":[{"href":"https:\/\/tableo.com\/es\/wp-json\/wp\/v2\/types\/page"}],"author":[{"embeddable":true,"href":"https:\/\/tableo.com\/es\/wp-json\/wp\/v2\/users\/28"}],"replies":[{"embeddable":true,"href":"https:\/\/tableo.com\/es\/wp-json\/wp\/v2\/comments?post=43643"}],"version-history":[{"count":60,"href":"https:\/\/tableo.com\/es\/wp-json\/wp\/v2\/pages\/43643\/revisions"}],"predecessor-version":[{"id":118308,"href":"https:\/\/tableo.com\/es\/wp-json\/wp\/v2\/pages\/43643\/revisions\/118308"}],"wp:attachment":[{"href":"https:\/\/tableo.com\/es\/wp-json\/wp\/v2\/media?parent=43643"}],"curies":[{"name":"wp","href":"https:\/\/api.w.org\/{rel}","templated":true}]}}