{"id":56276,"date":"2022-08-25T09:29:56","date_gmt":"2022-08-25T09:29:56","guid":{"rendered":"https:\/\/tableo.com\/politica-de-privacidad\/"},"modified":"2025-09-04T12:00:25","modified_gmt":"2025-09-04T12:00:25","slug":"politica-de-privacidad","status":"publish","type":"page","link":"https:\/\/tableo.com\/es\/politica-de-privacidad\/","title":{"rendered":"Pol\u00edtica de privacidad"},"content":{"rendered":"\t\t<div data-elementor-type=\"wp-page\" data-elementor-id=\"56276\" class=\"elementor elementor-56276 elementor-3689\" data-elementor-post-type=\"page\">\n\t\t\t\t\t\t<section class=\"elementor-section elementor-top-section elementor-element elementor-element-2ddc3709 elementor-section-boxed elementor-section-height-default elementor-section-height-default\" data-id=\"2ddc3709\" data-element_type=\"section\">\n\t\t\t\t\t\t<div class=\"elementor-container elementor-column-gap-default\">\n\t\t\t\t\t<div class=\"elementor-column elementor-col-100 elementor-top-column elementor-element elementor-element-2c4c9976\" data-id=\"2c4c9976\" data-element_type=\"column\">\n\t\t\t<div class=\"elementor-widget-wrap elementor-element-populated\">\n\t\t\t\t\t\t<div class=\"elementor-element elementor-element-7b8e0627 elementor-widget elementor-widget-text-editor\" data-id=\"7b8e0627\" data-element_type=\"widget\" data-widget_type=\"text-editor.default\">\n\t\t\t\t<div class=\"elementor-widget-container\">\n\t\t\t\t\t\t\t\t\t<p>Tableo se proporciona como un servicio de Get Hitched Inc Ltd. A efectos del presente documento, Tableo y Get Hitched Inc Ltd se denominan colectivamente la &#8220;Empresa&#8221; o &#8220;Tableo&#8221;.<\/p><p>Este documento de Pol\u00edtica de Privacidad contiene los tipos de informaci\u00f3n que recoge y registra Tableo y c\u00f3mo la utilizamos.<\/p><p>Si tienes m\u00e1s preguntas o necesitas m\u00e1s informaci\u00f3n sobre nuestra Pol\u00edtica de Privacidad, no dudes en ponerte en contacto con nosotros.<\/p><p>Esta Pol\u00edtica de Privacidad se aplica \u00fanicamente a nuestras actividades en l\u00ednea y es v\u00e1lida para los visitantes de nuestra plataforma en lo que respecta a la informaci\u00f3n que compartieron y\/o recopilaron en Tableo. Esta pol\u00edtica no es aplicable a ninguna informaci\u00f3n recopilada fuera de l\u00ednea o a trav\u00e9s de canales distintos de esta plataforma.<\/p><h3>Consentimiento<\/h3><p>Al utilizar nuestra plataforma, aceptas nuestra Pol\u00edtica de Privacidad y est\u00e1s de acuerdo con sus t\u00e9rminos.<\/p><h3>Informaci\u00f3n que recogemos<\/h3><p>La informaci\u00f3n personal que se te pide que proporciones, y las razones por las que se te pide que la proporciones, se te aclarar\u00e1n en el momento en que te pidamos que proporciones tu informaci\u00f3n personal.<\/p><p>Si te pones en contacto con nosotros directamente, podemos recibir informaci\u00f3n adicional sobre ti, como tu nombre, direcci\u00f3n de correo electr\u00f3nico, n\u00famero de tel\u00e9fono, el contenido del mensaje y\/o los archivos adjuntos que nos env\u00edes, y cualquier otra informaci\u00f3n que decidas proporcionarnos.<\/p><p>Cuando te registras en una Cuenta, podemos pedirte tu informaci\u00f3n de contacto, incluyendo elementos como nombre, nombre de la empresa, direcci\u00f3n, direcci\u00f3n de correo electr\u00f3nico y n\u00famero de tel\u00e9fono.<\/p><h3>C\u00f3mo utilizamos tu informaci\u00f3n<\/h3><p>Utilizamos la informaci\u00f3n que recopilamos de varias formas, entre ellas para:<\/p><ul><li><p>Proporcionar, operar y mantener nuestro sitio web<\/p><\/li><li><p>Mejorar, personalizar y ampliar nuestro sitio web<\/p><\/li><li><p>Comprender y analizar c\u00f3mo utilizas nuestro sitio web<\/p><\/li><li><p>Desarrollar nuevos productos, servicios, caracter\u00edsticas y funcionalidades<\/p><\/li><li><p>Comunicarnos contigo, ya sea directamente o a trav\u00e9s de uno de nuestros socios, incluso para el servicio de atenci\u00f3n al cliente, para proporcionarte actualizaciones y otra informaci\u00f3n relacionada con el sitio web, y con fines promocionales y de marketing.<\/p><\/li><li><p>Enviarte correos electr\u00f3nicos<\/p><\/li><li><p>Detectar y prevenir el fraude<\/p><\/li><\/ul><h2 class=\"p1\">Seguimiento de visitantes y recopilaci\u00f3n de datos de contacto<b><\/b><\/h2><p>Cuando visita nuestro sitio web, utilizamos una herramienta integrada de gesti\u00f3n de relaciones con clientes (CRM) proporcionada por Freshworks para ayudarnos a responder a sus consultas y mejorar su experiencia. Esta herramienta puede recopilar autom\u00e1ticamente cierta informaci\u00f3n t\u00e9cnica sobre su visita, incluyendo su direcci\u00f3n IP, tipo de navegador, p\u00e1ginas visitadas y, cuando est\u00e9 disponible, datos de ubicaci\u00f3n aproximada (pa\u00eds, ciudad). Si env\u00eda un formulario de contacto o utiliza nuestro chat en l\u00ednea, tambi\u00e9n podremos recopilar la informaci\u00f3n que proporcione, como su nombre, direcci\u00f3n de correo electr\u00f3nico, n\u00famero de m\u00f3vil y cualquier otro detalle que elija compartir, as\u00ed como datos de seguimiento relacionados (incluidos par\u00e1metros UTM) vinculados a su visita. Esta informaci\u00f3n se utiliza con el fin de responder a su consulta, proporcionar soporte al cliente, analizar el uso del sitio web y mejorar nuestros servicios, de acuerdo con las leyes de protecci\u00f3n de datos aplicables, incluido el RGPD.<\/p>\t\t\t\t\t\t\t\t<\/div>\n\t\t\t\t<\/div>\n\t\t\t\t<div class=\"elementor-element elementor-element-a719f27 elementor-widget elementor-widget-text-editor\" data-id=\"a719f27\" data-element_type=\"widget\" data-widget_type=\"text-editor.default\">\n\t\t\t\t<div class=\"elementor-widget-container\">\n\t\t\t\t\t\t\t\t\t<p><span style=\"color: var(--heading-dark); font-family: var(--monst-family-one); font-size: 1.75rem; font-weight: 900;\">Archivos de registro<\/span><\/p><p>Tableo sigue un procedimiento est\u00e1ndar de utilizaci\u00f3n de archivos de registro. Estos archivos registran a los visitantes cuando visitan las plataformas. Todas las empresas de alojamiento hacen esto y forma parte de los an\u00e1lisis de los servicios de alojamiento. La informaci\u00f3n recogida por los archivos de registro incluye direcciones de protocolo de Internet (IP), tipo de navegador, proveedor de servicios de Internet (ISP), sello de fecha y hora, p\u00e1ginas de referencia\/salida y, posiblemente, el n\u00famero de clics. \u00c9stos no est\u00e1n vinculados a ninguna informaci\u00f3n que sea personalmente identificable. La finalidad de la informaci\u00f3n es analizar tendencias, administrar el sitio, seguir los movimientos de los usuarios en la plataforma y recopilar informaci\u00f3n demogr\u00e1fica. Nuestra Pol\u00edtica de Privacidad fue creada con la ayuda del <a href=\"https:\/\/www.privacypolicygenerator.info\/\" target=\"_new\">Generador<\/a> <a href=\"https:\/\/www.privacypolicyonline.com\/privacy-policy-generator\/\" target=\"_new\">de<\/a> <a href=\"https:\/\/www.privacypolicygenerator.info\/\" target=\"_new\">Pol\u00edticas<\/a> <a href=\"https:\/\/www.privacypolicyonline.com\/privacy-policy-generator\/\" target=\"_new\">de<\/a> Privacidad y el <a href=\"https:\/\/www.privacypolicyonline.com\/privacy-policy-generator\/\" target=\"_new\">Generador de Pol\u00edticas de Privacidad Online<\/a>.<\/p><h3>Cookies y balizas web<\/h3><p>Como cualquier otra plataforma, Tableo utiliza &#8220;cookies&#8221;. Estas cookies se utilizan para almacenar informaci\u00f3n, incluidas las preferencias de los visitantes y las p\u00e1ginas de la plataforma a las que el visitante accedi\u00f3 o visit\u00f3. La informaci\u00f3n se utiliza para optimizar la experiencia de los usuarios personalizando el contenido de nuestra p\u00e1gina web en funci\u00f3n del tipo de navegador de los visitantes y\/u otra informaci\u00f3n.<\/p><p>Para obtener m\u00e1s informaci\u00f3n general sobre las cookies, lee <a href=\"https:\/\/www.cookieconsent.com\/what-are-cookies\/\" target=\"_new\">&#8220;Qu\u00e9 son las cookies&#8221;<\/a>.<\/p><h3>Cookie DART de DoubleClick de Google<\/h3><p>Google es uno de los proveedores externos de nuestro sitio. Tambi\u00e9n utiliza cookies, conocidas como cookies DART, para publicar anuncios a los visitantes de nuestro sitio en funci\u00f3n de su visita a www.platform.com y a otros sitios de Internet. Sin embargo, los visitantes pueden optar por rechazar el uso de cookies DART visitando la Pol\u00edtica de Privacidad de la red de anuncios y contenidos de Google en la siguiente URL &#8211; <a href=\"https:\/\/policies.google.com\/technologies\/ads\" target=\"_new\">https:\/\/policies.google.com\/technologies\/ads<\/a><\/p><h3>Socios publicitarios Pol\u00edticas de privacidad<\/h3><p>Puedes consultar esta lista para encontrar la Pol\u00edtica de Privacidad de cada uno de los socios publicitarios de Tableo.<\/p><p>Los servidores o redes publicitarias de terceros utilizan tecnolog\u00edas como cookies, JavaScript o Web Beacons que se utilizan en sus respectivos anuncios y enlaces que aparecen en Tableo, y que se env\u00edan directamente al navegador de los usuarios. Reciben autom\u00e1ticamente tu direcci\u00f3n IP cuando esto ocurre. Estas tecnolog\u00edas se utilizan para medir la eficacia de sus campa\u00f1as publicitarias y\/o para personalizar el contenido publicitario que ves en las plataformas que visitas.<\/p><p>Ten en cuenta que Tableo no tiene acceso ni control sobre estas cookies utilizadas por terceros anunciantes.<\/p><h3>Pol\u00edticas de privacidad de terceros<\/h3><p>La Pol\u00edtica de Privacidad de Tableo no se aplica a otros anunciantes o plataformas. Por ello, te aconsejamos que consultes las respectivas Pol\u00edticas de Privacidad de estos servidores de anuncios de terceros para obtener informaci\u00f3n m\u00e1s detallada. Puede incluir sus pr\u00e1cticas e instrucciones sobre c\u00f3mo optar por no participar en determinadas opciones.<\/p><p>Puedes optar por desactivar las cookies a trav\u00e9s de las opciones individuales de tu navegador. Para conocer informaci\u00f3n m\u00e1s detallada sobre la gesti\u00f3n de cookies con navegadores web espec\u00edficos, puedes encontrarla en las respectivas plataformas de los navegadores.<\/p><h3>Derechos de privacidad de la CCPA (No vender mis datos personales)<\/h3><p>En virtud de la CCPA, entre otros derechos, los consumidores de California tienen derecho a:<\/p><p>Solicitar que una empresa que recopila datos personales de un consumidor revele las categor\u00edas y los datos personales concretos que ha recopilado sobre los consumidores.<\/p><p>Solicitar que una empresa elimine cualquier dato personal sobre el consumidor que haya recopilado.<\/p><p>Solicitar que una empresa que vende los datos personales de un consumidor, no venda los datos personales del consumidor.<\/p><p>Si presentas una solicitud, tenemos un mes para responderte. Si quieres ejercer alguno de estos derechos, ponte en contacto con nosotros.<\/p><h3>TRATAMIENTO DE DATOS<\/h3><p>Para el prop\u00f3sito limitado de la prestaci\u00f3n del Servicio, reconoces que Get Hitched Inc Ltd puede ser o convertirse en un Procesador de Datos de tus Datos Personales. A tal efecto, y s\u00f3lo en la medida en que Get Hitched Inc Ltd pueda actuar como Encargado del Tratamiento.<\/p><p>Entiendes y aceptas que el Servicio requiere el tratamiento de datos personales de los usuarios del Restaurante. Con el fin de procesar las reservas entrantes que se originen fuera del Negocio hacia Ti, reconoces que eres el Controlador de datos de dichos datos personales y que Get Hitched Inc Ltd es el Procesador de datos, tal y como se define en la legislaci\u00f3n de protecci\u00f3n de datos aplicable.<\/p><p>Cuando sea necesario para que Get Hitched Inc Ltd pueda prestar Tu Servicio, nos autorizas a tratar los datos personales en nombre del Restaurante de conformidad con esta cl\u00e1usula en calidad de Encargados del tratamiento. Por lo dem\u00e1s, actuaremos siguiendo tus instrucciones al procesar Tus datos personales.<\/p><p>No transferiremos tus datos personales fuera del EEE, Suiza o cualquier otro pa\u00eds que haya recibido una decisi\u00f3n de adecuaci\u00f3n vinculante, a menos que sea de conformidad con las Cl\u00e1usulas Contractuales Tipo de la UE firmadas o cualquier otro mecanismo de transferencia de datos legalmente permitido.<\/p><p>No nos dar\u00e1s instrucciones para realizar ning\u00fan tratamiento de datos personales que infrinja la legislaci\u00f3n sobre protecci\u00f3n de datos. Suspenderemos cualquier tratamiento y\/o el Servicio si sospechamos razonablemente que tus instrucciones pueden infringir la legislaci\u00f3n aplicable en materia de protecci\u00f3n de datos.<\/p><p>Te informaremos sin demora indebida en caso de que tengamos conocimiento de cualquier violaci\u00f3n de datos en relaci\u00f3n con Tus datos personales. Al poner a nuestra disposici\u00f3n tus datos personales, confirmas que has cumplido la ley y que procesar\u00e1s los datos personales y administrar\u00e1s tus derechos de acuerdo con tus obligaciones legales como Responsable del Tratamiento.<\/p><p>Reconoces que tendremos derecho a procesar datos relacionados con el funcionamiento, soporte y\/o uso de los Servicios para Nuestros fines comerciales, como facturaci\u00f3n, gesti\u00f3n de cuentas, soporte t\u00e9cnico, desarrollo de productos y ventas y marketing. En la medida en que dichos datos se consideren datos personales en virtud de la legislaci\u00f3n aplicable sobre protecci\u00f3n de datos, Nosotros somos el Responsable del Tratamiento de dichos datos y, en consecuencia, procesaremos dichos datos de conformidad con la legislaci\u00f3n sobre protecci\u00f3n de datos.<\/p><h3>Derechos de protecci\u00f3n de datos GDPR<\/h3><p>Nos gustar\u00eda asegurarnos de que eres plenamente consciente de todos tus derechos en materia de protecci\u00f3n de datos. Todo usuario tiene derecho a lo siguiente:<\/p><p>Derecho de acceso &#8211; Tienes derecho a solicitar copias de tus datos personales. Podemos cobrarte una peque\u00f1a tarifa por este servicio.<\/p><p>Derecho de rectificaci\u00f3n &#8211; Tienes derecho a solicitar que corrijamos cualquier informaci\u00f3n que consideres inexacta. Tambi\u00e9n tienes derecho a solicitar que completemos la informaci\u00f3n que consideres incompleta.<\/p><p>Derecho de supresi\u00f3n &#8211; Tienes derecho a solicitar que borremos tus datos personales, en determinadas condiciones.<\/p><p>Derecho a restringir el tratamiento &#8211; Tienes derecho a solicitar que restrinjamos el tratamiento de tus datos personales, en determinadas condiciones.<\/p><p>Derecho a oponerte al tratamiento &#8211; Tienes derecho a oponerte a que tratemos tus datos personales, en determinadas condiciones.<\/p><p>Derecho a la portabilidad de los datos &#8211; Tienes derecho a solicitar que transfiramos los datos que hemos recopilado a otra organizaci\u00f3n, o directamente a ti, en determinadas condiciones.<\/p><p>Si presentas una solicitud, tenemos un mes para responderte. Si quieres ejercer alguno de estos derechos, ponte en contacto con nosotros.<\/p><h3>Informaci\u00f3n para ni\u00f1os<\/h3><p>Otra parte de nuestra prioridad es a\u00f1adir protecci\u00f3n para los menores mientras utilizan Internet. Animamos a los padres y tutores a que observen, participen y\/o controlen y gu\u00eden su actividad en Internet.<\/p><p>Tableo no recopila a sabiendas ning\u00fan tipo de Informaci\u00f3n Personal Identificable de ni\u00f1os menores de 13 a\u00f1os. Si crees que tu hijo ha proporcionado este tipo de informaci\u00f3n en nuestra plataforma, te recomendamos encarecidamente que te pongas en contacto con nosotros inmediatamente y haremos todo lo posible por eliminar r\u00e1pidamente dicha informaci\u00f3n de nuestros registros.<\/p><h2 class=\"p1\">Cookies de anal\u00edtica (Microsoft Clarity):<b><\/b><\/h2><p class=\"p2\">Utilizamos Microsoft Clarity, una herramienta de anal\u00edtica del comportamiento de los usuarios que nos ayuda a comprender c\u00f3mo interact\u00faan los visitantes con nuestro sitio mediante funciones como mapas de calor y grabaciones de sesiones. Clarity instala cookies, incluidas _clck, _clsk, CLID, ANONCHK, MR, MUID y SM, para distinguir usuarios, rastrear sesiones y optimizar la experiencia del usuario. Todas las cookies son no esenciales y solo se activar\u00e1n una vez que hayas otorgado tu consentimiento expl\u00edcito. Clarity ofrece protecciones de privacidad como el enmascaramiento de datos sensibles, la anonimizaci\u00f3n de IP, la ausencia de huellas digitales y el respeto a las se\u00f1ales de No rastrear. Para m\u00e1s detalles, consulta la declaraci\u00f3n de privacidad de Microsoft.<\/p>\t\t\t\t\t\t\t\t<\/div>\n\t\t\t\t<\/div>\n\t\t\t\t\t<\/div>\n\t\t<\/div>\n\t\t\t\t\t<\/div>\n\t\t<\/section>\n\t\t\t\t<\/div>\n\t\t","protected":false},"excerpt":{"rendered":"<p>Tableo se proporciona como un servicio de Get Hitched Inc Ltd. A efectos del presente documento, Tableo y Get Hitched Inc Ltd se denominan colectivamente la &#8220;Empresa&#8221; o &#8220;Tableo&#8221;. Este documento de Pol\u00edtica de Privacidad contiene los tipos de informaci\u00f3n que recoge y registra Tableo y c\u00f3mo la utilizamos. Si tienes m\u00e1s preguntas o necesitas [&hellip;]<\/p>\n","protected":false},"author":1,"featured_media":0,"parent":0,"menu_order":0,"comment_status":"closed","ping_status":"closed","template":"elementor_header_footer","meta":{"footnotes":""},"class_list":["post-56276","page","type-page","status-publish","hentry"],"aioseo_notices":[],"_links":{"self":[{"href":"https:\/\/tableo.com\/es\/wp-json\/wp\/v2\/pages\/56276","targetHints":{"allow":["GET"]}}],"collection":[{"href":"https:\/\/tableo.com\/es\/wp-json\/wp\/v2\/pages"}],"about":[{"href":"https:\/\/tableo.com\/es\/wp-json\/wp\/v2\/types\/page"}],"author":[{"embeddable":true,"href":"https:\/\/tableo.com\/es\/wp-json\/wp\/v2\/users\/1"}],"replies":[{"embeddable":true,"href":"https:\/\/tableo.com\/es\/wp-json\/wp\/v2\/comments?post=56276"}],"version-history":[{"count":7,"href":"https:\/\/tableo.com\/es\/wp-json\/wp\/v2\/pages\/56276\/revisions"}],"predecessor-version":[{"id":102976,"href":"https:\/\/tableo.com\/es\/wp-json\/wp\/v2\/pages\/56276\/revisions\/102976"}],"wp:attachment":[{"href":"https:\/\/tableo.com\/es\/wp-json\/wp\/v2\/media?parent=56276"}],"curies":[{"name":"wp","href":"https:\/\/api.w.org\/{rel}","templated":true}]}}