{"id":98188,"date":"2025-07-09T07:56:19","date_gmt":"2025-07-09T07:56:19","guid":{"rendered":"https:\/\/tableo.com\/representante-de-exito-de-clientes-habla-hispana\/"},"modified":"2025-07-11T09:36:48","modified_gmt":"2025-07-11T09:36:48","slug":"representante-atencion-clientes-espanol","status":"publish","type":"page","link":"https:\/\/tableo.com\/es\/representante-atencion-clientes-espanol\/","title":{"rendered":"Representante de atenci\u00f3n al cliente (habla hispana)"},"content":{"rendered":"\t\t<div data-elementor-type=\"wp-page\" data-elementor-id=\"98188\" class=\"elementor elementor-98188 elementor-40336\" data-elementor-post-type=\"page\">\n\t\t\t\t\t\t<section class=\"elementor-section elementor-top-section elementor-element elementor-element-b499d01 elementor-section-boxed elementor-section-height-default elementor-section-height-default\" data-id=\"b499d01\" data-element_type=\"section\" data-settings=\"{&quot;background_background&quot;:&quot;classic&quot;}\">\n\t\t\t\t\t\t<div class=\"elementor-container elementor-column-gap-default\">\n\t\t\t\t\t<div class=\"elementor-column elementor-col-66 elementor-top-column elementor-element elementor-element-8154816\" data-id=\"8154816\" data-element_type=\"column\" data-settings=\"{&quot;background_background&quot;:&quot;classic&quot;}\">\n\t\t\t<div class=\"elementor-widget-wrap elementor-element-populated\">\n\t\t\t\t\t\t<div class=\"elementor-element elementor-element-53de88c elementor-widget elementor-widget-monst-title-v1\" data-id=\"53de88c\" data-element_type=\"widget\" data-widget_type=\"monst-title-v1.default\">\n\t\t\t\t<div class=\"elementor-widget-container\">\n\t\t\t\t\t                    <div class=\"section_title type_one\">\r\n                            <h4 class=\"text-brand\"> Julio de 2025 - \u00a1Estamos contratando!<\/h4>\r\n                                        <div class=\"title_whole\">\r\n                    <h1 class=\"title\"> Representante Remoto de Atenci\u00f3n al Cliente (habla hispana)  <\/h1>\r\n                    \r\n                <\/div>\r\n                                <\/div>\r\n            \r\n\r\n    \t\t\t\t<\/div>\n\t\t\t\t<\/div>\n\t\t\t\t\t<\/div>\n\t\t<\/div>\n\t\t\t\t<div class=\"elementor-column elementor-col-50 elementor-top-column elementor-element elementor-element-2b00bdf\" data-id=\"2b00bdf\" data-element_type=\"column\" data-settings=\"{&quot;background_background&quot;:&quot;classic&quot;}\">\n\t\t\t<div class=\"elementor-widget-wrap elementor-element-populated\">\n\t\t\t\t\t\t<div class=\"elementor-element elementor-element-6930962 elementor-widget elementor-widget-image\" data-id=\"6930962\" data-element_type=\"widget\" data-widget_type=\"image.default\">\n\t\t\t\t<div class=\"elementor-widget-container\">\n\t\t\t\t\t\t\t\t\t\t\t\t\t\t\t<img fetchpriority=\"high\" decoding=\"async\" width=\"1654\" height=\"1298\" src=\"https:\/\/tableo.com\/wp-content\/uploads\/Check-your-mail-for-Tableo-FREE.webp\" class=\"attachment-large size-large wp-image-28423\" alt=\"Check your mail for Tableo FREE\" srcset=\"https:\/\/tableo.com\/wp-content\/uploads\/Check-your-mail-for-Tableo-FREE.webp 1654w, https:\/\/tableo.com\/wp-content\/uploads\/Check-your-mail-for-Tableo-FREE-500x392.webp 500w, https:\/\/tableo.com\/wp-content\/uploads\/Check-your-mail-for-Tableo-FREE-768x603.webp 768w, https:\/\/tableo.com\/wp-content\/uploads\/Check-your-mail-for-Tableo-FREE-1536x1205.webp 1536w\" sizes=\"(max-width: 1654px) 100vw, 1654px\" title=\"Check your mail for Tableo FREE | Tableo\" \/>\t\t\t\t\t\t\t\t\t\t\t\t\t\t\t<\/div>\n\t\t\t\t<\/div>\n\t\t\t\t\t<\/div>\n\t\t<\/div>\n\t\t\t\t\t<\/div>\n\t\t<\/section>\n\t\t\t\t<section class=\"elementor-section elementor-top-section elementor-element elementor-element-1c69629 elementor-section-boxed elementor-section-height-default elementor-section-height-default\" data-id=\"1c69629\" data-element_type=\"section\">\n\t\t\t\t\t\t<div class=\"elementor-container elementor-column-gap-default\">\n\t\t\t\t\t<div class=\"elementor-column elementor-col-100 elementor-top-column elementor-element elementor-element-531a403\" data-id=\"531a403\" data-element_type=\"column\">\n\t\t\t<div class=\"elementor-widget-wrap elementor-element-populated\">\n\t\t\t\t\t\t<div class=\"elementor-element elementor-element-70dc727 elementor-widget elementor-widget-text-editor\" data-id=\"70dc727\" data-element_type=\"widget\" data-widget_type=\"text-editor.default\">\n\t\t\t\t<div class=\"elementor-widget-container\">\n\t\t\t\t\t\t\t\t\t<p>Tableo es una empresa de r\u00e1pido crecimiento que actualmente busca contratar <strong>Representantes de Atenci\u00f3n al Cliente<\/strong> para unirse a su equipo a tiempo completo.<\/p>\t\t\t\t\t\t\t\t<\/div>\n\t\t\t\t<\/div>\n\t\t\t\t<div class=\"elementor-element elementor-element-20f9660 elementor-widget elementor-widget-text-editor\" data-id=\"20f9660\" data-element_type=\"widget\" data-widget_type=\"text-editor.default\">\n\t\t\t\t<div class=\"elementor-widget-container\">\n\t\t\t\t\t\t\t\t\t<h2>Funci\u00f3n<\/h2>\t\t\t\t\t\t\t\t<\/div>\n\t\t\t\t<\/div>\n\t\t\t\t<div class=\"elementor-element elementor-element-10e7ba8 elementor-widget elementor-widget-text-editor\" data-id=\"10e7ba8\" data-element_type=\"widget\" data-widget_type=\"text-editor.default\">\n\t\t\t\t<div class=\"elementor-widget-container\">\n\t\t\t\t\t\t\t\t\t<ul>\n \t<li><p>Proporcionar asistencia a nuestra base de clientes por tel\u00e9fono, correo electr\u00f3nico, chat en directo y en persona si es necesario.<\/li>\n \t<li><p>Aseg\u00farate de que el cliente recibe un servicio de m\u00e1xima calidad<\/li>\n \t<li><p>Orientar a nuestros clientes sobre c\u00f3mo hacer cualquier reserva online<\/li>\n \t<li><p>Ayuda a los clientes en cualquier consulta que se les plantee.<\/li>\n<\/ul>\t\t\t\t\t\t\t\t<\/div>\n\t\t\t\t<\/div>\n\t\t\t\t<div class=\"elementor-element elementor-element-e622d3a elementor-widget elementor-widget-text-editor\" data-id=\"e622d3a\" data-element_type=\"widget\" data-widget_type=\"text-editor.default\">\n\t\t\t\t<div class=\"elementor-widget-container\">\n\t\t\t\t\t\t\t\t\t<h2>Habilidades y requisitos<\/h2>\t\t\t\t\t\t\t\t<\/div>\n\t\t\t\t<\/div>\n\t\t\t\t<div class=\"elementor-element elementor-element-c987c47 elementor-widget elementor-widget-text-editor\" data-id=\"c987c47\" data-element_type=\"widget\" data-widget_type=\"text-editor.default\">\n\t\t\t\t<div class=\"elementor-widget-container\">\n\t\t\t\t\t\t\t\t\t<ul>\n \t<li><p>Debe tener excelentes dotes de comunicaci\u00f3n y atenci\u00f3n al cliente<\/li>\n \t<li><p>Personalidad amistosa<\/li>\n \t<li><p>Los candidatos deben tener conocimientos de inform\u00e1tica<\/li>\n \t<li><p>Ingl\u00e9s comercial fluido<\/li>\n \t<li><p>Se valorar\u00e1 el dominio de cualquier otro idioma, como italiano, alem\u00e1n, neerland\u00e9s o franc\u00e9s.<\/li>\n<\/ul>\t\t\t\t\t\t\t\t<\/div>\n\t\t\t\t<\/div>\n\t\t\t\t<div class=\"elementor-element elementor-element-bc0583d elementor-widget elementor-widget-text-editor\" data-id=\"bc0583d\" data-element_type=\"widget\" data-widget_type=\"text-editor.default\">\n\t\t\t\t<div class=\"elementor-widget-container\">\n\t\t\t\t\t\t\t\t\t<h2>Ventajas<\/h2>\t\t\t\t\t\t\t\t<\/div>\n\t\t\t\t<\/div>\n\t\t\t\t<div class=\"elementor-element elementor-element-aa37bfc elementor-widget elementor-widget-text-editor\" data-id=\"aa37bfc\" data-element_type=\"widget\" data-widget_type=\"text-editor.default\">\n\t\t\t\t<div class=\"elementor-widget-container\">\n\t\t\t\t\t\t\t\t\t<ul>\n<li>\n<p>Un salario base competitivo<\/p>\n<\/li>\n<li>\n<p>Trabajo a distancia<\/p>\n<\/li>\n<li>\n<p>Flexibilidad<\/p>\n<\/li>\n<li>\n<p>Desarrollo continuo del liderazgo para prepararte para el \u00e9xito y el crecimiento dentro del puesto<\/p>\n<\/li>\n<li>\n<p>Una serie de cursos de formaci\u00f3n para el aprendizaje continuo<\/p>\n<\/li>\n<li>\n<p>Acceso a algunas de las mejores herramientas y plataformas que existen<\/p>\n<\/li>\n<li>\n<p>Un equipo diverso de compa\u00f1eros inteligentes, amables y motivados<\/p>\n<\/li>\n<li>\n<p>Actos sociales regulares para establecer relaciones s\u00f3lidas con los compa\u00f1eros<\/p>\n<\/li>\n<\/ul>\t\t\t\t\t\t\t\t<\/div>\n\t\t\t\t<\/div>\n\t\t\t\t<div class=\"elementor-element elementor-element-3ea89b9 elementor-widget elementor-widget-text-editor\" data-id=\"3ea89b9\" data-element_type=\"widget\" data-widget_type=\"text-editor.default\">\n\t\t\t\t<div class=\"elementor-widget-container\">\n\t\t\t\t\t\t\t\t\t<p><em><strong>* <b data-stringify-type=\"bold\"><i data-stringify-type=\"italic\">Este puesto es por turnos, por lo que las jornadas laborales pueden ser de lunes a s\u00e1bado a cualquier hora entre las 9 de la ma\u00f1ana y las 9 de la noche (CET).<\/i><\/b><\/strong><\/em><\/p>\t\t\t\t\t\t\t\t<\/div>\n\t\t\t\t<\/div>\n\t\t\t\t<div class=\"elementor-element elementor-element-e752cde elementor-widget elementor-widget-text-editor\" data-id=\"e752cde\" data-element_type=\"widget\" data-widget_type=\"text-editor.default\">\n\t\t\t\t<div class=\"elementor-widget-container\">\n\t\t\t\t\t\t\t\t\t<h2>Para solicitarlo<\/h2>\t\t\t\t\t\t\t\t<\/div>\n\t\t\t\t<\/div>\n\t\t\t\t<div class=\"elementor-element elementor-element-9b9b85a elementor-widget elementor-widget-text-editor\" data-id=\"9b9b85a\" data-element_type=\"widget\" data-widget_type=\"text-editor.default\">\n\t\t\t\t<div class=\"elementor-widget-container\">\n\t\t\t\t\t\t\t\t\t<p><span>\u00bfTe parece bien?<\/span><span> Si crees que tienes lo que hay que tener, queremos conocerte.<\/span><span> S\u00f3lo tienes que enviar un CV actualizado con una carta de presentaci\u00f3n a <\/span><a href=\"mailto:hello@tableo.com\"><span>hello@tableo.com<\/span><\/a><span>.<\/span><span> Todas las candidaturas se tratar\u00e1n con la m\u00e1xima confidencialidad.<\/span><\/p>\t\t\t\t\t\t\t\t<\/div>\n\t\t\t\t<\/div>\n\t\t\t\t\t<\/div>\n\t\t<\/div>\n\t\t\t\t\t<\/div>\n\t\t<\/section>\n\t\t\t\t<\/div>\n\t\t","protected":false},"excerpt":{"rendered":"<p>Julio de 2025 &#8211; \u00a1Estamos contratando! Representante Remoto de Atenci\u00f3n al Cliente (habla hispana) Tableo es una empresa de r\u00e1pido crecimiento que actualmente busca contratar Representantes de Atenci\u00f3n al Cliente para unirse a su equipo a tiempo completo. Funci\u00f3n Proporcionar asistencia a nuestra base de clientes por tel\u00e9fono, correo electr\u00f3nico, chat en directo y en [&hellip;]<\/p>\n","protected":false},"author":28,"featured_media":50391,"parent":0,"menu_order":0,"comment_status":"closed","ping_status":"closed","template":"template-fullwidth.php","meta":{"footnotes":""},"class_list":["post-98188","page","type-page","status-publish","has-post-thumbnail","hentry"],"aioseo_notices":[],"_links":{"self":[{"href":"https:\/\/tableo.com\/es\/wp-json\/wp\/v2\/pages\/98188","targetHints":{"allow":["GET"]}}],"collection":[{"href":"https:\/\/tableo.com\/es\/wp-json\/wp\/v2\/pages"}],"about":[{"href":"https:\/\/tableo.com\/es\/wp-json\/wp\/v2\/types\/page"}],"author":[{"embeddable":true,"href":"https:\/\/tableo.com\/es\/wp-json\/wp\/v2\/users\/28"}],"replies":[{"embeddable":true,"href":"https:\/\/tableo.com\/es\/wp-json\/wp\/v2\/comments?post=98188"}],"version-history":[{"count":8,"href":"https:\/\/tableo.com\/es\/wp-json\/wp\/v2\/pages\/98188\/revisions"}],"predecessor-version":[{"id":98204,"href":"https:\/\/tableo.com\/es\/wp-json\/wp\/v2\/pages\/98188\/revisions\/98204"}],"wp:featuredmedia":[{"embeddable":true,"href":"https:\/\/tableo.com\/es\/wp-json\/wp\/v2\/media\/50391"}],"wp:attachment":[{"href":"https:\/\/tableo.com\/es\/wp-json\/wp\/v2\/media?parent=98188"}],"curies":[{"name":"wp","href":"https:\/\/api.w.org\/{rel}","templated":true}]}}