{"id":47303,"date":"2024-03-15T08:26:18","date_gmt":"2024-03-15T08:26:18","guid":{"rendered":"https:\/\/tableo.com\/page-de-support\/"},"modified":"2026-02-16T10:21:16","modified_gmt":"2026-02-16T10:21:16","slug":"assistance","status":"publish","type":"page","link":"https:\/\/tableo.com\/fr\/assistance\/","title":{"rendered":"Support in\u00e9gal\u00e9"},"content":{"rendered":"\t\t<div data-elementor-type=\"wp-page\" data-elementor-id=\"47303\" class=\"elementor elementor-47303 elementor-39199\" data-elementor-post-type=\"page\">\n\t\t\t\t\t\t<section class=\"elementor-section elementor-top-section elementor-element elementor-element-790a67d6 elementor-section-boxed elementor-section-height-default elementor-section-height-default\" data-id=\"790a67d6\" data-element_type=\"section\" data-settings=\"{&quot;background_background&quot;:&quot;classic&quot;}\">\n\t\t\t\t\t\t<div class=\"elementor-container elementor-column-gap-default\">\n\t\t\t\t\t<div class=\"elementor-column elementor-col-50 elementor-top-column elementor-element elementor-element-478015b3\" data-id=\"478015b3\" data-element_type=\"column\">\n\t\t\t<div class=\"elementor-widget-wrap elementor-element-populated\">\n\t\t\t\t\t\t<div class=\"elementor-element elementor-element-5440e9e6 elementor-widget elementor-widget-text-editor\" data-id=\"5440e9e6\" data-element_type=\"widget\" data-widget_type=\"text-editor.default\">\n\t\t\t\t<div class=\"elementor-widget-container\">\n\t\t\t\t\t\t\t\t\t<h1 style=\"color: white;\">Un soutien personnalis\u00e9 \u00e0 chaque \u00e9tape<\/h1>\n<p style=\"font-size: 20px;\">Nous parlons votre langue. Qu&#8217;il s&#8217;agisse d&#8217;une solution rapide ou d&#8217;une discussion amicale, nous sommes l\u00e0 pour vous. <\/p>\t\t\t\t\t\t\t\t<\/div>\n\t\t\t\t<\/div>\n\t\t<div class=\"elementor-element elementor-element-3de75614 e-flex e-con-boxed e-con e-parent\" data-id=\"3de75614\" data-element_type=\"container\">\n\t\t\t\t\t<div class=\"e-con-inner\">\n\t\t\t\t<div class=\"elementor-element elementor-element-10f42935 elementor-hidden-tablet elementor-hidden-mobile elementor-widget elementor-widget-image\" data-id=\"10f42935\" data-element_type=\"widget\" data-widget_type=\"image.default\">\n\t\t\t\t<div class=\"elementor-widget-container\">\n\t\t\t\t\t\t\t\t\t\t\t\t\t\t\t<img decoding=\"async\" src=\"https:\/\/tableo.com\/wp-content\/uploads\/elementor\/thumbs\/slashdot-badge-r2r5g06a7z912ywdygx6q2fgvr5umbjq7lw2w4q3a8.png\" title=\"slashdot-badge\" alt=\"slashdot-badge\" loading=\"lazy\" \/>\t\t\t\t\t\t\t\t\t\t\t\t\t\t\t<\/div>\n\t\t\t\t<\/div>\n\t\t\t\t<div class=\"elementor-element elementor-element-289e558a elementor-widget elementor-widget-image\" data-id=\"289e558a\" data-element_type=\"widget\" data-widget_type=\"image.default\">\n\t\t\t\t<div class=\"elementor-widget-container\">\n\t\t\t\t\t\t\t\t\t\t\t\t\t\t\t<img decoding=\"async\" src=\"https:\/\/tableo.com\/wp-content\/uploads\/elementor\/thumbs\/source-forge-badge-r2r5etvjofn4kilttgmz3v3q5eybzxvt1sj8aogt28.png\" title=\"source-forge-badge\" alt=\"source-forge-badge\" loading=\"lazy\" \/>\t\t\t\t\t\t\t\t\t\t\t\t\t\t\t<\/div>\n\t\t\t\t<\/div>\n\t\t\t\t<div class=\"elementor-element elementor-element-5504843 elementor-widget elementor-widget-image\" data-id=\"5504843\" data-element_type=\"widget\" data-widget_type=\"image.default\">\n\t\t\t\t<div class=\"elementor-widget-container\">\n\t\t\t\t\t\t\t\t\t\t\t\t\t\t\t<img decoding=\"async\" src=\"https:\/\/tableo.com\/wp-content\/uploads\/elementor\/thumbs\/capterra-badge-e1741787477353-r2r5htyzr5i0h4fj3u0a5xjlm97w9zxwgig4s103f8.png\" title=\"capterra-badge\" alt=\"capterra-badge\" loading=\"lazy\" \/>\t\t\t\t\t\t\t\t\t\t\t\t\t\t\t<\/div>\n\t\t\t\t<\/div>\n\t\t\t\t<div class=\"elementor-element elementor-element-5af05f44 elementor-widget elementor-widget-image\" data-id=\"5af05f44\" data-element_type=\"widget\" data-widget_type=\"image.default\">\n\t\t\t\t<div class=\"elementor-widget-container\">\n\t\t\t\t\t\t\t\t\t\t\t\t\t\t\t<img decoding=\"async\" src=\"https:\/\/tableo.com\/wp-content\/uploads\/elementor\/thumbs\/software-advice-badge-e1741787524679-r2r5j25eod6j2cv256t7x0pd5xnubduo2qaloc8n16.png\" title=\"software-advice-badge\" alt=\"software-advice-badge\" loading=\"lazy\" \/>\t\t\t\t\t\t\t\t\t\t\t\t\t\t\t<\/div>\n\t\t\t\t<\/div>\n\t\t\t\t\t<\/div>\n\t\t\t\t<\/div>\n\t\t\t\t\t<\/div>\n\t\t<\/div>\n\t\t\t\t<div class=\"elementor-column elementor-col-50 elementor-top-column elementor-element elementor-element-5fd03b02\" data-id=\"5fd03b02\" data-element_type=\"column\">\n\t\t\t<div class=\"elementor-widget-wrap elementor-element-populated\">\n\t\t\t\t\t\t<div class=\"elementor-element elementor-element-801af28 elementor-hidden-mobile elementor-widget elementor-widget-html\" data-id=\"801af28\" data-element_type=\"widget\" data-widget_type=\"html.default\">\n\t\t\t\t<div class=\"elementor-widget-container\">\n\t\t\t\t\t<script src=\"https:\/\/widget.senja.io\/widget\/8d4b7587-79d7-4796-9418-90b025b85788\/platform.js\" type=\"text\/javascript\" async><\/script>\r\n<div class=\"senja-embed\" data-id=\"8d4b7587-79d7-4796-9418-90b025b85788\" data-mode=\"shadow\" data-lazyload=\"false\" style=\"display: block; max-height: 500px; overflow: hidden;\"><\/div>\t\t\t\t<\/div>\n\t\t\t\t<\/div>\n\t\t\t\t\t<\/div>\n\t\t<\/div>\n\t\t\t\t\t<\/div>\n\t\t<\/section>\n\t\t\t\t<section class=\"elementor-section elementor-top-section elementor-element elementor-element-3baabef elementor-section-boxed elementor-section-height-default elementor-section-height-default\" data-id=\"3baabef\" data-element_type=\"section\">\n\t\t\t\t\t\t<div class=\"elementor-container elementor-column-gap-default\">\n\t\t\t\t\t<div class=\"elementor-column elementor-col-100 elementor-top-column elementor-element elementor-element-e32c79d\" data-id=\"e32c79d\" data-element_type=\"column\">\n\t\t\t<div class=\"elementor-widget-wrap elementor-element-populated\">\n\t\t\t\t\t\t<div class=\"elementor-element elementor-element-97d6f1f elementor-widget elementor-widget-text-editor\" data-id=\"97d6f1f\" data-element_type=\"widget\" data-widget_type=\"text-editor.default\">\n\t\t\t\t<div class=\"elementor-widget-container\">\n\t\t\t\t\t\t\t\t\t<h2>Un soutien in\u00e9gal\u00e9 \u00e0 tout moment<\/h2>\n\t\t\t\t\t\t\t\t<\/div>\n\t\t\t\t<\/div>\n\t\t\t\t\t<\/div>\n\t\t<\/div>\n\t\t\t\t\t<\/div>\n\t\t<\/section>\n\t\t\t\t<section class=\"elementor-section elementor-top-section elementor-element elementor-element-4bf2fb1 elementor-section-boxed elementor-section-height-default elementor-section-height-default\" data-id=\"4bf2fb1\" data-element_type=\"section\">\n\t\t\t\t\t\t<div class=\"elementor-container elementor-column-gap-default\">\n\t\t\t\t\t<div class=\"elementor-column elementor-col-50 elementor-top-column elementor-element elementor-element-7b856f4\" data-id=\"7b856f4\" data-element_type=\"column\">\n\t\t\t<div class=\"elementor-widget-wrap elementor-element-populated\">\n\t\t\t\t\t\t<div class=\"elementor-element elementor-element-0613514 elementor-widget elementor-widget-text-editor\" data-id=\"0613514\" data-element_type=\"widget\" data-widget_type=\"text-editor.default\">\n\t\t\t\t<div class=\"elementor-widget-container\">\n\t\t\t\t\t\t\t\t\t<ul>\n<li>\n<p>Nous vous promettons que vous n&#8217;aurez jamais \u00e0 attendre dans une file d&#8217;attente ou \u00e0 appuyer sur une multitude de boutons lorsque vous nous appelez.<\/p>\n<\/li>\n<li>\n<p>Vos courriers \u00e9lectronique n&#8217;iront pas non plus dans l&#8217;ab\u00eeme de la bo\u00eete de r\u00e9ception, pour ne plus jamais \u00eatre vu ou entendu.<\/p>\n<\/li>\n<li>\n<p>Nous nous engageons \u00e0 vous fournir le service exceptionnel que nous attendons de nous-m\u00eames, de votre demande initiale \u00e0 votre 10e anniversaire et au-del\u00e0 !<\/p>\n<\/li>\n<li>\n<p>Que vous exploitiez un petit restaurant familial ou une <a href=\"https:\/\/tableo.com\/fr\/solution\/gestion-hotel-restaurant\/\">entreprise tentaculaire \u00e0 une cha\u00eenes multiples<\/a>, nous sommes l\u00e0 pour vous.<\/p>\n<\/li>\n<\/ul>\t\t\t\t\t\t\t\t<\/div>\n\t\t\t\t<\/div>\n\t\t\t\t\t<\/div>\n\t\t<\/div>\n\t\t\t\t<div class=\"elementor-column elementor-col-50 elementor-top-column elementor-element elementor-element-7730d68\" data-id=\"7730d68\" data-element_type=\"column\">\n\t\t\t<div class=\"elementor-widget-wrap elementor-element-populated\">\n\t\t\t\t\t\t<div class=\"elementor-element elementor-element-daf143e elementor-widget__width-initial elementor-widget elementor-widget-image\" data-id=\"daf143e\" data-element_type=\"widget\" data-widget_type=\"image.default\">\n\t\t\t\t<div class=\"elementor-widget-container\">\n\t\t\t\t\t\t\t\t\t\t\t\t\t\t\t<img fetchpriority=\"high\" decoding=\"async\" width=\"1654\" height=\"1654\" src=\"https:\/\/tableo.com\/wp-content\/uploads\/customer-support.webp\" class=\"attachment-large size-large wp-image-67491\" alt=\"customer support\" srcset=\"https:\/\/tableo.com\/wp-content\/uploads\/customer-support.webp 1654w, https:\/\/tableo.com\/wp-content\/uploads\/customer-support-400x400.webp 400w, https:\/\/tableo.com\/wp-content\/uploads\/customer-support-768x768.webp 768w, https:\/\/tableo.com\/wp-content\/uploads\/customer-support-1536x1536.webp 1536w, https:\/\/tableo.com\/wp-content\/uploads\/customer-support-150x150.webp 150w, https:\/\/tableo.com\/wp-content\/uploads\/customer-support-70x70.webp 70w\" sizes=\"(max-width: 1654px) 100vw, 1654px\" title=\"customersupport | Tableo\" \/>\t\t\t\t\t\t\t\t\t\t\t\t\t\t\t<\/div>\n\t\t\t\t<\/div>\n\t\t\t\t\t<\/div>\n\t\t<\/div>\n\t\t\t\t\t<\/div>\n\t\t<\/section>\n\t\t\t\t<section class=\"elementor-section elementor-top-section elementor-element elementor-element-1761f78 elementor-section-boxed elementor-section-height-default elementor-section-height-default\" data-id=\"1761f78\" data-element_type=\"section\" data-settings=\"{&quot;background_background&quot;:&quot;classic&quot;}\">\n\t\t\t\t\t\t<div class=\"elementor-container elementor-column-gap-default\">\n\t\t\t\t\t<div class=\"elementor-column elementor-col-100 elementor-top-column elementor-element elementor-element-05d7d62\" data-id=\"05d7d62\" data-element_type=\"column\">\n\t\t\t<div class=\"elementor-widget-wrap elementor-element-populated\">\n\t\t\t\t\t\t<div class=\"elementor-element elementor-element-8890f3c elementor-widget elementor-widget-text-editor\" data-id=\"8890f3c\" data-element_type=\"widget\" data-widget_type=\"text-editor.default\">\n\t\t\t\t<div class=\"elementor-widget-container\">\n\t\t\t\t\t\t\t\t\t<h2>Soutien \u00e0 la client\u00e8le<\/h2>\n\t\t\t\t\t\t\t\t<\/div>\n\t\t\t\t<\/div>\n\t\t\t\t<div class=\"elementor-element elementor-element-d2d2592 elementor-widget elementor-widget-text-editor\" data-id=\"d2d2592\" data-element_type=\"widget\" data-widget_type=\"text-editor.default\">\n\t\t\t\t<div class=\"elementor-widget-container\">\n\t\t\t\t\t\t\t\t\t<p>Vous utilisez d\u00e9j\u00e0 nos produits et vous avez besoin d&#8217;aide pour r\u00e9soudre un probl\u00e8me ? Ou vous souhaitez simplement apprendre \u00e0 tirer le meilleur parti de toutes les fonctionnalit\u00e9s et de tous les avantages de Tableo sur? Choisissez de bricoler ou de discuter avec nous !<\/p>\t\t\t\t\t\t\t\t<\/div>\n\t\t\t\t<\/div>\n\t\t\t\t\t<\/div>\n\t\t<\/div>\n\t\t\t\t\t<\/div>\n\t\t<\/section>\n\t\t\t\t<section class=\"elementor-section elementor-top-section elementor-element elementor-element-8c4ae23 elementor-section-boxed elementor-section-height-default elementor-section-height-default\" data-id=\"8c4ae23\" data-element_type=\"section\" data-settings=\"{&quot;background_background&quot;:&quot;classic&quot;}\">\n\t\t\t\t\t\t<div class=\"elementor-container elementor-column-gap-default\">\n\t\t\t\t\t<div class=\"elementor-column elementor-col-25 elementor-top-column elementor-element elementor-element-00a5208\" data-id=\"00a5208\" data-element_type=\"column\">\n\t\t\t<div class=\"elementor-widget-wrap elementor-element-populated\">\n\t\t\t\t\t\t<div class=\"elementor-element elementor-element-f34555e elementor-widget elementor-widget-monst-icon-box-v1\" data-id=\"f34555e\" data-element_type=\"widget\" data-widget_type=\"monst-icon-box-v1.default\">\n\t\t\t\t<div class=\"elementor-widget-container\">\n\t\t\t\t\t\r\n\r\n<div class=\"icon_simple_box two wow animate__animated animate__fadeInUp\"\r\n    data-wow-delay=\"0\">\r\n            <div class=\"icon_bx\">\r\n            <i class=\"fa fab fas  icon-question\"><\/i>\r\n        <\/div>\r\n      <div class=\"content_box\">\r\n            <h3 class=\"font-heading\">  \r\n            <a href=\"https:\/\/faq.tableo.com\/support\/solutions\"  > \r\n                 Visitez notre centre de ressources\n            <\/a>\r\n        <\/h3>\r\n                        <p><p>Vous y trouverez des FAQ utiles et des guides         pratiques pour tirer le meilleur parti de Tableo.\n\n<a href=\"https:\/\/faq.tableo.com\/support\/solutions\">Trouvez des ressources utiles<\/a>\n<p><br><\/p>\r\n                    <\/div>\r\n<\/div>\r\n\r\n\r\n\r\n\r\n\t\t\t\t<\/div>\n\t\t\t\t<\/div>\n\t\t\t\t\t<\/div>\n\t\t<\/div>\n\t\t\t\t<div class=\"elementor-column elementor-col-25 elementor-top-column elementor-element elementor-element-e6d8b8d\" data-id=\"e6d8b8d\" data-element_type=\"column\">\n\t\t\t<div class=\"elementor-widget-wrap elementor-element-populated\">\n\t\t\t\t\t\t<div class=\"elementor-element elementor-element-767a4cd elementor-widget elementor-widget-monst-icon-box-v1\" data-id=\"767a4cd\" data-element_type=\"widget\" data-widget_type=\"monst-icon-box-v1.default\">\n\t\t\t\t<div class=\"elementor-widget-container\">\n\t\t\t\t\t\r\n\r\n<div class=\"icon_simple_box two wow animate__animated animate__fadeInUp\"\r\n    data-wow-delay=\"0\">\r\n            <div class=\"icon_bx\">\r\n            <i class=\"fa fab fas  icon-support-1\"><\/i>\r\n        <\/div>\r\n      <div class=\"content_box\">\r\n            <h3 class=\"font-heading\">  \r\n            <a href=\"\"  > \r\n                <a class=\"chat-btn\">contactez nous dans \nla langue de votre choix\n<\/a>            <\/a>\r\n        <\/h3>\r\n                        <p><p> \nNous sommes disponibles :\nDu lundi au vendredi de 9h00 \u00e0 19h30(CET)\nLe samedi de 10h30 \u00e0 19h00 (CET)\n\n<p><br>\n<a class=\"chat-btn\">chattez avec nous<\/a><\/span>\n<br><br>\n<\/p>\r\n                    <\/div>\r\n<\/div>\r\n\r\n\r\n\r\n\r\n\t\t\t\t<\/div>\n\t\t\t\t<\/div>\n\t\t\t\t\t<\/div>\n\t\t<\/div>\n\t\t\t\t<div class=\"elementor-column elementor-col-25 elementor-top-column elementor-element elementor-element-59b2b57\" data-id=\"59b2b57\" data-element_type=\"column\">\n\t\t\t<div class=\"elementor-widget-wrap elementor-element-populated\">\n\t\t\t\t\t\t<div class=\"elementor-element elementor-element-d2a31ed elementor-widget elementor-widget-monst-icon-box-v1\" data-id=\"d2a31ed\" data-element_type=\"widget\" data-widget_type=\"monst-icon-box-v1.default\">\n\t\t\t\t<div class=\"elementor-widget-container\">\n\t\t\t\t\t\r\n\r\n<div class=\"icon_simple_box two wow animate__animated animate__fadeInUp\"\r\n    data-wow-delay=\"0\">\r\n            <div class=\"icon_bx\">\r\n            <i class=\"fa fab fas  icon-think\"><\/i>\r\n        <\/div>\r\n      <div class=\"content_box\">\r\n            <h3 class=\"font-heading\">  \r\n            <a href=\"https:\/\/faq.tableo.com\/support\/tickets\/new\"  > \r\n                Soumettre un ticket d'assistance            <\/a>\r\n        <\/h3>\r\n                        <p><p>Vous avez rencontr\u00e9 un bug ou vous ne trouvez pas ce que vous cherchez ? Nous r\u00e9glerons \u00e7a en un rien de temps.\n<p><br>\n<a href=\"https:\/\/faq.tableo.com\/support\/tickets\/new\">Cr\u00e9er un ticket d\u2019assistance<\/a>\n<p><br><\/p>\r\n                    <\/div>\r\n<\/div>\r\n\r\n\r\n\r\n\r\n\t\t\t\t<\/div>\n\t\t\t\t<\/div>\n\t\t\t\t\t<\/div>\n\t\t<\/div>\n\t\t\t\t<div class=\"elementor-column elementor-col-25 elementor-top-column elementor-element elementor-element-e11c24b\" data-id=\"e11c24b\" data-element_type=\"column\">\n\t\t\t<div class=\"elementor-widget-wrap elementor-element-populated\">\n\t\t\t\t\t\t<div class=\"elementor-element elementor-element-96ec02b elementor-widget elementor-widget-monst-icon-box-v1\" data-id=\"96ec02b\" data-element_type=\"widget\" data-widget_type=\"monst-icon-box-v1.default\">\n\t\t\t\t<div class=\"elementor-widget-container\">\n\t\t\t\t\t\r\n\r\n<div class=\"icon_simple_box two wow animate__animated animate__fadeInUp\"\r\n    data-wow-delay=\"0\">\r\n            <div class=\"icon_bx\">\r\n            <i class=\"fa fab fas  icon-phone-call4\"><\/i>\r\n        <\/div>\r\n      <div class=\"content_box\">\r\n            <h3 class=\"font-heading\">  \r\n            <a href=\"\"  > \r\n                Parlez \u00e0 un humain\n            <\/a>\r\n        <\/h3>\r\n                        <p><p>On le comprend, certaines choses sont plus faciles \u00e0 expliquer par t\u00e9l\u00e9phone \u2014 \u00e0 une vraie personne.\n<\/p>\n<br>\n\n  <div class=\"phone-list\">\n    <div>Malte: <a href=\"tel:+35620330096\">+356 2033 0096<\/a><\/div>\n    <div>UK: <a href=\"tel:+448451543698\">+44 845 154 3698<\/a><\/div>\n    <div>USA: <a href=\"tel:+14152313696\">+1 (415) 231 3696<\/a><\/div><\/p>\r\n                    <\/div>\r\n<\/div>\r\n\r\n\r\n\r\n\r\n\t\t\t\t<\/div>\n\t\t\t\t<\/div>\n\t\t\t\t\t<\/div>\n\t\t<\/div>\n\t\t\t\t\t<\/div>\n\t\t<\/section>\n\t\t\t\t<section class=\"elementor-section elementor-top-section elementor-element elementor-element-3f097d7 elementor-section-boxed elementor-section-height-default elementor-section-height-default\" data-id=\"3f097d7\" data-element_type=\"section\" data-settings=\"{&quot;background_background&quot;:&quot;classic&quot;}\">\n\t\t\t\t\t\t<div class=\"elementor-container elementor-column-gap-default\">\n\t\t\t\t\t<div class=\"elementor-column elementor-col-100 elementor-top-column elementor-element elementor-element-04e9d88\" data-id=\"04e9d88\" data-element_type=\"column\">\n\t\t\t<div class=\"elementor-widget-wrap elementor-element-populated\">\n\t\t\t\t\t\t<div class=\"elementor-element elementor-element-60cf291 elementor-widget elementor-widget-text-editor\" data-id=\"60cf291\" data-element_type=\"widget\" data-widget_type=\"text-editor.default\">\n\t\t\t\t<div class=\"elementor-widget-container\">\n\t\t\t\t\t\t\t\t\t<h2>Aide \u00e0 la vente<\/h2>\n\t\t\t\t\t\t\t\t<\/div>\n\t\t\t\t<\/div>\n\t\t\t\t<div class=\"elementor-element elementor-element-84c1988 elementor-widget elementor-widget-text-editor\" data-id=\"84c1988\" data-element_type=\"widget\" data-widget_type=\"text-editor.default\">\n\t\t\t\t<div class=\"elementor-widget-container\">\n\t\t\t\t\t\t\t\t\t<p>Vous avez des questions sur les produits ou les prix, ou vous voulez simplement dire bonjour ? <br \/> Notre \u00e9quipe sp\u00e9cialis\u00e9e re\u00e7oit des formations r\u00e9guli\u00e8res, afin de s&#8217;assurer que nous avons toutes les r\u00e9ponses \u00e0 vos questions ! <br \/> Ne soyez pas timide, nous vous promettons que nous sommes tr\u00e8s gentils \ud83d\ude42<\/span><\/p>\n\t\t\t\t\t\t\t\t<\/div>\n\t\t\t\t<\/div>\n\t\t\t\t\t<\/div>\n\t\t<\/div>\n\t\t\t\t\t<\/div>\n\t\t<\/section>\n\t\t\t\t<section class=\"elementor-section elementor-top-section elementor-element elementor-element-0c18bc5 elementor-section-boxed elementor-section-height-default elementor-section-height-default\" data-id=\"0c18bc5\" data-element_type=\"section\" data-settings=\"{&quot;background_background&quot;:&quot;classic&quot;}\">\n\t\t\t\t\t\t<div class=\"elementor-container elementor-column-gap-default\">\n\t\t\t\t\t<div class=\"elementor-column elementor-col-50 elementor-top-column elementor-element elementor-element-b7ffc19\" data-id=\"b7ffc19\" data-element_type=\"column\">\n\t\t\t<div class=\"elementor-widget-wrap elementor-element-populated\">\n\t\t\t\t\t\t<div class=\"elementor-element elementor-element-3a876b0 elementor-widget elementor-widget-monst-icon-box-v1\" data-id=\"3a876b0\" data-element_type=\"widget\" data-widget_type=\"monst-icon-box-v1.default\">\n\t\t\t\t<div class=\"elementor-widget-container\">\n\t\t\t\t\t\r\n\r\n<div class=\"icon_simple_box two wow animate__animated animate__fadeInUp\"\r\n    data-wow-delay=\"0\">\r\n            <div class=\"icon_bx\">\r\n            <i class=\"fa fab fas  icon-calendar1\"><\/i>\r\n        <\/div>\r\n      <div class=\"content_box\">\r\n            <h3 class=\"font-heading\">  \r\n            <a href=\"\"  > \r\n                R\u00e9servez un entretien            <\/a>\r\n        <\/h3>\r\n                        <p><p> Vous \u00e9valuez le produit et avez des questions ? R\u00e9servez une r\u00e9union avec un membre de notre \u00e9quipe commerciale \u2014 nous trouverons l\u2019offre la mieux adapt\u00e9e \u00e0 vos besoins. \n<p><br>\n<a href=\"https:\/\/calendly.com\/meetings-tableo\/demo?utm_source=website&amp;utm_medium=page&amp;utm_campaign=book-demo-meeting\">Prendre rendez-vous<\/a><\/p>\r\n                    <\/div>\r\n<\/div>\r\n\r\n\r\n\r\n\r\n\t\t\t\t<\/div>\n\t\t\t\t<\/div>\n\t\t\t\t\t<\/div>\n\t\t<\/div>\n\t\t\t\t<div class=\"elementor-column elementor-col-50 elementor-top-column elementor-element elementor-element-e032b2d\" data-id=\"e032b2d\" data-element_type=\"column\">\n\t\t\t<div class=\"elementor-widget-wrap elementor-element-populated\">\n\t\t\t\t\t\t<div class=\"elementor-element elementor-element-0ad119a elementor-widget elementor-widget-monst-icon-box-v1\" data-id=\"0ad119a\" data-element_type=\"widget\" data-widget_type=\"monst-icon-box-v1.default\">\n\t\t\t\t<div class=\"elementor-widget-container\">\n\t\t\t\t\t\r\n\r\n<div class=\"icon_simple_box two wow animate__animated animate__fadeInUp\"\r\n    data-wow-delay=\"0\">\r\n            <div class=\"icon_bx\">\r\n            <i class=\"fa fab fas  icon-phone-call4\"><\/i>\r\n        <\/div>\r\n      <div class=\"content_box\">\r\n            <h3 class=\"font-heading\">  \r\n            <a href=\"\"  > \r\n                Appelez-nous\n            <\/a>\r\n        <\/h3>\r\n                        <p><p> Pour toute autre demande \u2014 ou juste pour dire bonjour \u2014\n appelez-nous au :\n<\/p>\n<br>\n<div style=\"flex-direction: column;gap: 6px;max-width: 600px\">\n  <div>Malte: <a href=\"tel:+35620330096\">+356 2033 0096<\/a><\/div>\n  <div>UK: <a href=\"tel:+448451543698\">+44 845 154 3698<\/a><\/div>\n  <div>USA: <a href=\"tel:+14152313696\">+1 (415) 231 3696<\/a><\/div>\n<\/div><\/p>\r\n                    <\/div>\r\n<\/div>\r\n\r\n\r\n\r\n\r\n\t\t\t\t<\/div>\n\t\t\t\t<\/div>\n\t\t\t\t\t<\/div>\n\t\t<\/div>\n\t\t\t\t\t<\/div>\n\t\t<\/section>\n\t\t\t\t<\/div>\n\t\t","protected":false},"excerpt":{"rendered":"<p>Un soutien personnalis\u00e9 \u00e0 chaque \u00e9tape Nous parlons votre langue. Qu&#8217;il s&#8217;agisse d&#8217;une solution rapide ou d&#8217;une discussion amicale, nous sommes l\u00e0 pour vous. Un soutien in\u00e9gal\u00e9 \u00e0 tout moment Nous vous promettons que vous n&#8217;aurez jamais \u00e0 attendre dans une file d&#8217;attente ou \u00e0 appuyer sur une multitude de boutons lorsque vous nous appelez. [&hellip;]<\/p>\n","protected":false},"author":28,"featured_media":0,"parent":0,"menu_order":0,"comment_status":"closed","ping_status":"closed","template":"template-fullwidth.php","meta":{"footnotes":""},"class_list":["post-47303","page","type-page","status-publish","hentry"],"aioseo_notices":[],"_links":{"self":[{"href":"https:\/\/tableo.com\/fr\/wp-json\/wp\/v2\/pages\/47303","targetHints":{"allow":["GET"]}}],"collection":[{"href":"https:\/\/tableo.com\/fr\/wp-json\/wp\/v2\/pages"}],"about":[{"href":"https:\/\/tableo.com\/fr\/wp-json\/wp\/v2\/types\/page"}],"author":[{"embeddable":true,"href":"https:\/\/tableo.com\/fr\/wp-json\/wp\/v2\/users\/28"}],"replies":[{"embeddable":true,"href":"https:\/\/tableo.com\/fr\/wp-json\/wp\/v2\/comments?post=47303"}],"version-history":[{"count":61,"href":"https:\/\/tableo.com\/fr\/wp-json\/wp\/v2\/pages\/47303\/revisions"}],"predecessor-version":[{"id":118338,"href":"https:\/\/tableo.com\/fr\/wp-json\/wp\/v2\/pages\/47303\/revisions\/118338"}],"wp:attachment":[{"href":"https:\/\/tableo.com\/fr\/wp-json\/wp\/v2\/media?parent=47303"}],"curies":[{"name":"wp","href":"https:\/\/api.w.org\/{rel}","templated":true}]}}