{"id":56280,"date":"2022-08-25T09:29:56","date_gmt":"2022-08-25T09:29:56","guid":{"rendered":"https:\/\/tableo.com\/politique-de-confidentialite\/"},"modified":"2025-09-04T12:02:03","modified_gmt":"2025-09-04T12:02:03","slug":"politique-de-confidentialite","status":"publish","type":"page","link":"https:\/\/tableo.com\/fr\/politique-de-confidentialite\/","title":{"rendered":"Politique de confidentialit\u00e9"},"content":{"rendered":"\t\t<div data-elementor-type=\"wp-page\" data-elementor-id=\"56280\" class=\"elementor elementor-56280 elementor-3689\" data-elementor-post-type=\"page\">\n\t\t\t\t\t\t<section class=\"elementor-section elementor-top-section elementor-element elementor-element-2ddc3709 elementor-section-boxed elementor-section-height-default elementor-section-height-default\" data-id=\"2ddc3709\" data-element_type=\"section\">\n\t\t\t\t\t\t<div class=\"elementor-container elementor-column-gap-default\">\n\t\t\t\t\t<div class=\"elementor-column elementor-col-100 elementor-top-column elementor-element elementor-element-2c4c9976\" data-id=\"2c4c9976\" data-element_type=\"column\">\n\t\t\t<div class=\"elementor-widget-wrap elementor-element-populated\">\n\t\t\t\t\t\t<div class=\"elementor-element elementor-element-7b8e0627 elementor-widget elementor-widget-text-editor\" data-id=\"7b8e0627\" data-element_type=\"widget\" data-widget_type=\"text-editor.default\">\n\t\t\t\t<div class=\"elementor-widget-container\">\n\t\t\t\t\t\t\t\t\t<p>Tableo est un service de Get Hitched Inc Ltd. Aux fins des pr\u00e9sentes, Tableo et Get Hitched Inc Ltd sont d\u00e9sign\u00e9s collectivement comme la &#8220;soci\u00e9t\u00e9&#8221; ou &#8220;Tableo&#8221;.<\/p><p>Ce document de politique de confidentialit\u00e9 contient les types d&#8217;informations collect\u00e9es et enregistr\u00e9es par Tableo et la mani\u00e8re dont nous les utilisons.<\/p><p>Si vous avez des questions suppl\u00e9mentaires ou si vous souhaitez obtenir plus d&#8217;informations sur notre politique de protection de la vie priv\u00e9e, n&#8217;h\u00e9sitez pas \u00e0 nous contacter.<\/p><p>Cette politique de confidentialit\u00e9 s&#8217;applique uniquement \u00e0 nos activit\u00e9s en ligne et est valable pour les visiteurs de notre plateforme en ce qui concerne les informations qu&#8217;ils partagent et\/ou collectent dans Tableo. Cette politique ne s&#8217;applique pas aux informations collect\u00e9es hors ligne ou via d&#8217;autres canaux que cette plateforme.<\/p><h3>Consentement<\/h3><p>En utilisant notre plateforme, vous consentez par la pr\u00e9sente \u00e0 notre politique de confidentialit\u00e9 et en acceptez les termes.<\/p><h3>Informations que nous recueillons<\/h3><p>Les informations personnelles qui vous sont demand\u00e9es, et les raisons pour lesquelles elles vous sont demand\u00e9es, vous seront pr\u00e9cis\u00e9es au moment o\u00f9 nous vous demanderons de fournir vos informations personnelles.<\/p><p>Si vous nous contactez directement, nous pouvons recevoir des informations suppl\u00e9mentaires vous concernant, telles que votre nom, votre adresse \u00e9lectronique, votre num\u00e9ro de t\u00e9l\u00e9phone, le contenu du message et\/ou des pi\u00e8ces jointes que vous pouvez nous envoyer, ainsi que toute autre information que vous pouvez choisir de fournir.<\/p><p>Lorsque vous vous inscrivez pour ouvrir un compte, nous pouvons vous demander vos coordonn\u00e9es, notamment votre nom, le nom de votre entreprise, votre adresse, votre adresse \u00e9lectronique et votre num\u00e9ro de t\u00e9l\u00e9phone.<\/p><h3>Comment nous utilisons vos informations<\/h3><p>Nous utilisons les informations que nous recueillons de diff\u00e9rentes mani\u00e8res, notamment pour :<\/p><ul><li><p>Fournir, exploiter et maintenir notre site web<\/p><\/li><li><p>Am\u00e9liorer, personnaliser et d\u00e9velopper notre site web<\/p><\/li><li><p>Comprendre et analyser la fa\u00e7on dont vous utilisez notre site web<\/p><\/li><li><p>D\u00e9velopper de nouveaux produits, services, caract\u00e9ristiques et fonctionnalit\u00e9s<\/p><\/li><li><p>communiquer avec vous, soit directement, soit par l&#8217;interm\u00e9diaire de l&#8217;un de nos partenaires, notamment pour le service client\u00e8le, pour vous fournir des mises \u00e0 jour et d&#8217;autres informations relatives au site web, ainsi qu&#8217;\u00e0 des fins de marketing et de promotion<\/p><\/li><li><p>Vous envoyer des courriels<\/p><\/li><li><p>D\u00e9tecter et pr\u00e9venir la fraude<\/p><\/li><\/ul><h2 class=\"p1\">Suivi des visiteurs et collecte des donn\u00e9es de contact<b><\/b><\/h2><p>Lorsque vous visitez notre site web, nous utilisons un outil int\u00e9gr\u00e9 de gestion de la relation client (CRM) fourni par Freshworks pour nous aider \u00e0 r\u00e9pondre \u00e0 vos demandes et \u00e0 am\u00e9liorer votre exp\u00e9rience. Cet outil peut collecter automatiquement certaines informations techniques concernant votre visite, y compris votre adresse IP, le type de navigateur, les pages visit\u00e9es et, lorsque disponible, des donn\u00e9es de localisation approximative (pays, ville). Si vous soumettez un formulaire de contact ou utilisez notre chat en ligne, nous pouvons \u00e9galement collecter les informations que vous fournissez, telles que votre nom, adresse e-mail, num\u00e9ro de t\u00e9l\u00e9phone portable et tout autre d\u00e9tail que vous choisissez de partager, ainsi que les donn\u00e9es de suivi associ\u00e9es (y compris les param\u00e8tres UTM) li\u00e9es \u00e0 votre visite. Ces informations sont utilis\u00e9es dans le but de r\u00e9pondre \u00e0 votre demande, de fournir une assistance client, d\u2019analyser l\u2019utilisation du site web et d\u2019am\u00e9liorer nos services, conform\u00e9ment aux lois applicables en mati\u00e8re de protection des donn\u00e9es, y compris le RGPD.<\/p>\t\t\t\t\t\t\t\t<\/div>\n\t\t\t\t<\/div>\n\t\t\t\t<div class=\"elementor-element elementor-element-a719f27 elementor-widget elementor-widget-text-editor\" data-id=\"a719f27\" data-element_type=\"widget\" data-widget_type=\"text-editor.default\">\n\t\t\t\t<div class=\"elementor-widget-container\">\n\t\t\t\t\t\t\t\t\t<p><span style=\"color: var(--heading-dark); font-family: var(--monst-family-one); font-size: 1.75rem; font-weight: 900;\">Fichiers journaux<\/span><\/p><p>Tableo suit une proc\u00e9dure standard d&#8217;utilisation de fichiers journaux. Ces fichiers enregistrent les visiteurs lorsqu&#8217;ils visitent les plateformes. Toutes les soci\u00e9t\u00e9s d&#8217;h\u00e9bergement le font et cela fait partie de l&#8217;analyse des services d&#8217;h\u00e9bergement. Les informations collect\u00e9es par les fichiers journaux comprennent les adresses IP (Internet Protocol), le type de navigateur, le fournisseur d&#8217;acc\u00e8s \u00e0 Internet (FAI), la date et l&#8217;heure, les pages de renvoi et de sortie, et \u00e9ventuellement le nombre de clics. Ces donn\u00e9es ne sont pas li\u00e9es \u00e0 des informations personnellement identifiables. L&#8217;objectif de ces informations est d&#8217;analyser les tendances, d&#8217;administrer le site, de suivre les mouvements des utilisateurs sur la plate-forme et de recueillir des informations d\u00e9mographiques. Notre politique de confidentialit\u00e9 a \u00e9t\u00e9 cr\u00e9\u00e9e avec l&#8217;aide du <a href=\"https:\/\/www.privacypolicygenerator.info\/\" target=\"_new\">g\u00e9n\u00e9rateur de politique de confidentialit\u00e9<\/a> et du <a href=\"https:\/\/www.privacypolicyonline.com\/privacy-policy-generator\/\" target=\"_new\">g\u00e9n\u00e9rateur de politique de confidentialit\u00e9 en ligne<\/a>.<\/p><h3>Cookies et balises web<\/h3><p>Comme toute autre plateforme, Tableo utilise des &#8220;cookies&#8221;. Ces cookies sont utilis\u00e9s pour stocker des informations, y compris les pr\u00e9f\u00e9rences des visiteurs et les pages de la plate-forme auxquelles le visiteur a acc\u00e9d\u00e9 ou qu&#8217;il a visit\u00e9es. Ces informations sont utilis\u00e9es pour optimiser l&#8217;exp\u00e9rience des utilisateurs en personnalisant le contenu de nos pages web en fonction du type de navigateur des visiteurs et\/ou d&#8217;autres informations.<\/p><p>Pour plus d&#8217;informations g\u00e9n\u00e9rales sur les cookies, veuillez lire <a href=\"https:\/\/www.cookieconsent.com\/what-are-cookies\/\" target=\"_new\">&#8220;Que sont les cookies&#8221;.<\/a><\/p><h3>Google DoubleClick DART Cookie<\/h3><p>Google est l&#8217;un des fournisseurs tiers de notre site. Il utilise \u00e9galement des cookies, connus sous le nom de cookies DART, pour diffuser des annonces aux visiteurs de notre site en fonction de leur visite sur www.platform.com et d&#8217;autres sites sur Internet. Toutefois, les visiteurs peuvent choisir de refuser l&#8217;utilisation des cookies DART en consultant les r\u00e8gles de confidentialit\u00e9 du r\u00e9seau d&#8217;annonces et de contenu de Google \u00e0 l&#8217;adresse suivante : <a href=\"https:\/\/policies.google.com\/technologies\/ads\" target=\"_new\">https:\/\/policies.google.com\/technologies\/ads<\/a>.<\/p><h3>Partenaires publicitaires Politiques de confidentialit\u00e9<\/h3><p>Vous pouvez consulter cette liste pour trouver la politique de confidentialit\u00e9 de chacun des partenaires publicitaires de Tableo.<\/p><p>Les serveurs publicitaires tiers ou les r\u00e9seaux publicitaires utilisent des technologies telles que les cookies, le JavaScript ou les balises Web qui sont utilis\u00e9es dans leurs publicit\u00e9s et liens respectifs qui apparaissent sur Tableo et qui sont envoy\u00e9s directement au navigateur de l&#8217;utilisateur. Ils re\u00e7oivent automatiquement votre adresse IP lorsque cela se produit. Ces technologies sont utilis\u00e9es pour mesurer l&#8217;efficacit\u00e9 de leurs campagnes publicitaires et\/ou pour personnaliser le contenu publicitaire que vous voyez sur les plateformes que vous visitez.<\/p><p>Notez que Tableo n&#8217;a aucun acc\u00e8s ou contr\u00f4le sur ces cookies utilis\u00e9s par des annonceurs tiers.<\/p><h3>Politiques de confidentialit\u00e9 des tiers<\/h3><p>La politique de confidentialit\u00e9 de Tableo ne s&#8217;applique pas aux autres annonceurs ou plateformes. Nous vous conseillons donc de consulter les politiques de confidentialit\u00e9 respectives de ces serveurs publicitaires tiers pour obtenir des informations plus d\u00e9taill\u00e9es. Cela peut inclure leurs pratiques et des instructions sur la fa\u00e7on de refuser certaines options.<\/p><p>Vous pouvez choisir de d\u00e9sactiver les cookies par le biais des options de votre navigateur. Pour obtenir des informations plus d\u00e9taill\u00e9es sur la gestion des cookies avec des navigateurs web sp\u00e9cifiques, vous pouvez consulter les plates-formes respectives des navigateurs.<\/p><h3>Droits de la protection de la vie priv\u00e9e de l&#8217;ACCP (Ne vendez pas mes informations personnelles)<\/h3><p>En vertu de la CCPA, les consommateurs californiens ont, entre autres, le droit de.. :<\/p><p>Demander \u00e0 une entreprise qui collecte les donn\u00e9es personnelles d&#8217;un consommateur de divulguer les cat\u00e9gories et les \u00e9l\u00e9ments sp\u00e9cifiques des donn\u00e9es personnelles qu&#8217;elle a collect\u00e9es sur les consommateurs.<\/p><p>Demander \u00e0 une entreprise de supprimer toutes les donn\u00e9es \u00e0 caract\u00e8re personnel qu&#8217;elle a recueillies sur le consommateur.<\/p><p>Demander \u00e0 une entreprise qui vend les donn\u00e9es personnelles d&#8217;un consommateur de ne pas vendre ces donn\u00e9es.<\/p><p>Si vous faites une demande, nous avons un mois pour vous r\u00e9pondre. Si vous souhaitez exercer l&#8217;un de ces droits, veuillez nous contacter.<\/p><h3>TRAITEMENT DES DONN\u00c9ES<\/h3><p>Dans le but limit\u00e9 de fournir le service, vous reconnaissez que Get Hitched Inc Ltd peut \u00eatre ou devenir un responsable du traitement de vos donn\u00e9es personnelles. \u00c0 cet effet, et seulement dans la mesure o\u00f9 Get Hitched Inc Ltd peut agir en tant que responsable du traitement des donn\u00e9es.<\/p><p>Vous comprenez et acceptez que le Service n\u00e9cessite le traitement des donn\u00e9es personnelles des utilisateurs du Restaurant. Dans le but de traiter les r\u00e9servations entrantes provenant de l&#8217;ext\u00e9rieur de l&#8217;entreprise, Vous reconnaissez que vous \u00eates le contr\u00f4leur de donn\u00e9es de ces donn\u00e9es personnelles et que Get Hitched Inc Ltd est le processeur de donn\u00e9es tel que d\u00e9fini par la l\u00e9gislation applicable en mati\u00e8re de protection des donn\u00e9es.<\/p><p>Lorsque cela est n\u00e9cessaire pour permettre \u00e0 Get Hitched Inc Ltd de fournir votre service, vous nous autorisez \u00e0 traiter les donn\u00e9es personnelles au nom du restaurant conform\u00e9ment \u00e0 la pr\u00e9sente clause en tant que sous-traitants. Par ailleurs, nous agirons selon vos instructions lors du traitement de vos donn\u00e9es personnelles.<\/p><p>Nous ne transf\u00e9rerons pas vos donn\u00e9es \u00e0 caract\u00e8re personnel en dehors de l&#8217;EEE, de la Suisse ou de tout autre pays ayant fait l&#8217;objet d&#8217;une d\u00e9cision d&#8217;ad\u00e9quation contraignante, sauf en application et conform\u00e9ment aux Clauses contractuelles types de l&#8217;UE sign\u00e9es ou \u00e0 tout autre m\u00e9canisme de transfert de donn\u00e9es l\u00e9galement autoris\u00e9.<\/p><p>Vous ne Nous demanderez pas d&#8217;effectuer un traitement de donn\u00e9es \u00e0 caract\u00e8re personnel qui viole une loi sur la protection des donn\u00e9es. Nous suspendrons tout traitement et\/ou le Service si nous soup\u00e7onnons raisonnablement que vos instructions peuvent violer la l\u00e9gislation applicable en mati\u00e8re de protection des donn\u00e9es.<\/p><p>Nous vous informerons dans les plus brefs d\u00e9lais si nous avons connaissance d&#8217;une violation de vos donn\u00e9es personnelles. En mettant vos donn\u00e9es personnelles \u00e0 notre disposition, vous confirmez que vous avez respect\u00e9 la loi et que vous traiterez les donn\u00e9es personnelles et g\u00e9rerez vos droits conform\u00e9ment \u00e0 vos obligations l\u00e9gales en tant que responsable du traitement des donn\u00e9es.<\/p><p>Vous reconnaissez que nous avons le droit de traiter les donn\u00e9es relatives au fonctionnement, \u00e0 l&#8217;assistance et\/ou \u00e0 l&#8217;utilisation des services \u00e0 des fins commerciales, telles que la facturation, la gestion des comptes, l&#8217;assistance technique, le d\u00e9veloppement de produits, les ventes et le marketing. Dans la mesure o\u00f9 ces donn\u00e9es sont consid\u00e9r\u00e9es comme des donn\u00e9es personnelles en vertu de la l\u00e9gislation applicable en mati\u00e8re de protection des donn\u00e9es, nous sommes le contr\u00f4leur de ces donn\u00e9es et, par cons\u00e9quent, nous les traitons conform\u00e9ment \u00e0 la l\u00e9gislation en mati\u00e8re de protection des donn\u00e9es.<\/p><h3>GDPR Droits \u00e0 la protection des donn\u00e9es<\/h3><p>Nous souhaitons nous assurer que vous \u00eates pleinement conscient de vos droits en mati\u00e8re de protection des donn\u00e9es. Chaque utilisateur a droit \u00e0 ce qui suit :<\/p><p>Droit d&#8217;acc\u00e8s &#8211; Vous avez le droit de demander des copies de vos donn\u00e9es personnelles. Il se peut que nous vous facturions une somme modique pour ce service.<\/p><p>Droit de rectification &#8211; Vous avez le droit de nous demander de corriger toute information que vous estimez inexacte. Vous avez \u00e9galement le droit de nous demander de compl\u00e9ter les informations que vous estimez incompl\u00e8tes.<\/p><p>Le droit \u00e0 l&#8217;effacement &#8211; Vous avez le droit de nous demander d&#8217;effacer vos donn\u00e9es personnelles, sous certaines conditions.<\/p><p>Le droit de restreindre le traitement &#8211; Vous avez le droit de nous demander de restreindre le traitement de vos donn\u00e9es personnelles, sous certaines conditions.<\/p><p>Le droit de s&#8217;opposer au traitement &#8211; Vous avez le droit de vous opposer \u00e0 ce que nous traitions vos donn\u00e9es personnelles, sous certaines conditions.<\/p><p>Droit \u00e0 la portabilit\u00e9 des donn\u00e9es &#8211; Vous avez le droit de nous demander de transf\u00e9rer les donn\u00e9es que nous avons collect\u00e9es \u00e0 une autre organisation, ou directement \u00e0 vous, sous certaines conditions.<\/p><p>Si vous faites une demande, nous disposons d&#8217;un mois pour vous r\u00e9pondre. Si vous souhaitez exercer l&#8217;un de ces droits, veuillez nous contacter.<\/p><h3>Informations pour les enfants<\/h3><p>Une autre de nos priorit\u00e9s est de renforcer la protection des enfants lorsqu&#8217;ils utilisent l&#8217;internet. Nous encourageons les parents et les tuteurs \u00e0 observer leurs activit\u00e9s en ligne, \u00e0 y participer et\/ou \u00e0 les surveiller et \u00e0 les guider.<\/p><p>Si vous pensez que votre enfant a fourni ce type d&#8217;informations sur notre plateforme, nous vous encourageons vivement \u00e0 nous contacter imm\u00e9diatement et nous ferons tout notre possible pour supprimer rapidement ces informations de nos dossiers.<\/p><h2 class=\"p1\">Cookies d\u2019analyse (Microsoft Clarity) :<b><\/b><\/h2><p class=\"p2\">Nous utilisons Microsoft Clarity, un outil d\u2019analyse du comportement des utilisateurs qui nous aide \u00e0 comprendre comment les visiteurs interagissent avec notre site gr\u00e2ce \u00e0 des fonctionnalit\u00e9s telles que les cartes de chaleur et les enregistrements de sessions. Clarity d\u00e9finit des cookies, notamment _clck, _clsk, CLID, ANONCHK, MR, MUID et SM, afin de distinguer les utilisateurs, suivre les sessions et optimiser l\u2019exp\u00e9rience utilisateur. Tous les cookies sont non essentiels et ne seront activ\u00e9s qu\u2019une fois que vous aurez donn\u00e9 votre consentement explicite. Clarity offre des protections de la vie priv\u00e9e telles que le masquage des donn\u00e9es sensibles, l\u2019anonymisation des adresses IP, l\u2019absence d\u2019empreintes num\u00e9riques et le respect des signaux Do Not Track. Pour plus de d\u00e9tails, consultez la d\u00e9claration de confidentialit\u00e9 de Microsoft.<\/p>\t\t\t\t\t\t\t\t<\/div>\n\t\t\t\t<\/div>\n\t\t\t\t\t<\/div>\n\t\t<\/div>\n\t\t\t\t\t<\/div>\n\t\t<\/section>\n\t\t\t\t<\/div>\n\t\t","protected":false},"excerpt":{"rendered":"<p>Tableo est un service de Get Hitched Inc Ltd. Aux fins des pr\u00e9sentes, Tableo et Get Hitched Inc Ltd sont d\u00e9sign\u00e9s collectivement comme la &#8220;soci\u00e9t\u00e9&#8221; ou &#8220;Tableo&#8221;. Ce document de politique de confidentialit\u00e9 contient les types d&#8217;informations collect\u00e9es et enregistr\u00e9es par Tableo et la mani\u00e8re dont nous les utilisons. Si vous avez des questions suppl\u00e9mentaires [&hellip;]<\/p>\n","protected":false},"author":1,"featured_media":0,"parent":0,"menu_order":0,"comment_status":"closed","ping_status":"closed","template":"elementor_header_footer","meta":{"footnotes":""},"class_list":["post-56280","page","type-page","status-publish","hentry"],"aioseo_notices":[],"_links":{"self":[{"href":"https:\/\/tableo.com\/fr\/wp-json\/wp\/v2\/pages\/56280","targetHints":{"allow":["GET"]}}],"collection":[{"href":"https:\/\/tableo.com\/fr\/wp-json\/wp\/v2\/pages"}],"about":[{"href":"https:\/\/tableo.com\/fr\/wp-json\/wp\/v2\/types\/page"}],"author":[{"embeddable":true,"href":"https:\/\/tableo.com\/fr\/wp-json\/wp\/v2\/users\/1"}],"replies":[{"embeddable":true,"href":"https:\/\/tableo.com\/fr\/wp-json\/wp\/v2\/comments?post=56280"}],"version-history":[{"count":7,"href":"https:\/\/tableo.com\/fr\/wp-json\/wp\/v2\/pages\/56280\/revisions"}],"predecessor-version":[{"id":102982,"href":"https:\/\/tableo.com\/fr\/wp-json\/wp\/v2\/pages\/56280\/revisions\/102982"}],"wp:attachment":[{"href":"https:\/\/tableo.com\/fr\/wp-json\/wp\/v2\/media?parent=56280"}],"curies":[{"name":"wp","href":"https:\/\/api.w.org\/{rel}","templated":true}]}}