{"id":98172,"date":"2025-07-11T08:45:01","date_gmt":"2025-07-11T08:45:01","guid":{"rendered":"https:\/\/tableo.com\/representant-de-la-reussite-des-clients-francophone\/"},"modified":"2025-07-11T09:23:45","modified_gmt":"2025-07-11T09:23:45","slug":"representant-service-clientele-francophone","status":"publish","type":"page","link":"https:\/\/tableo.com\/fr\/representant-service-clientele-francophone\/","title":{"rendered":"Repr\u00e9sentant du service client\u00e8le (francophone)"},"content":{"rendered":"\t\t<div data-elementor-type=\"wp-page\" data-elementor-id=\"98172\" class=\"elementor elementor-98172 elementor-98143\" data-elementor-post-type=\"page\">\n\t\t\t\t\t\t<section class=\"elementor-section elementor-top-section elementor-element elementor-element-b499d01 elementor-section-boxed elementor-section-height-default elementor-section-height-default\" data-id=\"b499d01\" data-element_type=\"section\" data-settings=\"{&quot;background_background&quot;:&quot;classic&quot;}\">\n\t\t\t\t\t\t<div class=\"elementor-container elementor-column-gap-default\">\n\t\t\t\t\t<div class=\"elementor-column elementor-col-66 elementor-top-column elementor-element elementor-element-8154816\" data-id=\"8154816\" data-element_type=\"column\" data-settings=\"{&quot;background_background&quot;:&quot;classic&quot;}\">\n\t\t\t<div class=\"elementor-widget-wrap elementor-element-populated\">\n\t\t\t\t\t\t<div class=\"elementor-element elementor-element-53de88c elementor-widget elementor-widget-monst-title-v1\" data-id=\"53de88c\" data-element_type=\"widget\" data-widget_type=\"monst-title-v1.default\">\n\t\t\t\t<div class=\"elementor-widget-container\">\n\t\t\t\t\t                    <div class=\"section_title type_one\">\r\n                            <h4 class=\"text-brand\"> Juillet 2025 - Nous recrutons !<\/h4>\r\n                                        <div class=\"title_whole\">\r\n                    <h1 class=\"title\"> Repr\u00e9sentant du service client\u00e8le \u00e0 distance (francophone)  <\/h1>\r\n                    \r\n                <\/div>\r\n                                <\/div>\r\n            \r\n\r\n    \t\t\t\t<\/div>\n\t\t\t\t<\/div>\n\t\t\t\t\t<\/div>\n\t\t<\/div>\n\t\t\t\t<div class=\"elementor-column elementor-col-50 elementor-top-column elementor-element elementor-element-2b00bdf\" data-id=\"2b00bdf\" data-element_type=\"column\" data-settings=\"{&quot;background_background&quot;:&quot;classic&quot;}\">\n\t\t\t<div class=\"elementor-widget-wrap elementor-element-populated\">\n\t\t\t\t\t\t<div class=\"elementor-element elementor-element-6930962 elementor-widget elementor-widget-image\" data-id=\"6930962\" data-element_type=\"widget\" data-widget_type=\"image.default\">\n\t\t\t\t<div class=\"elementor-widget-container\">\n\t\t\t\t\t\t\t\t\t\t\t\t\t\t\t<img fetchpriority=\"high\" decoding=\"async\" width=\"1654\" height=\"1298\" src=\"https:\/\/tableo.com\/wp-content\/uploads\/Check-your-mail-for-Tableo-FREE.webp\" class=\"attachment-large size-large wp-image-28423\" alt=\"Check your mail for Tableo FREE\" srcset=\"https:\/\/tableo.com\/wp-content\/uploads\/Check-your-mail-for-Tableo-FREE.webp 1654w, https:\/\/tableo.com\/wp-content\/uploads\/Check-your-mail-for-Tableo-FREE-500x392.webp 500w, https:\/\/tableo.com\/wp-content\/uploads\/Check-your-mail-for-Tableo-FREE-768x603.webp 768w, https:\/\/tableo.com\/wp-content\/uploads\/Check-your-mail-for-Tableo-FREE-1536x1205.webp 1536w\" sizes=\"(max-width: 1654px) 100vw, 1654px\" title=\"Check your mail for Tableo FREE | Tableo\" \/>\t\t\t\t\t\t\t\t\t\t\t\t\t\t\t<\/div>\n\t\t\t\t<\/div>\n\t\t\t\t\t<\/div>\n\t\t<\/div>\n\t\t\t\t\t<\/div>\n\t\t<\/section>\n\t\t\t\t<section class=\"elementor-section elementor-top-section elementor-element elementor-element-1c69629 elementor-section-boxed elementor-section-height-default elementor-section-height-default\" data-id=\"1c69629\" data-element_type=\"section\">\n\t\t\t\t\t\t<div class=\"elementor-container elementor-column-gap-default\">\n\t\t\t\t\t<div class=\"elementor-column elementor-col-100 elementor-top-column elementor-element elementor-element-531a403\" data-id=\"531a403\" data-element_type=\"column\">\n\t\t\t<div class=\"elementor-widget-wrap elementor-element-populated\">\n\t\t\t\t\t\t<div class=\"elementor-element elementor-element-70dc727 elementor-widget elementor-widget-text-editor\" data-id=\"70dc727\" data-element_type=\"widget\" data-widget_type=\"text-editor.default\">\n\t\t\t\t<div class=\"elementor-widget-container\">\n\t\t\t\t\t\t\t\t\t<p>Tableo est une entreprise en pleine expansion qui cherche actuellement \u00e0 recruter des <strong>repr\u00e9sentants du service client\u00e8le<\/strong> pour rejoindre son \u00e9quipe \u00e0 temps plein.<\/p>\t\t\t\t\t\t\t\t<\/div>\n\t\t\t\t<\/div>\n\t\t\t\t<div class=\"elementor-element elementor-element-20f9660 elementor-widget elementor-widget-text-editor\" data-id=\"20f9660\" data-element_type=\"widget\" data-widget_type=\"text-editor.default\">\n\t\t\t\t<div class=\"elementor-widget-container\">\n\t\t\t\t\t\t\t\t\t<h2>R\u00f4le de l&#8217;emploi<\/h2>\t\t\t\t\t\t\t\t<\/div>\n\t\t\t\t<\/div>\n\t\t\t\t<div class=\"elementor-element elementor-element-10e7ba8 elementor-widget elementor-widget-text-editor\" data-id=\"10e7ba8\" data-element_type=\"widget\" data-widget_type=\"text-editor.default\">\n\t\t\t\t<div class=\"elementor-widget-container\">\n\t\t\t\t\t\t\t\t\t<ul>\n \t<li><p>Fournir une assistance \u00e0 notre base de clients par t\u00e9l\u00e9phone, e-mail, Live Chat et en personne si n\u00e9cessaire.<\/li>\n \t<li><p>Veillez \u00e0 ce que le client re\u00e7oive un service de qualit\u00e9<\/li>\n \t<li><p>Guidez nos clients sur la mani\u00e8re d&#8217;effectuer des r\u00e9servations en ligne<\/li>\n \t<li><p>Aidez les clients \u00e0 r\u00e9pondre \u00e0 toutes les questions qu&#8217;ils se posent.<\/li>\n<\/ul>\t\t\t\t\t\t\t\t<\/div>\n\t\t\t\t<\/div>\n\t\t\t\t<div class=\"elementor-element elementor-element-e622d3a elementor-widget elementor-widget-text-editor\" data-id=\"e622d3a\" data-element_type=\"widget\" data-widget_type=\"text-editor.default\">\n\t\t\t\t<div class=\"elementor-widget-container\">\n\t\t\t\t\t\t\t\t\t<h2>Comp\u00e9tences et exigences<\/h2>\t\t\t\t\t\t\t\t<\/div>\n\t\t\t\t<\/div>\n\t\t\t\t<div class=\"elementor-element elementor-element-c987c47 elementor-widget elementor-widget-text-editor\" data-id=\"c987c47\" data-element_type=\"widget\" data-widget_type=\"text-editor.default\">\n\t\t\t\t<div class=\"elementor-widget-container\">\n\t\t\t\t\t\t\t\t\t<ul>\n<li>\n<p>Vous devez avoir d&#8217;excellentes comp\u00e9tences en mati\u00e8re de communication et de service \u00e0 la client\u00e8le.<\/p>\n<\/li>\n<li>\n<p>Personnalit\u00e9 sympathique<\/p>\n<\/li>\n<li>\n<p>Les candidats doivent avoir des connaissances en informatique<\/p>\n<\/li>\n<li>\n<p>Ma\u00eetrise de l&#8217;anglais des affaires<\/p>\n<\/li>\n<li>\n<p>La ma\u00eetrise d&#8217;autres langues telles que l&#8217;italien, l&#8217;allemand, le n\u00e9erlandais ou l&#8217;espagnol sera consid\u00e9r\u00e9e comme un atout.<\/p>\n<\/li>\n<\/ul>\t\t\t\t\t\t\t\t<\/div>\n\t\t\t\t<\/div>\n\t\t\t\t<div class=\"elementor-element elementor-element-bc0583d elementor-widget elementor-widget-text-editor\" data-id=\"bc0583d\" data-element_type=\"widget\" data-widget_type=\"text-editor.default\">\n\t\t\t\t<div class=\"elementor-widget-container\">\n\t\t\t\t\t\t\t\t\t<h2>Les avantages<\/h2>\t\t\t\t\t\t\t\t<\/div>\n\t\t\t\t<\/div>\n\t\t\t\t<div class=\"elementor-element elementor-element-aa37bfc elementor-widget elementor-widget-text-editor\" data-id=\"aa37bfc\" data-element_type=\"widget\" data-widget_type=\"text-editor.default\">\n\t\t\t\t<div class=\"elementor-widget-container\">\n\t\t\t\t\t\t\t\t\t<ul>\n<li>\n<p>Un salaire de base comp\u00e9titif<\/p>\n<\/li>\n<li>\n<p>Travail \u00e0 distance<\/p>\n<\/li>\n<li>\n<p>Flexibilit\u00e9<\/p>\n<\/li>\n<li>\n<p>D\u00e9veloppement continu du leadership pour vous permettre de r\u00e9ussir et d&#8217;\u00e9voluer dans votre fonction.<\/p>\n<\/li>\n<li>\n<p>Une gamme de cours de formation pour l&#8217;apprentissage continu<\/p>\n<\/li>\n<li>\n<p>Acc\u00e8s \u00e0 certains des meilleurs outils et plateformes existants<\/p>\n<\/li>\n<li>\n<p>Une \u00e9quipe diversifi\u00e9e de coll\u00e8gues intelligents, sympathiques et motiv\u00e9s<\/p>\n<\/li>\n<li>\n<p>Des \u00e9v\u00e9nements sociaux r\u00e9guliers pour nouer des relations solides avec les coll\u00e8gues<\/p>\n<\/li>\n<\/ul>\t\t\t\t\t\t\t\t<\/div>\n\t\t\t\t<\/div>\n\t\t\t\t<div class=\"elementor-element elementor-element-3ea89b9 elementor-widget elementor-widget-text-editor\" data-id=\"3ea89b9\" data-element_type=\"widget\" data-widget_type=\"text-editor.default\">\n\t\t\t\t<div class=\"elementor-widget-container\">\n\t\t\t\t\t\t\t\t\t<p><em><strong>* <b data-stringify-type=\"bold\"><i data-stringify-type=\"italic\">Ce poste est bas\u00e9 sur le travail post\u00e9, les jours de travail pouvant aller du lundi au samedi, \u00e0 n&#8217;importe quel moment entre 9 heures et 21 heures (CET).<\/i><\/b><\/strong><\/em><\/p>\t\t\t\t\t\t\t\t<\/div>\n\t\t\t\t<\/div>\n\t\t\t\t<div class=\"elementor-element elementor-element-e752cde elementor-widget elementor-widget-text-editor\" data-id=\"e752cde\" data-element_type=\"widget\" data-widget_type=\"text-editor.default\">\n\t\t\t\t<div class=\"elementor-widget-container\">\n\t\t\t\t\t\t\t\t\t<h2>Pour postuler<\/h2>\t\t\t\t\t\t\t\t<\/div>\n\t\t\t\t<\/div>\n\t\t\t\t<div class=\"elementor-element elementor-element-9b9b85a elementor-widget elementor-widget-text-editor\" data-id=\"9b9b85a\" data-element_type=\"widget\" data-widget_type=\"text-editor.default\">\n\t\t\t\t<div class=\"elementor-widget-container\">\n\t\t\t\t\t\t\t\t\t<p><span style=\"font-weight: 400;\">Cela vous convient ? Si vous pensez avoir ce qu&#8217;il faut, nous voulons vous entendre. Il vous suffit d&#8217;envoyer un CV actualis\u00e9 accompagn\u00e9 d&#8217;une lettre de motivation \u00e0 l&#8217;adresse suivante    <\/span><a href=\"mailto:hello@tableo.com\"><span style=\"font-weight: 400;\">hello@tableo.com<\/span><\/a><span style=\"font-weight: 400;\">. Toutes les candidatures seront trait\u00e9es dans la plus stricte confidentialit\u00e9.<\/span> <\/p>\t\t\t\t\t\t\t\t<\/div>\n\t\t\t\t<\/div>\n\t\t\t\t\t<\/div>\n\t\t<\/div>\n\t\t\t\t\t<\/div>\n\t\t<\/section>\n\t\t\t\t<\/div>\n\t\t","protected":false},"excerpt":{"rendered":"<p>Juillet 2025 &#8211; Nous recrutons ! Repr\u00e9sentant du service client\u00e8le \u00e0 distance (francophone) Tableo est une entreprise en pleine expansion qui cherche actuellement \u00e0 recruter des repr\u00e9sentants du service client\u00e8le pour rejoindre son \u00e9quipe \u00e0 temps plein. R\u00f4le de l&#8217;emploi Fournir une assistance \u00e0 notre base de clients par t\u00e9l\u00e9phone, e-mail, Live Chat et en [&hellip;]<\/p>\n","protected":false},"author":28,"featured_media":50386,"parent":0,"menu_order":0,"comment_status":"closed","ping_status":"closed","template":"template-fullwidth.php","meta":{"footnotes":""},"class_list":["post-98172","page","type-page","status-publish","has-post-thumbnail","hentry"],"aioseo_notices":[],"_links":{"self":[{"href":"https:\/\/tableo.com\/fr\/wp-json\/wp\/v2\/pages\/98172","targetHints":{"allow":["GET"]}}],"collection":[{"href":"https:\/\/tableo.com\/fr\/wp-json\/wp\/v2\/pages"}],"about":[{"href":"https:\/\/tableo.com\/fr\/wp-json\/wp\/v2\/types\/page"}],"author":[{"embeddable":true,"href":"https:\/\/tableo.com\/fr\/wp-json\/wp\/v2\/users\/28"}],"replies":[{"embeddable":true,"href":"https:\/\/tableo.com\/fr\/wp-json\/wp\/v2\/comments?post=98172"}],"version-history":[{"count":8,"href":"https:\/\/tableo.com\/fr\/wp-json\/wp\/v2\/pages\/98172\/revisions"}],"predecessor-version":[{"id":98181,"href":"https:\/\/tableo.com\/fr\/wp-json\/wp\/v2\/pages\/98172\/revisions\/98181"}],"wp:featuredmedia":[{"embeddable":true,"href":"https:\/\/tableo.com\/fr\/wp-json\/wp\/v2\/media\/50386"}],"wp:attachment":[{"href":"https:\/\/tableo.com\/fr\/wp-json\/wp\/v2\/media?parent=98172"}],"curies":[{"name":"wp","href":"https:\/\/api.w.org\/{rel}","templated":true}]}}