{"id":100242,"date":"2024-03-15T08:26:18","date_gmt":"2024-03-15T08:26:18","guid":{"rendered":"https:\/\/tableo.com\/pagina-de-suporte\/"},"modified":"2026-02-16T10:20:02","modified_gmt":"2026-02-16T10:20:02","slug":"suporte","status":"publish","type":"page","link":"https:\/\/tableo.com\/pt-br\/suporte\/","title":{"rendered":"Unparallelled Support"},"content":{"rendered":"\t\t<div data-elementor-type=\"wp-page\" data-elementor-id=\"100242\" class=\"elementor elementor-100242 elementor-39199\" data-elementor-post-type=\"page\">\n\t\t\t\t\t\t<section class=\"elementor-section elementor-top-section elementor-element elementor-element-790a67d6 elementor-section-boxed elementor-section-height-default elementor-section-height-default\" data-id=\"790a67d6\" data-element_type=\"section\" data-settings=\"{&quot;background_background&quot;:&quot;classic&quot;}\">\n\t\t\t\t\t\t<div class=\"elementor-container elementor-column-gap-default\">\n\t\t\t\t\t<div class=\"elementor-column elementor-col-50 elementor-top-column elementor-element elementor-element-478015b3\" data-id=\"478015b3\" data-element_type=\"column\">\n\t\t\t<div class=\"elementor-widget-wrap elementor-element-populated\">\n\t\t\t\t\t\t<div class=\"elementor-element elementor-element-5440e9e6 elementor-widget elementor-widget-text-editor\" data-id=\"5440e9e6\" data-element_type=\"widget\" data-widget_type=\"text-editor.default\">\n\t\t\t\t<div class=\"elementor-widget-container\">\n\t\t\t\t\t\t\t\t\t<h1 style=\"color: white;\">Suporte personalizado em cada etapa do caminho<\/h1>\n<p style=\"font-size: 20px;\">Falamos a l\u00edngua de voc\u00eas. Seja para uma solu\u00e7\u00e3o r\u00e1pida ou para um bate-papo amig\u00e1vel, estamos aqui para voc\u00ea. <\/p>\t\t\t\t\t\t\t\t<\/div>\n\t\t\t\t<\/div>\n\t\t<div class=\"elementor-element elementor-element-3de75614 e-flex e-con-boxed e-con e-parent\" data-id=\"3de75614\" data-element_type=\"container\">\n\t\t\t\t\t<div class=\"e-con-inner\">\n\t\t\t\t<div class=\"elementor-element elementor-element-10f42935 elementor-hidden-tablet elementor-hidden-mobile elementor-widget elementor-widget-image\" data-id=\"10f42935\" data-element_type=\"widget\" data-widget_type=\"image.default\">\n\t\t\t\t<div class=\"elementor-widget-container\">\n\t\t\t\t\t\t\t\t\t\t\t\t\t\t\t<img decoding=\"async\" src=\"https:\/\/tableo.com\/wp-content\/uploads\/elementor\/thumbs\/slashdot-badge-r2r5g06a7z912ywdygx6q2fgvr5umbjq7lw2w4q3a8.png\" title=\"slashdot-badge\" alt=\"slashdot-badge\" loading=\"lazy\" \/>\t\t\t\t\t\t\t\t\t\t\t\t\t\t\t<\/div>\n\t\t\t\t<\/div>\n\t\t\t\t<div class=\"elementor-element elementor-element-289e558a elementor-widget elementor-widget-image\" data-id=\"289e558a\" data-element_type=\"widget\" data-widget_type=\"image.default\">\n\t\t\t\t<div class=\"elementor-widget-container\">\n\t\t\t\t\t\t\t\t\t\t\t\t\t\t\t<img decoding=\"async\" src=\"https:\/\/tableo.com\/wp-content\/uploads\/elementor\/thumbs\/source-forge-badge-r2r5etvjofn4kilttgmz3v3q5eybzxvt1sj8aogt28.png\" title=\"source-forge-badge\" alt=\"source-forge-badge\" loading=\"lazy\" \/>\t\t\t\t\t\t\t\t\t\t\t\t\t\t\t<\/div>\n\t\t\t\t<\/div>\n\t\t\t\t<div class=\"elementor-element elementor-element-5504843 elementor-widget elementor-widget-image\" data-id=\"5504843\" data-element_type=\"widget\" data-widget_type=\"image.default\">\n\t\t\t\t<div class=\"elementor-widget-container\">\n\t\t\t\t\t\t\t\t\t\t\t\t\t\t\t<img decoding=\"async\" src=\"https:\/\/tableo.com\/wp-content\/uploads\/elementor\/thumbs\/capterra-badge-e1741787477353-r2r5htyzr5i0h4fj3u0a5xjlm97w9zxwgig4s103f8.png\" title=\"capterra-badge\" alt=\"capterra-badge\" loading=\"lazy\" \/>\t\t\t\t\t\t\t\t\t\t\t\t\t\t\t<\/div>\n\t\t\t\t<\/div>\n\t\t\t\t<div class=\"elementor-element elementor-element-5af05f44 elementor-widget elementor-widget-image\" data-id=\"5af05f44\" data-element_type=\"widget\" data-widget_type=\"image.default\">\n\t\t\t\t<div class=\"elementor-widget-container\">\n\t\t\t\t\t\t\t\t\t\t\t\t\t\t\t<img decoding=\"async\" src=\"https:\/\/tableo.com\/wp-content\/uploads\/elementor\/thumbs\/software-advice-badge-e1741787524679-r2r5j25eod6j2cv256t7x0pd5xnubduo2qaloc8n16.png\" title=\"software-advice-badge\" alt=\"software-advice-badge\" loading=\"lazy\" \/>\t\t\t\t\t\t\t\t\t\t\t\t\t\t\t<\/div>\n\t\t\t\t<\/div>\n\t\t\t\t\t<\/div>\n\t\t\t\t<\/div>\n\t\t\t\t\t<\/div>\n\t\t<\/div>\n\t\t\t\t<div class=\"elementor-column elementor-col-50 elementor-top-column elementor-element elementor-element-5fd03b02\" data-id=\"5fd03b02\" data-element_type=\"column\">\n\t\t\t<div class=\"elementor-widget-wrap elementor-element-populated\">\n\t\t\t\t\t\t<div class=\"elementor-element elementor-element-801af28 elementor-hidden-mobile elementor-widget elementor-widget-html\" data-id=\"801af28\" data-element_type=\"widget\" data-widget_type=\"html.default\">\n\t\t\t\t<div class=\"elementor-widget-container\">\n\t\t\t\t\t<script src=\"https:\/\/widget.senja.io\/widget\/cb9f9825-841b-4ec9-9a84-76f2b93121ee\/platform.js\" type=\"text\/javascript\" async><\/script>\r\n<div class=\"senja-embed\" data-id=\"cb9f9825-841b-4ec9-9a84-76f2b93121ee\" data-mode=\"shadow\" data-lazyload=\"false\" style=\"display: block; width: 100%;\"><\/div>\t\t\t\t<\/div>\n\t\t\t\t<\/div>\n\t\t\t\t\t<\/div>\n\t\t<\/div>\n\t\t\t\t\t<\/div>\n\t\t<\/section>\n\t\t\t\t<section class=\"elementor-section elementor-top-section elementor-element elementor-element-3baabef elementor-section-boxed elementor-section-height-default elementor-section-height-default\" data-id=\"3baabef\" data-element_type=\"section\">\n\t\t\t\t\t\t<div class=\"elementor-container elementor-column-gap-default\">\n\t\t\t\t\t<div class=\"elementor-column elementor-col-100 elementor-top-column elementor-element elementor-element-e32c79d\" data-id=\"e32c79d\" data-element_type=\"column\">\n\t\t\t<div class=\"elementor-widget-wrap elementor-element-populated\">\n\t\t\t\t\t\t<div class=\"elementor-element elementor-element-97d6f1f elementor-widget elementor-widget-text-editor\" data-id=\"97d6f1f\" data-element_type=\"widget\" data-widget_type=\"text-editor.default\">\n\t\t\t\t<div class=\"elementor-widget-container\">\n\t\t\t\t\t\t\t\t\t<h2>Suporte inigual\u00e1vel em todos os momentos<\/h2>\t\t\t\t\t\t\t\t<\/div>\n\t\t\t\t<\/div>\n\t\t\t\t\t<\/div>\n\t\t<\/div>\n\t\t\t\t\t<\/div>\n\t\t<\/section>\n\t\t\t\t<section class=\"elementor-section elementor-top-section elementor-element elementor-element-4bf2fb1 elementor-section-boxed elementor-section-height-default elementor-section-height-default\" data-id=\"4bf2fb1\" data-element_type=\"section\">\n\t\t\t\t\t\t<div class=\"elementor-container elementor-column-gap-default\">\n\t\t\t\t\t<div class=\"elementor-column elementor-col-50 elementor-top-column elementor-element elementor-element-7b856f4\" data-id=\"7b856f4\" data-element_type=\"column\">\n\t\t\t<div class=\"elementor-widget-wrap elementor-element-populated\">\n\t\t\t\t\t\t<div class=\"elementor-element elementor-element-0613514 elementor-widget elementor-widget-text-editor\" data-id=\"0613514\" data-element_type=\"widget\" data-widget_type=\"text-editor.default\">\n\t\t\t\t<div class=\"elementor-widget-container\">\n\t\t\t\t\t\t\t\t\t<ul>\n<li>\n<p>Prometemos que voc\u00ea nunca ter\u00e1 que esperar em uma fila ou apertar uma s\u00e9rie de bot\u00f5es quando ligar para n\u00f3s.<\/p>\n<\/li>\n<li>\n<p>Seu e-mail tamb\u00e9m n\u00e3o ir\u00e1 para o abismo da caixa de entrada, para nunca mais ser visto ou ouvido.<\/p>\n<\/li>\n<li>\n<p>Estamos empenhados em oferecer o servi\u00e7o excepcional que esperamos para n\u00f3s mesmos, desde a sua consulta inicial at\u00e9 o seu 10\u00ba anivers\u00e1rio e al\u00e9m!<\/p>\n<\/li>\n<li>\n<p>N\u00e3o importa se voc\u00ea opera um restaurante familiar aconchegante ou uma grande <a href=\"https:\/\/tableo.com\/pt-br\/solucoes\/software-para-hotel-restaurante\/\">empresa de v\u00e1rias cadeias<\/a>, estamos aqui para voc\u00ea.<\/p>\n<\/li>\n<\/ul>\t\t\t\t\t\t\t\t<\/div>\n\t\t\t\t<\/div>\n\t\t\t\t\t<\/div>\n\t\t<\/div>\n\t\t\t\t<div class=\"elementor-column elementor-col-50 elementor-top-column elementor-element elementor-element-7730d68\" data-id=\"7730d68\" data-element_type=\"column\">\n\t\t\t<div class=\"elementor-widget-wrap elementor-element-populated\">\n\t\t\t\t\t\t<div class=\"elementor-element elementor-element-daf143e elementor-widget__width-initial elementor-widget elementor-widget-image\" data-id=\"daf143e\" data-element_type=\"widget\" data-widget_type=\"image.default\">\n\t\t\t\t<div class=\"elementor-widget-container\">\n\t\t\t\t\t\t\t\t\t\t\t\t\t\t\t<img fetchpriority=\"high\" decoding=\"async\" width=\"1654\" height=\"1654\" src=\"https:\/\/tableo.com\/wp-content\/uploads\/customer-support.webp\" class=\"attachment-large size-large wp-image-67501\" alt=\"customer support\" srcset=\"https:\/\/tableo.com\/wp-content\/uploads\/customer-support.webp 1654w, https:\/\/tableo.com\/wp-content\/uploads\/customer-support-400x400.webp 400w, https:\/\/tableo.com\/wp-content\/uploads\/customer-support-768x768.webp 768w, https:\/\/tableo.com\/wp-content\/uploads\/customer-support-1536x1536.webp 1536w, https:\/\/tableo.com\/wp-content\/uploads\/customer-support-150x150.webp 150w, https:\/\/tableo.com\/wp-content\/uploads\/customer-support-70x70.webp 70w\" sizes=\"(max-width: 1654px) 100vw, 1654px\" title=\"customersupport | Tableo\" \/>\t\t\t\t\t\t\t\t\t\t\t\t\t\t\t<\/div>\n\t\t\t\t<\/div>\n\t\t\t\t\t<\/div>\n\t\t<\/div>\n\t\t\t\t\t<\/div>\n\t\t<\/section>\n\t\t\t\t<section class=\"elementor-section elementor-top-section elementor-element elementor-element-1761f78 elementor-section-boxed elementor-section-height-default elementor-section-height-default\" data-id=\"1761f78\" data-element_type=\"section\" data-settings=\"{&quot;background_background&quot;:&quot;classic&quot;}\">\n\t\t\t\t\t\t<div class=\"elementor-container elementor-column-gap-default\">\n\t\t\t\t\t<div class=\"elementor-column elementor-col-100 elementor-top-column elementor-element elementor-element-05d7d62\" data-id=\"05d7d62\" data-element_type=\"column\">\n\t\t\t<div class=\"elementor-widget-wrap elementor-element-populated\">\n\t\t\t\t\t\t<div class=\"elementor-element elementor-element-8890f3c elementor-widget elementor-widget-text-editor\" data-id=\"8890f3c\" data-element_type=\"widget\" data-widget_type=\"text-editor.default\">\n\t\t\t\t<div class=\"elementor-widget-container\">\n\t\t\t\t\t\t\t\t\t<h2>Suporte ao cliente<\/h2>\t\t\t\t\t\t\t\t<\/div>\n\t\t\t\t<\/div>\n\t\t\t\t<div class=\"elementor-element elementor-element-d2d2592 elementor-widget elementor-widget-text-editor\" data-id=\"d2d2592\" data-element_type=\"widget\" data-widget_type=\"text-editor.default\">\n\t\t\t\t<div class=\"elementor-widget-container\">\n\t\t\t\t\t\t\t\t\t<p>Voc\u00ea j\u00e1 est\u00e1 usando nossos produtos e precisa de ajuda com um problema? <br> Ou simplesmente quer saber como voc\u00ea pode tirar o m\u00e1ximo proveito de todos os recursos e benef\u00edcios do Tableo? Escolha a op\u00e7\u00e3o DIY ou converse conosco!  <\/span>\t\t\t\t\t\t\t\t<\/div>\n\t\t\t\t<\/div>\n\t\t\t\t\t<\/div>\n\t\t<\/div>\n\t\t\t\t\t<\/div>\n\t\t<\/section>\n\t\t\t\t<section class=\"elementor-section elementor-top-section elementor-element elementor-element-8c4ae23 elementor-section-boxed elementor-section-height-default elementor-section-height-default\" data-id=\"8c4ae23\" data-element_type=\"section\" data-settings=\"{&quot;background_background&quot;:&quot;classic&quot;}\">\n\t\t\t\t\t\t<div class=\"elementor-container elementor-column-gap-default\">\n\t\t\t\t\t<div class=\"elementor-column elementor-col-25 elementor-top-column elementor-element elementor-element-00a5208\" data-id=\"00a5208\" data-element_type=\"column\">\n\t\t\t<div class=\"elementor-widget-wrap elementor-element-populated\">\n\t\t\t\t\t\t<div class=\"elementor-element elementor-element-f34555e elementor-widget elementor-widget-monst-icon-box-v1\" data-id=\"f34555e\" data-element_type=\"widget\" data-widget_type=\"monst-icon-box-v1.default\">\n\t\t\t\t<div class=\"elementor-widget-container\">\n\t\t\t\t\t\r\n\r\n<div class=\"icon_simple_box two wow animate__animated animate__fadeInUp\"\r\n    data-wow-delay=\"0\">\r\n            <div class=\"icon_bx\">\r\n            <i class=\"fa fab fas  icon-question\"><\/i>\r\n        <\/div>\r\n      <div class=\"content_box\">\r\n            <h3 class=\"font-heading\">  \r\n            <a href=\"https:\/\/faq.tableo.com\/support\/solutions\"  > \r\n                Visite nosso centro de recursos            <\/a>\r\n        <\/h3>\r\n                        <p><p> Aqui voc\u00ea encontrar\u00e1 FAQs e tutoriais \u00fateis para aproveitar ao m\u00e1ximo o Tableo\n<p><br>\n<a href=\"https:\/\/faq.tableo.com\/support\/solutions\">Encontre recursos \u00fateis<\/a>\n<p><br><br><br><\/p>\r\n                    <\/div>\r\n<\/div>\r\n\r\n\r\n\r\n\r\n\t\t\t\t<\/div>\n\t\t\t\t<\/div>\n\t\t\t\t\t<\/div>\n\t\t<\/div>\n\t\t\t\t<div class=\"elementor-column elementor-col-25 elementor-top-column elementor-element elementor-element-e6d8b8d\" data-id=\"e6d8b8d\" data-element_type=\"column\">\n\t\t\t<div class=\"elementor-widget-wrap elementor-element-populated\">\n\t\t\t\t\t\t<div class=\"elementor-element elementor-element-767a4cd elementor-widget elementor-widget-monst-icon-box-v1\" data-id=\"767a4cd\" data-element_type=\"widget\" data-widget_type=\"monst-icon-box-v1.default\">\n\t\t\t\t<div class=\"elementor-widget-container\">\n\t\t\t\t\t\r\n\r\n<div class=\"icon_simple_box two wow animate__animated animate__fadeInUp\"\r\n    data-wow-delay=\"0\">\r\n            <div class=\"icon_bx\">\r\n            <i class=\"fa fab fas  icon-support-1\"><\/i>\r\n        <\/div>\r\n      <div class=\"content_box\">\r\n            <h3 class=\"font-heading\">  \r\n            <a href=\"\"  > \r\n                <a class=\"chat-btn\">Converse conosco em qualquer idioma<\/a>            <\/a>\r\n        <\/h3>\r\n                        <p><p> \nNossa equipe de suporte est\u00e1 dispon\u00edvel de 9:00 - 19:30 CET seg. a sex. e 10:30 - 19:00 CET s\u00e1b.\n<p><br>\n<a class=\"chat-btn\">Converse conosco<\/a><\/span>\n<br><br><br>\n<\/p>\r\n                    <\/div>\r\n<\/div>\r\n\r\n\r\n\r\n\r\n\t\t\t\t<\/div>\n\t\t\t\t<\/div>\n\t\t\t\t\t<\/div>\n\t\t<\/div>\n\t\t\t\t<div class=\"elementor-column elementor-col-25 elementor-top-column elementor-element elementor-element-59b2b57\" data-id=\"59b2b57\" data-element_type=\"column\">\n\t\t\t<div class=\"elementor-widget-wrap elementor-element-populated\">\n\t\t\t\t\t\t<div class=\"elementor-element elementor-element-d2a31ed elementor-widget elementor-widget-monst-icon-box-v1\" data-id=\"d2a31ed\" data-element_type=\"widget\" data-widget_type=\"monst-icon-box-v1.default\">\n\t\t\t\t<div class=\"elementor-widget-container\">\n\t\t\t\t\t\r\n\r\n<div class=\"icon_simple_box two wow animate__animated animate__fadeInUp\"\r\n    data-wow-delay=\"0\">\r\n            <div class=\"icon_bx\">\r\n            <i class=\"fa fab fas  icon-think\"><\/i>\r\n        <\/div>\r\n      <div class=\"content_box\">\r\n            <h3 class=\"font-heading\">  \r\n            <a href=\"https:\/\/faq.tableo.com\/support\/tickets\/new\"  > \r\n                Abra um chamado de suporte            <\/a>\r\n        <\/h3>\r\n                        <p><p> Encontrou um erro ou n\u00e3o consegue achar o que procura?  \nResolveremos isso rapidinho.\n<p><br>\n<a href=\"https:\/\/faq.tableo.com\/support\/tickets\/new\">Abra um chamado de suporte<\/a>\n<p><br><\/p>\r\n                    <\/div>\r\n<\/div>\r\n\r\n\r\n\r\n\r\n\t\t\t\t<\/div>\n\t\t\t\t<\/div>\n\t\t\t\t\t<\/div>\n\t\t<\/div>\n\t\t\t\t<div class=\"elementor-column elementor-col-25 elementor-top-column elementor-element elementor-element-e11c24b\" data-id=\"e11c24b\" data-element_type=\"column\">\n\t\t\t<div class=\"elementor-widget-wrap elementor-element-populated\">\n\t\t\t\t\t\t<div class=\"elementor-element elementor-element-96ec02b elementor-widget elementor-widget-monst-icon-box-v1\" data-id=\"96ec02b\" data-element_type=\"widget\" data-widget_type=\"monst-icon-box-v1.default\">\n\t\t\t\t<div class=\"elementor-widget-container\">\n\t\t\t\t\t\r\n\r\n<div class=\"icon_simple_box two wow animate__animated animate__fadeInUp\"\r\n    data-wow-delay=\"0\">\r\n            <div class=\"icon_bx\">\r\n            <i class=\"fa fab fas  icon-phone-call4\"><\/i>\r\n        <\/div>\r\n      <div class=\"content_box\">\r\n            <h3 class=\"font-heading\">  \r\n            <a href=\"\"  > \r\n                Fale com uma pessoa de verdade            <\/a>\r\n        <\/h3>\r\n                        <p><p>Entendemos, algumas coisas s\u00e3o mais f\u00e1ceis de explicar por telefone \u2013 para uma pessoa de verdade.<\/p>\n<br>\n\n  <div class=\"phone-list\">\n    <div>Malta: <a href=\"tel:+35620330096\">+356 2033 0096<\/a><\/div>\n    <div>UK: <a href=\"tel:+448451543698\">+44 845 154 3698<\/a><\/div>\n    <div>USA: <a href=\"tel:+14152313696\">+1 (415) 231 3696<\/a><\/div><\/p>\r\n                    <\/div>\r\n<\/div>\r\n\r\n\r\n\r\n\r\n\t\t\t\t<\/div>\n\t\t\t\t<\/div>\n\t\t\t\t\t<\/div>\n\t\t<\/div>\n\t\t\t\t\t<\/div>\n\t\t<\/section>\n\t\t\t\t<section class=\"elementor-section elementor-top-section elementor-element elementor-element-3f097d7 elementor-section-boxed elementor-section-height-default elementor-section-height-default\" data-id=\"3f097d7\" data-element_type=\"section\" data-settings=\"{&quot;background_background&quot;:&quot;classic&quot;}\">\n\t\t\t\t\t\t<div class=\"elementor-container elementor-column-gap-default\">\n\t\t\t\t\t<div class=\"elementor-column elementor-col-100 elementor-top-column elementor-element elementor-element-04e9d88\" data-id=\"04e9d88\" data-element_type=\"column\">\n\t\t\t<div class=\"elementor-widget-wrap elementor-element-populated\">\n\t\t\t\t\t\t<div class=\"elementor-element elementor-element-60cf291 elementor-widget elementor-widget-text-editor\" data-id=\"60cf291\" data-element_type=\"widget\" data-widget_type=\"text-editor.default\">\n\t\t\t\t<div class=\"elementor-widget-container\">\n\t\t\t\t\t\t\t\t\t<h2>Suporte de vendas<\/h2>\t\t\t\t\t\t\t\t<\/div>\n\t\t\t\t<\/div>\n\t\t\t\t<div class=\"elementor-element elementor-element-84c1988 elementor-widget elementor-widget-text-editor\" data-id=\"84c1988\" data-element_type=\"widget\" data-widget_type=\"text-editor.default\">\n\t\t\t\t<div class=\"elementor-widget-container\">\n\t\t\t\t\t\t\t\t\t<p>Voc\u00ea tem d\u00favidas sobre o produto ou o pre\u00e7o, ou simplesmente quer dizer oi?  <br>  Nossa equipe especializada recebe treinamento regular para garantir que tenhamos todas as respostas \u00e0s suas perguntas!  <br>  N\u00e3o seja t\u00edmido, prometemos que somos muito legais \ud83d\ude42<\/span>\t\t\t\t\t\t\t\t<\/div>\n\t\t\t\t<\/div>\n\t\t\t\t\t<\/div>\n\t\t<\/div>\n\t\t\t\t\t<\/div>\n\t\t<\/section>\n\t\t\t\t<section class=\"elementor-section elementor-top-section elementor-element elementor-element-0c18bc5 elementor-section-boxed elementor-section-height-default elementor-section-height-default\" data-id=\"0c18bc5\" data-element_type=\"section\" data-settings=\"{&quot;background_background&quot;:&quot;classic&quot;}\">\n\t\t\t\t\t\t<div class=\"elementor-container elementor-column-gap-default\">\n\t\t\t\t\t<div class=\"elementor-column elementor-col-50 elementor-top-column elementor-element elementor-element-b7ffc19\" data-id=\"b7ffc19\" data-element_type=\"column\">\n\t\t\t<div class=\"elementor-widget-wrap elementor-element-populated\">\n\t\t\t\t\t\t<div class=\"elementor-element elementor-element-3a876b0 elementor-widget elementor-widget-monst-icon-box-v1\" data-id=\"3a876b0\" data-element_type=\"widget\" data-widget_type=\"monst-icon-box-v1.default\">\n\t\t\t\t<div class=\"elementor-widget-container\">\n\t\t\t\t\t\r\n\r\n<div class=\"icon_simple_box two wow animate__animated animate__fadeInUp\"\r\n    data-wow-delay=\"0\">\r\n            <div class=\"icon_bx\">\r\n            <i class=\"fa fab fas  icon-calendar1\"><\/i>\r\n        <\/div>\r\n      <div class=\"content_box\">\r\n            <h3 class=\"font-heading\">  \r\n            <a href=\"https:\/\/calendar.app.google\/q3eVPz5zEXm53ink8\"  > \r\n                Agendar uma reuni\u00e3o            <\/a>\r\n        <\/h3>\r\n                        <p><p> Avaliando o produto e tem perguntas que precisa esclarecer?\n\nAgende uma reuni\u00e3o com um membro da nossa equipe de vendas \u2013 encontraremos o melhor plano para voc\u00ea.<p><br>\n<a href=\"https:\/\/calendly.com\/meetings-tableo\/demo?utm_source=website&amp;utm_medium=page&amp;utm_campaign=book-demo-meeting\">Agendar uma reuni\u00e3o<\/a><\/p>\r\n                    <\/div>\r\n<\/div>\r\n\r\n\r\n\r\n\r\n\t\t\t\t<\/div>\n\t\t\t\t<\/div>\n\t\t\t\t\t<\/div>\n\t\t<\/div>\n\t\t\t\t<div class=\"elementor-column elementor-col-50 elementor-top-column elementor-element elementor-element-e032b2d\" data-id=\"e032b2d\" data-element_type=\"column\">\n\t\t\t<div class=\"elementor-widget-wrap elementor-element-populated\">\n\t\t\t\t\t\t<div class=\"elementor-element elementor-element-0ad119a elementor-widget elementor-widget-monst-icon-box-v1\" data-id=\"0ad119a\" data-element_type=\"widget\" data-widget_type=\"monst-icon-box-v1.default\">\n\t\t\t\t<div class=\"elementor-widget-container\">\n\t\t\t\t\t\r\n\r\n<div class=\"icon_simple_box two wow animate__animated animate__fadeInUp\"\r\n    data-wow-delay=\"0\">\r\n            <div class=\"icon_bx\">\r\n            <i class=\"fa fab fas  icon-phone-call4\"><\/i>\r\n        <\/div>\r\n      <div class=\"content_box\">\r\n            <h3 class=\"font-heading\">  \r\n            <a href=\"\"  > \r\n                Ligue para n\u00f3s            <\/a>\r\n        <\/h3>\r\n                        <p><p>Para qualquer outra coisa, ou apenas para dizer oi, ligue para:<\/p>\n<br>\n<div style=\"flex-direction: column;gap: 6px;max-width: 600px\">\n  <div>Malta: <a href=\"tel:+35620330096\">+356 2033 0096<\/a><\/div>\n  <div>UK: <a href=\"tel:+448451543698\">+44 845 154 3698<\/a><\/div>\n  <div>USA: <a href=\"tel:+14152313696\">+1 (415) 231 3696<\/a><\/div>\n<\/div><\/p>\r\n                    <\/div>\r\n<\/div>\r\n\r\n\r\n\r\n\r\n\t\t\t\t<\/div>\n\t\t\t\t<\/div>\n\t\t\t\t\t<\/div>\n\t\t<\/div>\n\t\t\t\t\t<\/div>\n\t\t<\/section>\n\t\t\t\t<\/div>\n\t\t","protected":false},"excerpt":{"rendered":"<p>Suporte personalizado em cada etapa do caminho Falamos a l\u00edngua de voc\u00eas. Seja para uma solu\u00e7\u00e3o r\u00e1pida ou para um bate-papo amig\u00e1vel, estamos aqui para voc\u00ea. Suporte inigual\u00e1vel em todos os momentos Prometemos que voc\u00ea nunca ter\u00e1 que esperar em uma fila ou apertar uma s\u00e9rie de bot\u00f5es quando ligar para n\u00f3s. Seu e-mail tamb\u00e9m [&hellip;]<\/p>\n","protected":false},"author":28,"featured_media":0,"parent":0,"menu_order":0,"comment_status":"closed","ping_status":"closed","template":"template-fullwidth.php","meta":{"footnotes":""},"class_list":["post-100242","page","type-page","status-publish","hentry"],"aioseo_notices":[],"_links":{"self":[{"href":"https:\/\/tableo.com\/pt-br\/wp-json\/wp\/v2\/pages\/100242","targetHints":{"allow":["GET"]}}],"collection":[{"href":"https:\/\/tableo.com\/pt-br\/wp-json\/wp\/v2\/pages"}],"about":[{"href":"https:\/\/tableo.com\/pt-br\/wp-json\/wp\/v2\/types\/page"}],"author":[{"embeddable":true,"href":"https:\/\/tableo.com\/pt-br\/wp-json\/wp\/v2\/users\/28"}],"replies":[{"embeddable":true,"href":"https:\/\/tableo.com\/pt-br\/wp-json\/wp\/v2\/comments?post=100242"}],"version-history":[{"count":15,"href":"https:\/\/tableo.com\/pt-br\/wp-json\/wp\/v2\/pages\/100242\/revisions"}],"predecessor-version":[{"id":118332,"href":"https:\/\/tableo.com\/pt-br\/wp-json\/wp\/v2\/pages\/100242\/revisions\/118332"}],"wp:attachment":[{"href":"https:\/\/tableo.com\/pt-br\/wp-json\/wp\/v2\/media?parent=100242"}],"curies":[{"name":"wp","href":"https:\/\/api.w.org\/{rel}","templated":true}]}}